{"id":8221,"date":"2024-04-27T13:47:26","date_gmt":"2024-04-27T13:47:26","guid":{"rendered":"https:\/\/www.theglacstudio.dk\/?page_id=8221"},"modified":"2024-07-16T12:34:43","modified_gmt":"2024-07-16T12:34:43","slug":"summer-camp-2024-soenderborg","status":"publish","type":"page","link":"https:\/\/www.theglacstudio.dk\/en_us\/summer-camp-2024-soenderborg\/","title":{"rendered":"Summer Camp 2024 @ S\u00f8nderborg"},"content":{"rendered":"<div data-elementor-type=\"wp-page\" data-elementor-id=\"8221\" class=\"elementor elementor-8221\">\n\t\t\t\t<div class=\"elementor-element elementor-element-2e45d265 e-flex e-con-boxed e-con e-parent\" data-id=\"2e45d265\" data-element_type=\"container\" data-e-type=\"container\">\n\t\t\t\t\t<div class=\"e-con-inner\">\n\t\t\t\t<div class=\"elementor-element elementor-element-3d67e136 elementor-widget elementor-widget-text-editor\" data-id=\"3d67e136\" data-element_type=\"widget\" data-e-type=\"widget\" data-widget_type=\"text-editor.default\">\n\t\t\t\t<div class=\"elementor-widget-container\">\n\t\t\t\t\t\t\t\t\t<div style=\"display:none\" class=\"fm-form-container fm-theme1\"><div id=\"fm-pages15\" class=\"fm-pages wdform_page_navigation\" show_title=\"\" show_numbers=\"1\" type=\"none\"><\/div><form name=\"form15\" action=\"\/en_us\/wp-json\/wp\/v2\/pages\/8221\" method=\"post\" id=\"form15\" class=\"fm-form form15\" enctype=\"multipart\/form-data\" data-trp-original-action=\"\/en_us\/wp-json\/wp\/v2\/pages\/8221\"><input type=\"hidden\" id=\"fm_page_id15\" value=\"8221\" name=\"fm_page_id15\" \/><input type=\"hidden\" id=\"fm_current_post_type15\" value=\"page\" name=\"fm_current_post_type15\" \/><input type=\"hidden\" id=\"counter15\" value=\"9\" name=\"counter15\" \/><input type=\"hidden\" id=\"Itemid15\" value=\"\" name=\"Itemid15\" \/><input type=\"hidden\" id=\"fm_shake15\" value=\"1\" name=\"fm_shake15\" \/><input type=\"text\" class=\"fm-hide\" id=\"fm_empty_field_validation15\" value=\"\" name=\"fm_empty_field_validation15\" data-value=\"bd736efb144d599cf463541431fbf5c4\" \/><div class=\"fm-header-bg\"><div class=\"fm-header\"><div class=\"fm-header-text\">          <div class=\"fm-header-title\">            Tilmelding til Kunst Sommer Camp \/ Registration for the GLAC Studio Summer Camp 2024          <\/div>          <div class=\"fm-header-description\">                      <\/div>        <\/div><\/div><\/div><div class=\"wdform-page-and-images fm-form-builder\"><div id=\"15form_view1\" class=\"wdform_page\" page_title=\"Untitled page\" next_title=\"Next\" next_type=\"text\" next_class=\"wdform-page-button\" next_checkable=\"true\" previous_title=\"Previous\" previous_type=\"text\" previous_class=\"wdform-page-button\" previous_checkable=\"false\"><div class=\"wdform_section fm-row-deleting\"><div class=\"wdform_column\"><div wdid=\"2\" class=\"wdform_row\"><div type=\"type_name\" class=\"wdform-field wd-width-100 wd-flex wd-flex-column fm-type_name\" ><div class=\"wdform-label-section wd-width-100  wd-flex-row\">    <label  for=\"wdform_2_element_first15\" class=\"wdform-label\">Barnets navn \/ Student&#8217;s Name<\/label><span class=\"wdform-required\">*<\/span><\/div><div class=\"wdform-element-section wd-flex  wd-flex-row wd-width-100\" ><div class=\"wd-flex wd-flex-column wd-width-50\"><input type=\"text\" class=\"wd-width-100\" id=\"wdform_2_element_first15\" name=\"wdform_2_element_first15\" data-value=\"\" value=\"\" title=\"\" placeholder=\"\"  \/><label class=\"mini_label\" for=\"wdform_2_element_first15\">Fornavn\/First Name<\/label><\/div><div class=\"wd-flex wd-flex-column wd-name-separator\"><\/div><div class=\"wd-flex wd-flex-column wd-width-50\"><input type=\"text\" class=\"wd-width-100\" id=\"wdform_2_element_last15\" name=\"wdform_2_element_last15\" data-value=\"\" value=\"\" title=\"\" placeholder=\"\"  \/><label class=\"mini_label\" for=\"wdform_2_element_last15\">Efternavn\/Last Name<\/label><\/div><\/div><\/div><\/div><\/div><div class=\"wdform_column\"><div wdid=\"3\" class=\"wdform_row\"><div type=\"type_date_fields\" class=\"wdform-field wd-width-100 wd-flex wd-flex-column fm-type_date_fields\" ><div class=\"wdform-label-section wd-width-100 wdform_date_fields wd-flex-row\">    <label  for=\"wdform_3_day15\" class=\"wdform-label\">F\u00f8dselsdato \/ Date of Birth<\/label><span class=\"wdform-required\">*<\/span><\/div><div class=\"wdform-element-section wd-flex wdform_date_fields wd-flex-row wd-width-100\" ><div class=\"wd-flex wd-flex-row wd-width-100 wd-align-items\"><div class=\"wd-flex wd-flex-column\"><select id=\"wdform_3_day15\" name=\"wdform_3_day15\" class=\"wdform_select_day\" style=\"width: 60px;\" ><option value=\"\"><\/option><option value=\"01\" >01<\/option><option value=\"02\" >02<\/option><option value=\"03\" >03<\/option><option value=\"04\" >04<\/option><option value=\"05\" >05<\/option><option value=\"06\" >06<\/option><option value=\"07\" >07<\/option><option value=\"08\" >08<\/option><option value=\"09\" >09<\/option><option value=\"10\" >10<\/option><option value=\"11\" >11<\/option><option value=\"12\" >12<\/option><option value=\"13\" >13<\/option><option value=\"14\" >14<\/option><option value=\"15\" >15<\/option><option value=\"16\" >16<\/option><option value=\"17\" >17<\/option><option value=\"18\" >18<\/option><option value=\"19\" >19<\/option><option value=\"20\" >20<\/option><option value=\"21\" >21<\/option><option value=\"22\" >22<\/option><option value=\"23\" >23<\/option><option value=\"24\" >24<\/option><option value=\"25\" >25<\/option><option value=\"26\" >26<\/option><option value=\"27\" >27<\/option><option value=\"28\" >28<\/option><option value=\"29\" >29<\/option><option value=\"30\" >30<\/option><option value=\"31\" >31<\/option><\/select><label for=\"wdform_3_day15\" class=\"mini_label\">Dag \/ Day<\/label><\/div><span class=\"wdform_separator\">&nbsp;\/&nbsp;<\/span><div class=\"wd-flex wd-flex-column\"><select id=\"wdform_3_month15\" name=\"wdform_3_month15\" class=\"wdform_select_month\" style=\"width: 100px;\" ><option value=\"\"><\/option><option value=\"01\"   >January<\/option><option value=\"02\" >February<\/option><option value=\"03\" >March<\/option><option value=\"04\"  >April<\/option><option value=\"05\"  >May<\/option><option value=\"06\"  >June<\/option><option value=\"07\"  >July<\/option><option value=\"08\"  >August<\/option><option value=\"09\"  >September<\/option><option value=\"10\"  >October<\/option><option value=\"11\" >November<\/option><option value=\"12\"  >December<\/option><\/select><label for=\"wdform_3_month15\" class=\"mini_label\">M\u00e5ned \/ Month<\/label><\/div><span class=\"wdform_separator\">&nbsp;\/&nbsp;<\/span><div class=\"wd-flex wd-flex-column\"><select id=\"wdform_3_year15\" name=\"wdform_3_year15\"  from=\"2010\" to=\"2017\" class=\"wdform_select_year\" style=\"width: 80px;\" ><option value=\"\"><\/option><option value=\"2017\" >2017<\/option><option value=\"2016\" >2016<\/option><option value=\"2015\" >2015<\/option><option value=\"2014\" >2014<\/option><option value=\"2013\" >2013<\/option><option value=\"2012\" >2012<\/option><option value=\"2011\" >2011<\/option><option value=\"2010\" >2010<\/option><\/select><label for=\"wdform_3_year15\" class=\"mini_label\">\u00c5r \/ Year<\/label><\/div><\/div><\/div><\/div><\/div><\/div><div class=\"wdform_column\"><div wdid=\"4\" class=\"wdform_row\"><div type=\"type_submitter_mail\" class=\"wdform-field wd-width-100 wd-flex wd-flex-column fm-type_submitter_mail\" ><div class=\"wdform-label-section wd-width-100  wd-flex-row\">    <label  for=\"wdform_4_element15\" class=\"wdform-label\">Email<\/label><span class=\"wdform-required\">*<\/span><\/div><div class=\"wdform-element-section wd-flex  wd-flex-row wd-width-100\" ><input type=\"text\" class=\"wd-width-100\" id=\"wdform_4_element15\" name=\"wdform_4_element15\" data-value=\"\" value=\"\" title=\"\" placeholder=\"\"   onchange=\"wd_check_email('4', '15', 'This is not a valid email address.')\" \/><\/div><\/div><\/div><\/div><div class=\"wdform_column\"><div wdid=\"5\" class=\"wdform_row\"><div type=\"type_name\" class=\"wdform-field wd-width-100 wd-flex wd-flex-column fm-type_name\" ><div class=\"wdform-label-section wd-width-100  wd-flex-row\">    <label  for=\"wdform_5_element_first15\" class=\"wdform-label\">Kontakt person \/Contact Person Name (if student is less than 16 years of age)<\/label><span class=\"wdform-required\">*<\/span><\/div><div class=\"wdform-element-section wd-flex  wd-flex-row wd-width-100\" ><div class=\"wd-flex wd-flex-column wd-width-50\"><input type=\"text\" class=\"wd-width-100\" id=\"wdform_5_element_first15\" name=\"wdform_5_element_first15\" data-value=\"\" value=\"\" title=\"\" placeholder=\"\"  \/><label class=\"mini_label\" for=\"wdform_5_element_first15\">Fornavn\/First Name<\/label><\/div><div class=\"wd-flex wd-flex-column wd-name-separator\"><\/div><div class=\"wd-flex wd-flex-column wd-width-50\"><input type=\"text\" class=\"wd-width-100\" id=\"wdform_5_element_last15\" name=\"wdform_5_element_last15\" data-value=\"\" value=\"\" title=\"\" placeholder=\"\"  \/><label class=\"mini_label\" for=\"wdform_5_element_last15\">Efternavn\/Last Name<\/label><\/div><\/div><\/div><\/div><\/div><div class=\"wdform_column\"><div wdid=\"6\" class=\"wdform_row\"><div type=\"type_phone_new\" class=\"wdform-field wd-width-100 wd-flex wd-flex-column fm-type_phone_new\" ><div class=\"wdform-label-section wd-width-100\">    <label  for=\"wdform_6_element15\" class=\"wdform-label\">Mobil Nummer (Whatsapp)<\/label><span class=\"wdform-required\">*<\/span><\/div><div class=\"wdform-element-section wd-flex  wd-width-100\" ><input type=\"text\"                       class=\"wd-width-100\"                       id=\"wdform_6_element15\"                       name=\"wdform_6_element15\"                       value=\"\"                       data-value=\"\"                       placeholder=\"\"  \/><\/div><\/div><\/div><\/div><div class=\"wdform_column\"><div wdid=\"7\" class=\"wdform_row\"><div type=\"type_checkbox\" class=\"wdform-field wd-width-100 wd-flex wd-flex-column fm-type_checkbox\" ><div class=\"wdform-label-section wd-width-100  wd-flex-wrap wd-flex-row\">    <label  class=\"wdform-label\">Valg af Uge \/ Timing Options<\/label><span class=\"wdform-required\">*<\/span><\/div><div class=\"wdform-element-section wd-flex  wd-flex-wrap wd-flex-row wd-width-100\" ><div class=\"wd-flex wd-flex-row\"><input type=\"hidden\" name=\"wdform_7_element15\" value=\"\" \/><div class=\"checkbox-div wd-choice wd-flex wd-flex-row\"><input type=\"checkbox\"  id=\"wdform_7_element150\" name=\"wdform_7_element150\" value=\"Uge 32 \/ Week 32 (09:00-12:00)\"    \/><label class=\"wd-align-items-center wd-flex wd-flex-row\" for=\"wdform_7_element150\"><span><\/span>Uge 32 \/ Week 32 (09:00-12:00)<\/label><\/div><\/div><\/div><\/div><\/div><\/div><div class=\"wdform_column\"><div wdid=\"8\" class=\"wdform_row\"><div type=\"type_radio\" class=\"wdform-field wd-width-100 wd-flex wd-flex-column fm-type_radio\" ><div class=\"wdform-label-section wd-width-100  wd-flex-wrap wd-flex-row\">    <label  class=\"wdform-label\">Tilladelse til at bruge billeder og videoer af barnet p\u00e5 vores hjemmeside og sociale medier \/ Permission to publish photos and videos of the student on website and social media<\/label><span class=\"wdform-required\">*<\/span><\/div><div class=\"wdform-element-section wd-flex  wd-flex-wrap wd-flex-row wd-width-100\" ><div class=\"wd-flex wd-flex-row\"><input type=\"hidden\" name=\"wdform_8_element15\" value=\"\" \/><div class=\"radio-div wd-choice wd-flex wd-flex-row\"><input type=\"radio\"  id=\"wdform_8_element150\" name=\"wdform_8_element15\" value=\"Yes\" onclick=\"set_default(&quot;wdform_8&quot;,&quot;0&quot;,&quot;15&quot;); \" checked=\"checked\"  \/><label class=\"wd-align-items-center wd-flex wd-flex-row\" for=\"wdform_8_element150\"><span><\/span>Yes<\/label><\/div><div class=\"radio-div wd-choice wd-flex wd-flex-row\"><input type=\"radio\"  id=\"wdform_8_element151\" name=\"wdform_8_element15\" value=\"No\" onclick=\"set_default(&quot;wdform_8&quot;,&quot;1&quot;,&quot;15&quot;); \"   \/><label class=\"wd-align-items-center wd-flex wd-flex-row\" for=\"wdform_8_element151\"><span><\/span>No<\/label><\/div><\/div><\/div><\/div><\/div><\/div><div class=\"wdform_column\"><div wdid=\"1\" class=\"wdform_row\" style=\"position: relative; left: 0px; top: 0px;\"><div type=\"type_submit_reset\" class=\"wdform-field wd-width-100 wd-flex wd-flex-column fm-type_submit_reset\" ><div class=\"wdform-element-section wd-flex  wd-flex-row wd-justify-content-left wd-width-100\" ><button  type=\"button\" class=\"button-submit\" onclick=\"fm_submit_form('15');\"  data-ajax=\"0\"><span class=\"fm-submit-loading spinner fm-ico-spinner\"><\/span>Tilmeld<\/button><button  type=\"button\" class=\"button-reset wd-hidden\" onclick=\"fm_reset_form(15);\" >Reset<\/button><\/div><\/div><\/div><\/div><\/div><div valign=\"top\" class=\"wdform_footer wd-width-100\"><div class=\"wd-width-100\"><div class=\"wd-width-100 wd-table\" style=\"padding-top:10px;\"><div class=\"wd-table-group\"><div id=\"15page_nav1\" class=\"wd-table-row\"><\/div><\/div><\/div><\/div><\/div><\/div><\/div><div class=\"wdform_preload\"><\/div><input type=\"hidden\" name=\"fm-current-page\" value=\"https:\/\/www.theglacstudio.dk\/en_us\/wp-json\/wp\/v2\/pages\/8221\" \/><input type=\"hidden\" name=\"trp-form-language\" value=\"en_us\"\/><\/form><\/div>\t\t\t\t\t\t\t\t<\/div>\n\t\t\t\t<\/div>\n\t\t\t\t\t<\/div>\n\t\t\t\t<\/div>\n\t\t<div class=\"elementor-element elementor-element-0c23069 e-flex e-con-boxed e-con e-parent\" data-id=\"0c23069\" data-element_type=\"container\" data-e-type=\"container\">\n\t\t\t\t\t<div class=\"e-con-inner\">\n\t\t\t\t<div class=\"elementor-element elementor-element-3979a6b elementor-widget elementor-widget-heading\" data-id=\"3979a6b\" data-element_type=\"widget\" data-e-type=\"widget\" data-widget_type=\"heading.default\">\n\t\t\t\t<div class=\"elementor-widget-container\">\n\t\t\t\t\t<h2 class=\"elementor-heading-title elementor-size-default\">5-dage kunst workshop til borne og unge <br>\n5-day art workshop for kids<\/h2>\t\t\t\t<\/div>\n\t\t\t\t<\/div>\n\t\t\t\t\t<\/div>\n\t\t\t\t<\/div>\n\t\t<div class=\"elementor-element elementor-element-c1bc5af e-flex e-con-boxed e-con e-parent\" data-id=\"c1bc5af\" data-element_type=\"container\" data-e-type=\"container\">\n\t\t\t\t\t<div class=\"e-con-inner\">\n\t\t\t\t<div class=\"elementor-element elementor-element-4ab8747 elementor-widget elementor-widget-text-editor\" data-id=\"4ab8747\" data-element_type=\"widget\" data-e-type=\"widget\" data-widget_type=\"text-editor.default\">\n\t\t\t\t<div class=\"elementor-widget-container\">\n\t\t\t\t\t\t\t\t\t<p><strong>Alder\/Age<\/strong>: 5 &#8211; 12<\/p>\n<p><strong>Tidspunkt\/Timings<\/strong>: 9:00 a.m.-12:00 p.m.<\/p>\n<p><strong>Underviser\/Trainer<\/strong>: Gomathi Siva Sankaran&nbsp;<\/p>\n<p><strong>KONTAKT<\/strong>:<strong> +45 29 37 92 75<\/strong><\/p>\n<p><strong>Sted\/Venue<\/strong>: S\u00f8nderborg International School, Agervang 14, 6400 S\u00f8nderborg<\/p>\n<p><strong>GEBYRER\/FEES<\/strong>: DKK 925\/week\/student<\/p>\n<p>(Prisen inkluderer kunstmateriales\u00e6t, som vil blive udleveret til b\u00f8rnene p\u00e5 den f\u00f8rste dag \/fees includes art material kit which will be provided to the kids on the first day)<\/p>\n<p>Din tilmelding vil blive bekr\u00e6ftet, n\u00e5r vi modtager betalingen via konto overf\u00f8rsel eller Mobile Pay \/Your registration will be confirmed once we receive the payment via direct debit or Mobile Pay.<\/p>\n<p><strong>Our bank details The Guiding Light Art Company<\/strong>:<\/p>\n<p>Bank: Danske Bank<\/p>\n<p>Account number: 3409 12844174<\/p>\n<p>IBAN: DABADKKK<\/p>\n<p>BIC (SWIFT-address): DABADKKK<\/p>\n<p><strong>The Guiding Light Art Company Mobile Pay<\/strong>: 296391<\/p>\n<h3><strong>KURSUSSTRUKTUR P\u00c5 DANSK:<\/strong><\/h3>\n<p>Eleverne vil:<\/p>\n<ul style=\"font-size: 15px; font-style: normal; font-weight: 400;\">\n<li style=\"box-sizing: border-box; font-size: 15px;\">Blive introduceret til b\u00e5de blyantskitser og oliemalerier<\/li>\n<li style=\"box-sizing: border-box; font-size: 15px;\">L\u00e6re at sammens\u00e6tte farver ved brug af blyanter p\u00e5 farvel\u00e6gningsark<\/li>\n<li style=\"box-sizing: border-box; font-size: 15px;\">L\u00e6re at tegne og male p\u00e5 kunstpapir<\/li>\n<li style=\"box-sizing: border-box; font-size: 15px;\">L\u00e6re at tegne og male sine h\u00e6nder, fugle og andre dyr<\/li>\n<li style=\"box-sizing: border-box; font-size: 15px;\">L\u00e6re at identificere fejl samt rettelse og f\u00e6rdigg\u00f8relse af deres malerier<\/li>\n<li style=\"box-sizing: border-box; font-size: 15px;\">F\u00e5 lov til at v\u00e6lge deres egne billeder som males p\u00e5 l\u00e6rredet&nbsp; &nbsp; &nbsp; &nbsp; &nbsp; &nbsp; &nbsp; &nbsp; &nbsp; &nbsp; &nbsp; &nbsp; &nbsp; &nbsp; &nbsp; &nbsp; &nbsp;<\/li>\n<\/ul>\n<p>Ved afslutningen af den 5-dages workshop vil eleverne have gennemf\u00f8rt:<\/p>\n<ul>\n<li>3 farvel\u00e6gningsark<\/li>\n<li>5 kunstpapirer \u2013 tegning og maling (h\u00e6nder, dyr, fugle)<\/li>\n<li>2 20&#215;20 cm oliemalerier p\u00e5 l\u00e6rred<\/li>\n<\/ul>\n<p>Her er listen af materialer der kan findes i Summer Camp Kit:<\/p>\n<ul>\n<li>OLIEFARVES\u00c6T 12 X 12 ML &#8211; 1<\/li>\n<li>PHOENIX &#8211; PENSELS\u00c6T TIL AKRYL- OG OLIEMALING &#8211; 1<\/li>\n<li>Faber-Castell Tegnes\u00e6t Grafit &#8211; 1<\/li>\n<li>Malerpalet &#8211; 1<\/li>\n<li>Canson C \u00e0 grain 180g A3+ &#8211; 5 ark<\/li>\n<li>Farveblyanter Noris &#8211; 12 blyanter \u2013 1<\/li>\n<li>GLAC Studio stoftaske 38&#215;42 cm \u2013 1<\/li>\n<li>20&#215;20 cm indrammet l\u00e6rred \u2013 2<\/li>\n<\/ul>\n<p>Udover ovenst\u00e5ende materialer vil eleverne f\u00e5 udleveret f\u00f8lgende:<\/p>\n<ul>\n<li>Koldpresset r\u00e5 linolie til blanding af oliefarver<\/li>\n<li>Vaskemiddel og glas til reng\u00f8ring af b\u00f8rster og palet<\/li>\n<li>H\u00e5ndvaskemidler<\/li>\n<\/ul>\n<p>Instruktion til for\u00e6ldre:<\/p>\n<ul>\n<li>Der vil v\u00e6re 15 minutters pause, hvor eleverne f\u00e5r tilbudt frugt. For\u00e6ldre kan ogs\u00e5 give mad, hvis det \u00f8nskes<\/li>\n<li>SIS Art Room har forkl\u00e6der, som b\u00f8rnene kan have p\u00e5, mens de maler. Eleverne m\u00e5 selv medbringe, hvis de gerne vil<\/li>\n<li>S\u00f8rg for, at b\u00f8rnene er if\u00f8rt behageligt, helst gammelt t\u00f8j. Selvom der vil v\u00e6re forkl\u00e6der, er der risiko for, at b\u00f8rnene ved et uheld odel\u00e6gger deres t\u00f8j med oliemaling, hvilket kan v\u00e6re en udfordring at vaske rent senere<\/li>\n<\/ul>\n<p><strong>&nbsp;<\/strong><\/p>\n<h3><strong>COURSE STRUCTURE IN ENGLISH<\/strong>:<\/h3>\n<p>Students will:<\/p>\n<ul>\n<li>Be introduced to both pencil sketching and oil painting<\/li>\n<li>Learn to color appropriately using pencils on coloring worksheets<\/li>\n<li>Learn to draw on art paper and then paint on the same<\/li>\n<li>Learn to draw and paint joining hands, animals and birds<\/li>\n<li>Learn to use canvas to paint, identify mistakes and correct, finalize their paintings<\/li>\n<li>Get to choose their own subjects to paint on the canvas<\/li>\n<\/ul>\n<p>By the end of the 5-day workshop students would have completed:<\/p>\n<ul>\n<li>3 coloring worksheets<\/li>\n<li>5 art papers \u2013 drawing and painting (joining hands, animals, birds)<\/li>\n<li>2 20&#215;20 cm canvas oil paintings<\/li>\n<\/ul>\n<p>Here\u2019s the list of materials in the Summer Camp Kit:<\/p>\n<ul>\n<li>OLIEFARVES\u00c6T 12 X 12 ML &#8211; 1<\/li>\n<li>PHOENIX &#8211; PENSELS\u00c6T TIL AKRYL- OG OLIEMALING &#8211; 1<\/li>\n<li>Faber-Castell Drawing Set Graphite &#8211; 1<\/li>\n<li>Malerpalet &#8211; 1<\/li>\n<li>Canson C \u00e0 grain 180g A3+ &#8211; 5 sheets<\/li>\n<li>Farveblyanter Noris &#8211; 12 blyanter \u2013 1<\/li>\n<li>The GLAC Studio Cloth bag 38&#215;42 cms \u2013 1<\/li>\n<li>20&#215;20 cm framed canvas \u2013 2<\/li>\n<\/ul>\n<p>Aside from the above materials students will be provided the following items:<\/p>\n<ul>\n<li>Cold-pressed raw Linseed oil for mixing oil colors<\/li>\n<li>Washing liquid and jars for cleaning the brushes and palette<\/li>\n<li>Hand wash<\/li>\n<\/ul>\n<p>Instructions to parents:<\/p>\n<ul>\n<li>There will be a 15 min break and students will be provided fruits. However, parents may choose to send lunch\/snack boxes, if required<\/li>\n<li>The SIS Art Room provides aprons for the children to wear while painting. Students may bring their own if they want<\/li>\n<li>Please ensure that the children are wearing comfortable, preferably old clothing. Even though aprons will be provided, there are chances that the children accidentally strain their clothing with oil paint, which may be a challenge to wash later<\/li>\n<\/ul>\t\t\t\t\t\t\t\t<\/div>\n\t\t\t\t<\/div>\n\t\t\t\t\t<\/div>\n\t\t\t\t<\/div>\n\t\t\t\t<\/div>","protected":false},"excerpt":{"rendered":"<p>5-dage kunst workshop til borne og unge 5-day art workshop for kids Alder\/Age: 5 &#8211; 12 Tidspunkt\/Timings: 9:00 a.m.-12:00 p.m. [&hellip;]<\/p>\n","protected":false},"author":20,"featured_media":0,"parent":0,"menu_order":0,"comment_status":"closed","ping_status":"closed","template":"","meta":{"_coblocks_attr":"","_coblocks_dimensions":"","_coblocks_responsive_height":"","_coblocks_accordion_ie_support":"","site-sidebar-layout":"default","site-content-layout":"","ast-site-content-layout":"default","site-content-style":"default","site-sidebar-style":"default","ast-global-header-display":"","ast-banner-title-visibility":"","ast-main-header-display":"","ast-hfb-above-header-display":"","ast-hfb-below-header-display":"","ast-hfb-mobile-header-display":"","site-post-title":"","ast-breadcrumbs-content":"","ast-featured-img":"","footer-sml-layout":"","ast-disable-related-posts":"","theme-transparent-header-meta":"default","adv-header-id-meta":"","stick-header-meta":"","header-above-stick-meta":"","header-main-stick-meta":"","header-below-stick-meta":"","astra-migrate-meta-layouts":"set","ast-page-background-enabled":"default","ast-page-background-meta":{"desktop":{"background-color":"","background-image":"","background-repeat":"repeat","background-position":"center center","background-size":"auto","background-attachment":"scroll","background-type":"","background-media":"","overlay-type":"","overlay-color":"","overlay-opacity":"","overlay-gradient":""},"tablet":{"background-color":"","background-image":"","background-repeat":"repeat","background-position":"center center","background-size":"auto","background-attachment":"scroll","background-type":"","background-media":"","overlay-type":"","overlay-color":"","overlay-opacity":"","overlay-gradient":""},"mobile":{"background-color":"","background-image":"","background-repeat":"repeat","background-position":"center center","background-size":"auto","background-attachment":"scroll","background-type":"","background-media":"","overlay-type":"","overlay-color":"","overlay-opacity":"","overlay-gradient":""}},"ast-content-background-meta":{"desktop":{"background-color":"var(--ast-global-color-5)","background-image":"","background-repeat":"repeat","background-position":"center center","background-size":"auto","background-attachment":"scroll","background-type":"","background-media":"","overlay-type":"","overlay-color":"","overlay-opacity":"","overlay-gradient":""},"tablet":{"background-color":"var(--ast-global-color-5)","background-image":"","background-repeat":"repeat","background-position":"center center","background-size":"auto","background-attachment":"scroll","background-type":"","background-media":"","overlay-type":"","overlay-color":"","overlay-opacity":"","overlay-gradient":""},"mobile":{"background-color":"var(--ast-global-color-5)","background-image":"","background-repeat":"repeat","background-position":"center center","background-size":"auto","background-attachment":"scroll","background-type":"","background-media":"","overlay-type":"","overlay-color":"","overlay-opacity":"","overlay-gradient":""}},"footnotes":""},"class_list":["post-8221","page","type-page","status-publish","hentry"],"_links":{"self":[{"href":"https:\/\/www.theglacstudio.dk\/en_us\/wp-json\/wp\/v2\/pages\/8221","targetHints":{"allow":["GET"]}}],"collection":[{"href":"https:\/\/www.theglacstudio.dk\/en_us\/wp-json\/wp\/v2\/pages"}],"about":[{"href":"https:\/\/www.theglacstudio.dk\/en_us\/wp-json\/wp\/v2\/types\/page"}],"author":[{"embeddable":true,"href":"https:\/\/www.theglacstudio.dk\/en_us\/wp-json\/wp\/v2\/users\/20"}],"replies":[{"embeddable":true,"href":"https:\/\/www.theglacstudio.dk\/en_us\/wp-json\/wp\/v2\/comments?post=8221"}],"version-history":[{"count":33,"href":"https:\/\/www.theglacstudio.dk\/en_us\/wp-json\/wp\/v2\/pages\/8221\/revisions"}],"predecessor-version":[{"id":9102,"href":"https:\/\/www.theglacstudio.dk\/en_us\/wp-json\/wp\/v2\/pages\/8221\/revisions\/9102"}],"wp:attachment":[{"href":"https:\/\/www.theglacstudio.dk\/en_us\/wp-json\/wp\/v2\/media?parent=8221"}],"curies":[{"name":"wp","href":"https:\/\/api.w.org\/{rel}","templated":true}]}}