{"id":8883,"date":"2025-11-21T09:01:30","date_gmt":"2025-11-21T09:01:30","guid":{"rendered":"https:\/\/www.theglacstudio.dk\/?page_id=8883"},"modified":"2026-01-18T20:32:30","modified_gmt":"2026-01-18T20:32:30","slug":"ilc010-min-stemme","status":"publish","type":"page","link":"https:\/\/www.theglacstudio.dk\/en_us\/home\/innovative-laerings-center-projekt\/ilc-projekt-workshops\/ilc010-min-stemme\/","title":{"rendered":"ILC010 Min Stemme T\u00e6ller"},"content":{"rendered":"<div data-elementor-type=\"wp-page\" data-elementor-id=\"8883\" class=\"elementor elementor-8883\">\n\t\t\t\t<div class=\"elementor-element elementor-element-a28efe8 e-flex e-con-boxed e-con e-parent\" data-id=\"a28efe8\" data-element_type=\"container\" data-e-type=\"container\">\n\t\t\t\t\t<div class=\"e-con-inner\">\n\t\t\t\t<div class=\"elementor-element elementor-element-7faf6b0 elementor-widget elementor-widget-heading\" data-id=\"7faf6b0\" data-element_type=\"widget\" data-e-type=\"widget\" data-widget_type=\"heading.default\">\n\t\t\t\t<div class=\"elementor-widget-container\">\n\t\t\t\t\t<h2 class=\"elementor-heading-title elementor-size-default\">My Voice Counts<\/h2>\t\t\t\t<\/div>\n\t\t\t\t<\/div>\n\t\t\t\t<div class=\"elementor-element elementor-element-0cfd69a elementor-widget elementor-widget-text-editor\" data-id=\"0cfd69a\" data-element_type=\"widget\" data-e-type=\"widget\" data-widget_type=\"text-editor.default\">\n\t\t\t\t<div class=\"elementor-widget-container\">\n\t\t\t\t\t\t\t\t\t<p>Workshop on safety, boundaries and children's rights<\/p><p class=\"mt-2 text-sm\">Focus area: Child abuse\u0964\u00a0Age: 4\u201314 \u0964\u00a0SDG 16.2 \u2013 Stop abuse<\/p>\t\t\t\t\t\t\t\t<\/div>\n\t\t\t\t<\/div>\n\t\t\t\t<div class=\"elementor-element elementor-element-bf07939 elementor-widget elementor-widget-heading\" data-id=\"bf07939\" data-element_type=\"widget\" data-e-type=\"widget\" data-widget_type=\"heading.default\">\n\t\t\t\t<div class=\"elementor-widget-container\">\n\t\t\t\t\t<h3 class=\"elementor-heading-title elementor-size-default\">Description:<\/h3>\t\t\t\t<\/div>\n\t\t\t\t<\/div>\n\t\t\t\t<div class=\"elementor-element elementor-element-573b11c elementor-widget elementor-widget-text-editor\" data-id=\"573b11c\" data-element_type=\"widget\" data-e-type=\"widget\" data-widget_type=\"text-editor.default\">\n\t\t\t\t<div class=\"elementor-widget-container\">\n\t\t\t\t\t\t\t\t\t<p class=\"text-slate-700 leading-relaxed\">\u201cMy Voice Counts\u201d is about safety, boundaries and knowing your rights. Through creative exercises and storytelling, children learn to recognize what is safe and unsafe, who they can trust and how to speak up.<\/p><p class=\"text-slate-700\">The workshop emphasizes safety, trust-building and empowerment in an age-appropriate format.<\/p>\t\t\t\t\t\t\t\t<\/div>\n\t\t\t\t<\/div>\n\t\t\t\t\t<\/div>\n\t\t\t\t<\/div>\n\t\t<div class=\"elementor-element elementor-element-bd40056 e-flex e-con-boxed e-con e-parent\" data-id=\"bd40056\" data-element_type=\"container\" data-e-type=\"container\">\n\t\t\t\t\t<div class=\"e-con-inner\">\n\t\t<div class=\"elementor-element elementor-element-6ed359d e-con-full e-flex e-con e-child\" data-id=\"6ed359d\" data-element_type=\"container\" data-e-type=\"container\">\n\t\t\t\t<div class=\"elementor-element elementor-element-1f76caf elementor-widget elementor-widget-heading\" data-id=\"1f76caf\" data-element_type=\"widget\" data-e-type=\"widget\" data-widget_type=\"heading.default\">\n\t\t\t\t<div class=\"elementor-widget-container\">\n\t\t\t\t\t<h3 class=\"elementor-heading-title elementor-size-default\">Creative Practical Activity<\/h3>\t\t\t\t<\/div>\n\t\t\t\t<\/div>\n\t\t\t\t<div class=\"elementor-element elementor-element-daf2f95 elementor-widget elementor-widget-text-editor\" data-id=\"daf2f95\" data-element_type=\"widget\" data-e-type=\"widget\" data-widget_type=\"text-editor.default\">\n\t\t\t\t<div class=\"elementor-widget-container\">\n\t\t\t\t\t\t\t\t\t<p class=\"text-slate-700 leading-relaxed translation-block\">Children create <strong>\u201cSafety Shields\u201d<\/strong> from lunch boxes, cardboard and fabric, illustrating safe people, safe places and symbolic boundaries. The activities combine play and reflection.<\/p><ul class=\"list-disc list-inside text-slate-600 text-sm space-y-1\"><li>Build and decorate a personal safety shield<\/li><li>Practice sentences such as: \u201cStop\u201d, \u201cNo thanks\u201d, \u201cI want help\u201d in safe role-play<\/li><li>Reflection exercise: Who is my safe adult?<\/li><\/ul>\t\t\t\t\t\t\t\t<\/div>\n\t\t\t\t<\/div>\n\t\t\t\t<\/div>\n\t\t<div class=\"elementor-element elementor-element-ba15c8f e-con-full e-flex e-con e-child\" data-id=\"ba15c8f\" data-element_type=\"container\" data-e-type=\"container\">\n\t\t\t\t<div class=\"elementor-element elementor-element-0532cec elementor-widget elementor-widget-image\" data-id=\"0532cec\" data-element_type=\"widget\" data-e-type=\"widget\" data-widget_type=\"image.default\">\n\t\t\t\t<div class=\"elementor-widget-container\">\n\t\t\t\t\t\t\t\t\t\t\t\t\t\t\t<img fetchpriority=\"high\" decoding=\"async\" width=\"1024\" height=\"576\" src=\"https:\/\/www.theglacstudio.dk\/wp-content\/uploads\/2025\/11\/Slide39-1024x576.png\" class=\"attachment-large size-large wp-image-8896\" alt=\"\" srcset=\"https:\/\/www.theglacstudio.dk\/wp-content\/uploads\/2025\/11\/Slide39-1024x576.png 1024w, https:\/\/www.theglacstudio.dk\/wp-content\/uploads\/2025\/11\/Slide39-300x169.png 300w, https:\/\/www.theglacstudio.dk\/wp-content\/uploads\/2025\/11\/Slide39-768x432.png 768w, https:\/\/www.theglacstudio.dk\/wp-content\/uploads\/2025\/11\/Slide39-18x10.png 18w, https:\/\/www.theglacstudio.dk\/wp-content\/uploads\/2025\/11\/Slide39-600x338.png 600w, https:\/\/www.theglacstudio.dk\/wp-content\/uploads\/2025\/11\/Slide39-100x56.png 100w, https:\/\/www.theglacstudio.dk\/wp-content\/uploads\/2025\/11\/Slide39.png 1280w\" sizes=\"(max-width: 1024px) 100vw, 1024px\" \/>\t\t\t\t\t\t\t\t\t\t\t\t\t\t\t<\/div>\n\t\t\t\t<\/div>\n\t\t\t\t<\/div>\n\t\t<div class=\"elementor-element elementor-element-079e3f7 e-con-full e-flex e-con e-child\" data-id=\"079e3f7\" data-element_type=\"container\" data-e-type=\"container\">\n\t\t\t\t<div class=\"elementor-element elementor-element-dfd125b elementor-widget elementor-widget-image\" data-id=\"dfd125b\" data-element_type=\"widget\" data-e-type=\"widget\" data-widget_type=\"image.default\">\n\t\t\t\t<div class=\"elementor-widget-container\">\n\t\t\t\t\t\t\t\t\t\t\t\t\t\t\t<img fetchpriority=\"high\" decoding=\"async\" width=\"1024\" height=\"576\" src=\"https:\/\/www.theglacstudio.dk\/wp-content\/uploads\/2025\/11\/Slide39-1024x576.png\" class=\"attachment-large size-large wp-image-8896\" alt=\"\" srcset=\"https:\/\/www.theglacstudio.dk\/wp-content\/uploads\/2025\/11\/Slide39-1024x576.png 1024w, https:\/\/www.theglacstudio.dk\/wp-content\/uploads\/2025\/11\/Slide39-300x169.png 300w, https:\/\/www.theglacstudio.dk\/wp-content\/uploads\/2025\/11\/Slide39-768x432.png 768w, https:\/\/www.theglacstudio.dk\/wp-content\/uploads\/2025\/11\/Slide39-18x10.png 18w, https:\/\/www.theglacstudio.dk\/wp-content\/uploads\/2025\/11\/Slide39-600x338.png 600w, https:\/\/www.theglacstudio.dk\/wp-content\/uploads\/2025\/11\/Slide39-100x56.png 100w, https:\/\/www.theglacstudio.dk\/wp-content\/uploads\/2025\/11\/Slide39.png 1280w\" sizes=\"(max-width: 1024px) 100vw, 1024px\" \/>\t\t\t\t\t\t\t\t\t\t\t\t\t\t\t<\/div>\n\t\t\t\t<\/div>\n\t\t\t\t<\/div>\n\t\t<div class=\"elementor-element elementor-element-5698171 e-con-full e-flex e-con e-child\" data-id=\"5698171\" data-element_type=\"container\" data-e-type=\"container\">\n\t\t\t\t<div class=\"elementor-element elementor-element-725185f elementor-widget elementor-widget-heading\" data-id=\"725185f\" data-element_type=\"widget\" data-e-type=\"widget\" data-widget_type=\"heading.default\">\n\t\t\t\t<div class=\"elementor-widget-container\">\n\t\t\t\t\t<h3 class=\"elementor-heading-title elementor-size-default\">Digital Activity<\/h3>\t\t\t\t<\/div>\n\t\t\t\t<\/div>\n\t\t\t\t<div class=\"elementor-element elementor-element-582606f elementor-widget elementor-widget-text-editor\" data-id=\"582606f\" data-element_type=\"widget\" data-e-type=\"widget\" data-widget_type=\"text-editor.default\">\n\t\t\t\t<div class=\"elementor-widget-container\">\n\t\t\t\t\t\t\t\t\t<p class=\"text-slate-700 leading-relaxed\">Children use **Book Creator** to create their own little digital story about safety and boundaries. They combine images, texts and audio, and create a personal safety storybook that can be shared with parents.<\/p><ul class=\"list-disc list-inside text-slate-600 text-sm space-y-1\"><li>Intro to Book Creator: add images, text and record voice<\/li><li>Children compose a short story with their safety shield as the central figure<\/li><li>Example: \u201cWhen I feel unsafe, I call\u2026\u201d<\/li><\/ul><p class=\"text-slate-600 text-sm mt-2\">Tip: Make sure to have a safe, adult-supported setting when the topic is brought up; the workshop is designed to be age-sensitive.<\/p>\t\t\t\t\t\t\t\t<\/div>\n\t\t\t\t<\/div>\n\t\t\t\t<\/div>\n\t\t\t\t\t<\/div>\n\t\t\t\t<\/div>\n\t\t<div class=\"elementor-element elementor-element-46d5ad9 e-flex e-con-boxed e-con e-parent\" data-id=\"46d5ad9\" data-element_type=\"container\" data-e-type=\"container\">\n\t\t\t\t\t<div class=\"e-con-inner\">\n\t\t<div class=\"elementor-element elementor-element-61f68de e-con-full e-flex e-con e-child\" data-id=\"61f68de\" data-element_type=\"container\" data-e-type=\"container\">\n\t\t<div class=\"elementor-element elementor-element-6df5989 e-con-full e-flex e-con e-child\" data-id=\"6df5989\" data-element_type=\"container\" data-e-type=\"container\">\n\t\t<div class=\"elementor-element elementor-element-dfcc13a e-con-full e-flex e-con e-child\" data-id=\"dfcc13a\" data-element_type=\"container\" data-e-type=\"container\">\n\t\t\t\t<div class=\"elementor-element elementor-element-710e3d8 elementor-widget elementor-widget-heading\" data-id=\"710e3d8\" data-element_type=\"widget\" data-e-type=\"widget\" data-widget_type=\"heading.default\">\n\t\t\t\t<div class=\"elementor-widget-container\">\n\t\t\t\t\t<h3 class=\"elementor-heading-title elementor-size-default\">Learning objectives<\/h3>\t\t\t\t<\/div>\n\t\t\t\t<\/div>\n\t\t\t\t<div class=\"elementor-element elementor-element-e19a069 elementor-widget elementor-widget-text-editor\" data-id=\"e19a069\" data-element_type=\"widget\" data-e-type=\"widget\" data-widget_type=\"text-editor.default\">\n\t\t\t\t<div class=\"elementor-widget-container\">\n\t\t\t\t\t\t\t\t\t<ul class=\"list-disc list-inside text-slate-700 space-y-2\"><li>Recognize safety and insecurity<\/li><li>Learn concrete strategies for speaking up and seeking help<\/li><li>Express emotions through creative media<\/li><li>Create a digital work that documents learning<\/li><li>Strengthen communication between child and trusted adults<\/li><\/ul>\t\t\t\t\t\t\t\t<\/div>\n\t\t\t\t<\/div>\n\t\t\t\t<div class=\"elementor-element elementor-element-3281b94 elementor-align-center elementor-widget elementor-widget-button\" data-id=\"3281b94\" data-element_type=\"widget\" data-e-type=\"widget\" data-widget_type=\"button.default\">\n\t\t\t\t<div class=\"elementor-widget-container\">\n\t\t\t\t\t\t\t\t\t<div class=\"elementor-button-wrapper\">\n\t\t\t\t\t<a class=\"elementor-button elementor-button-link elementor-size-sm\" href=\"https:\/\/www.theglacstudio.dk\/en_us\/home\/innovative-laerings-center-projekt\/ilc-projekt-workshops\/\" target=\"_blank\">\n\t\t\t\t\t\t<span class=\"elementor-button-content-wrapper\">\n\t\t\t\t\t\t\t\t\t<span class=\"elementor-button-text\">Back to workshops<\/span>\n\t\t\t\t\t<\/span>\n\t\t\t\t\t<\/a>\n\t\t\t\t<\/div>\n\t\t\t\t\t\t\t\t<\/div>\n\t\t\t\t<\/div>\n\t\t\t\t<\/div>\n\t\t<div class=\"elementor-element elementor-element-e6fe826 e-con-full e-flex e-con e-child\" data-id=\"e6fe826\" data-element_type=\"container\" data-e-type=\"container\">\n\t\t\t\t<div class=\"elementor-element elementor-element-57a1550 elementor-widget elementor-widget-heading\" data-id=\"57a1550\" data-element_type=\"widget\" data-e-type=\"widget\" data-widget_type=\"heading.default\">\n\t\t\t\t<div class=\"elementor-widget-container\">\n\t\t\t\t\t<h3 class=\"elementor-heading-title elementor-size-default translation-block\">Workshop-structure<br>(2 hours)<\/h3>\t\t\t\t<\/div>\n\t\t\t\t<\/div>\n\t\t\t\t<div class=\"elementor-element elementor-element-ce0340f elementor-widget elementor-widget-text-editor\" data-id=\"ce0340f\" data-element_type=\"widget\" data-e-type=\"widget\" data-widget_type=\"text-editor.default\">\n\t\t\t\t<div class=\"elementor-widget-container\">\n\t\t\t\t\t\t\t\t\t<ul class=\"list-decimal list-inside space-y-3 text-slate-700\">\n<li>Welcome and safe start (10 min)<\/li>\n<li>Dialogue: What makes us safe? (10 min)<\/li>\n<li>Creative Activity: Build a Safety Shield (40 min)<\/li>\n<li>Pause &amp; reflection (10 min)<\/li>\n<li>Digital Activity: Create a Short Book Creator Story (40 min)<\/li>\n<li>Gathering, Sharing and Supporting Information for Parents (10 min)<\/li>\n<\/ul>\t\t\t\t\t\t\t\t<\/div>\n\t\t\t\t<\/div>\n\t\t\t\t<div class=\"elementor-element elementor-element-edf13ce elementor-align-center elementor-widget elementor-widget-button\" data-id=\"edf13ce\" data-element_type=\"widget\" data-e-type=\"widget\" data-widget_type=\"button.default\">\n\t\t\t\t<div class=\"elementor-widget-container\">\n\t\t\t\t\t\t\t\t\t<div class=\"elementor-button-wrapper\">\n\t\t\t\t\t<a class=\"elementor-button elementor-button-link elementor-size-sm\" href=\"https:\/\/www.theglacstudio.dk\/en_us\/home\/innovative-laerings-center-projekt\/ilc-projekt-workshops\/ilc-book-en-proevesession\/\" target=\"_blank\">\n\t\t\t\t\t\t<span class=\"elementor-button-content-wrapper\">\n\t\t\t\t\t\t\t\t\t<span class=\"elementor-button-text\">Book a trial session<\/span>\n\t\t\t\t\t<\/span>\n\t\t\t\t\t<\/a>\n\t\t\t\t<\/div>\n\t\t\t\t\t\t\t\t<\/div>\n\t\t\t\t<\/div>\n\t\t\t\t<\/div>\n\t\t<div class=\"elementor-element elementor-element-e01b158 e-con-full e-flex e-con e-child\" data-id=\"e01b158\" data-element_type=\"container\" data-e-type=\"container\">\n\t\t\t\t<div class=\"elementor-element elementor-element-1844782 elementor-widget elementor-widget-heading\" data-id=\"1844782\" data-element_type=\"widget\" data-e-type=\"widget\" data-widget_type=\"heading.default\">\n\t\t\t\t<div class=\"elementor-widget-container\">\n\t\t\t\t\t<h3 class=\"elementor-heading-title elementor-size-default\">Practical Information<\/h3>\t\t\t\t<\/div>\n\t\t\t\t<\/div>\n\t\t\t\t<div class=\"elementor-element elementor-element-f7ce101 elementor-widget elementor-widget-text-editor\" data-id=\"f7ce101\" data-element_type=\"widget\" data-e-type=\"widget\" data-widget_type=\"text-editor.default\">\n\t\t\t\t<div class=\"elementor-widget-container\">\n\t\t\t\t\t\t\t\t\t<ul class=\"text-slate-700 space-y-2 list-disc list-inside\"><li>Duration: 2 hours<\/li><li>Ages: 4\u201314 years<\/li><li>Group size: 6\u201320 children<\/li><li>Materials and iPads provided<\/li><li>Mentors (15\u201319 years) support throughout the process<\/li><\/ul><div>\u00a0<\/div><div>\u00a0<\/div><div>\u00a0<\/div>\t\t\t\t\t\t\t\t<\/div>\n\t\t\t\t<\/div>\n\t\t\t\t<div class=\"elementor-element elementor-element-91e6b8f elementor-align-center elementor-widget elementor-widget-button\" data-id=\"91e6b8f\" data-element_type=\"widget\" data-e-type=\"widget\" data-widget_type=\"button.default\">\n\t\t\t\t<div class=\"elementor-widget-container\">\n\t\t\t\t\t\t\t\t\t<div class=\"elementor-button-wrapper\">\n\t\t\t\t\t<a class=\"elementor-button elementor-button-link elementor-size-sm\" href=\"https:\/\/www.theglacstudio.dk\/en_us\/home\/innovative-laerings-center-projekt\/ilc-projekt-workshops\/ilc-book-workshop\/\" target=\"_blank\">\n\t\t\t\t\t\t<span class=\"elementor-button-content-wrapper\">\n\t\t\t\t\t\t\t\t\t<span class=\"elementor-button-text\">Book this workshop<\/span>\n\t\t\t\t\t<\/span>\n\t\t\t\t\t<\/a>\n\t\t\t\t<\/div>\n\t\t\t\t\t\t\t\t<\/div>\n\t\t\t\t<\/div>\n\t\t\t\t<\/div>\n\t\t\t\t<\/div>\n\t\t\t\t<\/div>\n\t\t\t\t\t<\/div>\n\t\t\t\t<\/div>\n\t\t\t\t<\/div>","protected":false},"excerpt":{"rendered":"<p>Min Stemme T\u00e6ller Workshop om sikkerhed, gr\u00e6nser og b\u00f8rns rettigheder Fokusomr\u00e5de: B\u00f8rnemishandling\u0964\u00a0Alder: 4\u201314 \u0964\u00a0SDG 16.2 \u2013 Stop overgreb Beskrivelse: &#8220;Min [&hellip;]<\/p>\n","protected":false},"author":3,"featured_media":0,"parent":8605,"menu_order":0,"comment_status":"closed","ping_status":"closed","template":"","meta":{"_coblocks_attr":"","_coblocks_dimensions":"","_coblocks_responsive_height":"","_coblocks_accordion_ie_support":"","site-sidebar-layout":"no-sidebar","site-content-layout":"page-builder","ast-site-content-layout":"default","site-content-style":"default","site-sidebar-style":"default","ast-global-header-display":"","ast-banner-title-visibility":"disabled","ast-main-header-display":"disabled","ast-hfb-above-header-display":"","ast-hfb-below-header-display":"","ast-hfb-mobile-header-display":"","site-post-title":"disabled","ast-breadcrumbs-content":"","ast-featured-img":"disabled","footer-sml-layout":"","ast-disable-related-posts":"","theme-transparent-header-meta":"enabled","adv-header-id-meta":"","stick-header-meta":"","header-above-stick-meta":"","header-main-stick-meta":"","header-below-stick-meta":"","astra-migrate-meta-layouts":"set","ast-page-background-enabled":"default","ast-page-background-meta":{"desktop":{"background-color":"","background-image":"","background-repeat":"repeat","background-position":"center center","background-size":"auto","background-attachment":"scroll","background-type":"","background-media":"","overlay-type":"","overlay-color":"","overlay-opacity":"","overlay-gradient":""},"tablet":{"background-color":"","background-image":"","background-repeat":"repeat","background-position":"center center","background-size":"auto","background-attachment":"scroll","background-type":"","background-media":"","overlay-type":"","overlay-color":"","overlay-opacity":"","overlay-gradient":""},"mobile":{"background-color":"","background-image":"","background-repeat":"repeat","background-position":"center center","background-size":"auto","background-attachment":"scroll","background-type":"","background-media":"","overlay-type":"","overlay-color":"","overlay-opacity":"","overlay-gradient":""}},"ast-content-background-meta":{"desktop":{"background-color":"var(--ast-global-color-5)","background-image":"","background-repeat":"repeat","background-position":"center center","background-size":"auto","background-attachment":"scroll","background-type":"","background-media":"","overlay-type":"","overlay-color":"","overlay-opacity":"","overlay-gradient":""},"tablet":{"background-color":"var(--ast-global-color-5)","background-image":"","background-repeat":"repeat","background-position":"center center","background-size":"auto","background-attachment":"scroll","background-type":"","background-media":"","overlay-type":"","overlay-color":"","overlay-opacity":"","overlay-gradient":""},"mobile":{"background-color":"var(--ast-global-color-5)","background-image":"","background-repeat":"repeat","background-position":"center center","background-size":"auto","background-attachment":"scroll","background-type":"","background-media":"","overlay-type":"","overlay-color":"","overlay-opacity":"","overlay-gradient":""}},"footnotes":""},"class_list":["post-8883","page","type-page","status-publish","hentry"],"_links":{"self":[{"href":"https:\/\/www.theglacstudio.dk\/en_us\/wp-json\/wp\/v2\/pages\/8883","targetHints":{"allow":["GET"]}}],"collection":[{"href":"https:\/\/www.theglacstudio.dk\/en_us\/wp-json\/wp\/v2\/pages"}],"about":[{"href":"https:\/\/www.theglacstudio.dk\/en_us\/wp-json\/wp\/v2\/types\/page"}],"author":[{"embeddable":true,"href":"https:\/\/www.theglacstudio.dk\/en_us\/wp-json\/wp\/v2\/users\/3"}],"replies":[{"embeddable":true,"href":"https:\/\/www.theglacstudio.dk\/en_us\/wp-json\/wp\/v2\/comments?post=8883"}],"version-history":[{"count":24,"href":"https:\/\/www.theglacstudio.dk\/en_us\/wp-json\/wp\/v2\/pages\/8883\/revisions"}],"predecessor-version":[{"id":9410,"href":"https:\/\/www.theglacstudio.dk\/en_us\/wp-json\/wp\/v2\/pages\/8883\/revisions\/9410"}],"up":[{"embeddable":true,"href":"https:\/\/www.theglacstudio.dk\/en_us\/wp-json\/wp\/v2\/pages\/8605"}],"wp:attachment":[{"href":"https:\/\/www.theglacstudio.dk\/en_us\/wp-json\/wp\/v2\/media?parent=8883"}],"curies":[{"name":"wp","href":"https:\/\/api.w.org\/{rel}","templated":true}]}}