{"id":8909,"date":"2025-11-22T07:20:19","date_gmt":"2025-11-22T07:20:19","guid":{"rendered":"https:\/\/www.theglacstudio.dk\/?page_id=8909"},"modified":"2026-01-18T20:15:41","modified_gmt":"2026-01-18T20:15:41","slug":"ilc011-haender-hjaelpe","status":"publish","type":"page","link":"https:\/\/www.theglacstudio.dk\/en_us\/home\/innovative-laerings-center-projekt\/ilc-projekt-workshops\/ilc011-haender-hjaelpe\/","title":{"rendered":"ILC011 H\u00e6nder er til at Hj\u00e6lpe"},"content":{"rendered":"<div data-elementor-type=\"wp-page\" data-elementor-id=\"8909\" class=\"elementor elementor-8909\">\n\t\t\t\t<div class=\"elementor-element elementor-element-3a2a5f4 e-flex e-con-boxed e-con e-parent\" data-id=\"3a2a5f4\" data-element_type=\"container\" data-e-type=\"container\">\n\t\t\t\t\t<div class=\"e-con-inner\">\n\t\t\t\t<div class=\"elementor-element elementor-element-a7e3b84 elementor-widget elementor-widget-heading\" data-id=\"a7e3b84\" data-element_type=\"widget\" data-e-type=\"widget\" data-widget_type=\"heading.default\">\n\t\t\t\t<div class=\"elementor-widget-container\">\n\t\t\t\t\t<h2 class=\"elementor-heading-title elementor-size-default\">Hands are here to Help<\/h2>\t\t\t\t<\/div>\n\t\t\t\t<\/div>\n\t\t\t\t<div class=\"elementor-element elementor-element-1d52770 elementor-widget elementor-widget-text-editor\" data-id=\"1d52770\" data-element_type=\"widget\" data-e-type=\"widget\" data-widget_type=\"text-editor.default\">\n\t\t\t\t<div class=\"elementor-widget-container\">\n\t\t\t\t\t\t\t\t\t<p>Workshop on violence, conflict management and helpfulness<\/p><p class=\"mt-2 text-sm\">Focus area: Violence. Age: 10\u201314. SDG 16.1 \u2013 Reduce violence<\/p>\t\t\t\t\t\t\t\t<\/div>\n\t\t\t\t<\/div>\n\t\t\t\t<div class=\"elementor-element elementor-element-dcde4ec elementor-widget elementor-widget-heading\" data-id=\"dcde4ec\" data-element_type=\"widget\" data-e-type=\"widget\" data-widget_type=\"heading.default\">\n\t\t\t\t<div class=\"elementor-widget-container\">\n\t\t\t\t\t<h3 class=\"elementor-heading-title elementor-size-default\">Description:<\/h3>\t\t\t\t<\/div>\n\t\t\t\t<\/div>\n\t\t\t\t<div class=\"elementor-element elementor-element-21b41dc elementor-widget elementor-widget-text-editor\" data-id=\"21b41dc\" data-element_type=\"widget\" data-e-type=\"widget\" data-widget_type=\"text-editor.default\">\n\t\t\t\t<div class=\"elementor-widget-container\">\n\t\t\t\t\t\t\t\t\t<p class=\"text-slate-700 leading-relaxed\">\u201cHands are for Helping\u201d works to make helpfulness concrete: how we can use our hands to support each other and resolve conflicts without violence. The workshop combines creative exercises, role-playing and digital animations.<\/p><p class=\"text-slate-700\">The goal is to give children concrete tools for conflict management and positive social interactions.<\/p>\t\t\t\t\t\t\t\t<\/div>\n\t\t\t\t<\/div>\n\t\t\t\t\t<\/div>\n\t\t\t\t<\/div>\n\t\t<div class=\"elementor-element elementor-element-35249f9 e-flex e-con-boxed e-con e-parent\" data-id=\"35249f9\" data-element_type=\"container\" data-e-type=\"container\">\n\t\t\t\t\t<div class=\"e-con-inner\">\n\t\t<div class=\"elementor-element elementor-element-e5459c2 e-con-full e-flex e-con e-child\" data-id=\"e5459c2\" data-element_type=\"container\" data-e-type=\"container\">\n\t\t\t\t<div class=\"elementor-element elementor-element-3316d1c elementor-widget elementor-widget-heading\" data-id=\"3316d1c\" data-element_type=\"widget\" data-e-type=\"widget\" data-widget_type=\"heading.default\">\n\t\t\t\t<div class=\"elementor-widget-container\">\n\t\t\t\t\t<h3 class=\"elementor-heading-title elementor-size-default\">Creative Practical Activity<\/h3>\t\t\t\t<\/div>\n\t\t\t\t<\/div>\n\t\t\t\t<div class=\"elementor-element elementor-element-d151ec0 elementor-widget elementor-widget-text-editor\" data-id=\"d151ec0\" data-element_type=\"widget\" data-e-type=\"widget\" data-widget_type=\"text-editor.default\">\n\t\t\t\t<div class=\"elementor-widget-container\">\n\t\t\t\t\t\t\t\t\t<p class=\"text-slate-700 leading-relaxed\">Children make sock puppets that represent helping hands and role-playing characters. The puppets are used in role-playing games where children practice helping, comforting and mediating in conflict situations.<\/p><ul class=\"list-disc list-inside text-slate-600 text-sm space-y-1\"><li>Make sock puppets with recycled materials<\/li><li>Create small scenes and role-playing games about conflict and helping<\/li><li>Reflection: What did the helper do to resolve the situation?<\/li><\/ul>\t\t\t\t\t\t\t\t<\/div>\n\t\t\t\t<\/div>\n\t\t\t\t<\/div>\n\t\t<div class=\"elementor-element elementor-element-f273b62 e-con-full e-flex e-con e-child\" data-id=\"f273b62\" data-element_type=\"container\" data-e-type=\"container\">\n\t\t\t\t<div class=\"elementor-element elementor-element-e35dad8 elementor-widget elementor-widget-image\" data-id=\"e35dad8\" data-element_type=\"widget\" data-e-type=\"widget\" data-widget_type=\"image.default\">\n\t\t\t\t<div class=\"elementor-widget-container\">\n\t\t\t\t\t\t\t\t\t\t\t\t\t\t\t<img fetchpriority=\"high\" decoding=\"async\" width=\"1024\" height=\"576\" src=\"https:\/\/www.theglacstudio.dk\/wp-content\/uploads\/2025\/11\/Slide39-1024x576.png\" class=\"attachment-large size-large wp-image-8896\" alt=\"\" srcset=\"https:\/\/www.theglacstudio.dk\/wp-content\/uploads\/2025\/11\/Slide39-1024x576.png 1024w, https:\/\/www.theglacstudio.dk\/wp-content\/uploads\/2025\/11\/Slide39-300x169.png 300w, https:\/\/www.theglacstudio.dk\/wp-content\/uploads\/2025\/11\/Slide39-768x432.png 768w, https:\/\/www.theglacstudio.dk\/wp-content\/uploads\/2025\/11\/Slide39-18x10.png 18w, https:\/\/www.theglacstudio.dk\/wp-content\/uploads\/2025\/11\/Slide39-600x338.png 600w, https:\/\/www.theglacstudio.dk\/wp-content\/uploads\/2025\/11\/Slide39-100x56.png 100w, https:\/\/www.theglacstudio.dk\/wp-content\/uploads\/2025\/11\/Slide39.png 1280w\" sizes=\"(max-width: 1024px) 100vw, 1024px\" \/>\t\t\t\t\t\t\t\t\t\t\t\t\t\t\t<\/div>\n\t\t\t\t<\/div>\n\t\t\t\t<\/div>\n\t\t<div class=\"elementor-element elementor-element-d9b2f99 e-con-full e-flex e-con e-child\" data-id=\"d9b2f99\" data-element_type=\"container\" data-e-type=\"container\">\n\t\t\t\t<div class=\"elementor-element elementor-element-4497cef elementor-widget elementor-widget-image\" data-id=\"4497cef\" data-element_type=\"widget\" data-e-type=\"widget\" data-widget_type=\"image.default\">\n\t\t\t\t<div class=\"elementor-widget-container\">\n\t\t\t\t\t\t\t\t\t\t\t\t\t\t\t<img fetchpriority=\"high\" decoding=\"async\" width=\"1024\" height=\"576\" src=\"https:\/\/www.theglacstudio.dk\/wp-content\/uploads\/2025\/11\/Slide39-1024x576.png\" class=\"attachment-large size-large wp-image-8896\" alt=\"\" srcset=\"https:\/\/www.theglacstudio.dk\/wp-content\/uploads\/2025\/11\/Slide39-1024x576.png 1024w, https:\/\/www.theglacstudio.dk\/wp-content\/uploads\/2025\/11\/Slide39-300x169.png 300w, https:\/\/www.theglacstudio.dk\/wp-content\/uploads\/2025\/11\/Slide39-768x432.png 768w, https:\/\/www.theglacstudio.dk\/wp-content\/uploads\/2025\/11\/Slide39-18x10.png 18w, https:\/\/www.theglacstudio.dk\/wp-content\/uploads\/2025\/11\/Slide39-600x338.png 600w, https:\/\/www.theglacstudio.dk\/wp-content\/uploads\/2025\/11\/Slide39-100x56.png 100w, https:\/\/www.theglacstudio.dk\/wp-content\/uploads\/2025\/11\/Slide39.png 1280w\" sizes=\"(max-width: 1024px) 100vw, 1024px\" \/>\t\t\t\t\t\t\t\t\t\t\t\t\t\t\t<\/div>\n\t\t\t\t<\/div>\n\t\t\t\t<\/div>\n\t\t<div class=\"elementor-element elementor-element-d6be569 e-con-full e-flex e-con e-child\" data-id=\"d6be569\" data-element_type=\"container\" data-e-type=\"container\">\n\t\t\t\t<div class=\"elementor-element elementor-element-64dae1e elementor-widget elementor-widget-heading\" data-id=\"64dae1e\" data-element_type=\"widget\" data-e-type=\"widget\" data-widget_type=\"heading.default\">\n\t\t\t\t<div class=\"elementor-widget-container\">\n\t\t\t\t\t<h3 class=\"elementor-heading-title elementor-size-default\">Digital Activity<\/h3>\t\t\t\t<\/div>\n\t\t\t\t<\/div>\n\t\t\t\t<div class=\"elementor-element elementor-element-594779d elementor-widget elementor-widget-text-editor\" data-id=\"594779d\" data-element_type=\"widget\" data-e-type=\"widget\" data-widget_type=\"text-editor.default\">\n\t\t\t\t<div class=\"elementor-widget-container\">\n\t\t\t\t\t\t\t\t\t<p class=\"text-slate-700 leading-relaxed\">With the help of **Toontastic**, children can animate their sock puppet scenes, give the characters a voice and create small solutions that are shown to the group. Animation brings reflection and empathy learning to life.<\/p><ul class=\"list-disc list-inside text-slate-600 text-sm space-y-1\"><li>Intro to Toontastic: build scenes, add voices and movements<\/li><li>Children record short animations that demonstrate conflict resolution and helpfulness<\/li><li>View and group discussion<\/li><\/ul><p class=\"text-slate-600 text-sm mt-2\">Tip: Test Toontastic on a device before the workshop; have backup plans for devices without app access.<\/p>\t\t\t\t\t\t\t\t<\/div>\n\t\t\t\t<\/div>\n\t\t\t\t<\/div>\n\t\t\t\t\t<\/div>\n\t\t\t\t<\/div>\n\t\t<div class=\"elementor-element elementor-element-b799639 e-flex e-con-boxed e-con e-parent\" data-id=\"b799639\" data-element_type=\"container\" data-e-type=\"container\">\n\t\t\t\t\t<div class=\"e-con-inner\">\n\t\t<div class=\"elementor-element elementor-element-35f0eb4 e-con-full e-flex e-con e-child\" data-id=\"35f0eb4\" data-element_type=\"container\" data-e-type=\"container\">\n\t\t<div class=\"elementor-element elementor-element-33d9096 e-con-full e-flex e-con e-child\" data-id=\"33d9096\" data-element_type=\"container\" data-e-type=\"container\">\n\t\t<div class=\"elementor-element elementor-element-39063a7 e-con-full e-flex e-con e-child\" data-id=\"39063a7\" data-element_type=\"container\" data-e-type=\"container\">\n\t\t\t\t<div class=\"elementor-element elementor-element-e9a2f5c elementor-widget elementor-widget-heading\" data-id=\"e9a2f5c\" data-element_type=\"widget\" data-e-type=\"widget\" data-widget_type=\"heading.default\">\n\t\t\t\t<div class=\"elementor-widget-container\">\n\t\t\t\t\t<h3 class=\"elementor-heading-title elementor-size-default\">Learning objectives<\/h3>\t\t\t\t<\/div>\n\t\t\t\t<\/div>\n\t\t\t\t<div class=\"elementor-element elementor-element-0dd655b elementor-widget elementor-widget-text-editor\" data-id=\"0dd655b\" data-element_type=\"widget\" data-e-type=\"widget\" data-widget_type=\"text-editor.default\">\n\t\t\t\t<div class=\"elementor-widget-container\">\n\t\t\t\t\t\t\t\t\t<ul class=\"list-disc list-inside text-slate-700 space-y-2\"><li>Understand nonviolent conflict management<\/li><li>Empathy and perspective-taking through role play<\/li><li>Collaboration and creative problem solving<\/li><li>Digital storytelling and animation<\/li><\/ul>\t\t\t\t\t\t\t\t<\/div>\n\t\t\t\t<\/div>\n\t\t\t\t<div class=\"elementor-element elementor-element-d533b86 elementor-align-center elementor-widget elementor-widget-button\" data-id=\"d533b86\" data-element_type=\"widget\" data-e-type=\"widget\" data-widget_type=\"button.default\">\n\t\t\t\t<div class=\"elementor-widget-container\">\n\t\t\t\t\t\t\t\t\t<div class=\"elementor-button-wrapper\">\n\t\t\t\t\t<a class=\"elementor-button elementor-button-link elementor-size-sm\" href=\"https:\/\/www.theglacstudio.dk\/en_us\/home\/innovative-laerings-center-projekt\/ilc-projekt-workshops\/\" target=\"_blank\">\n\t\t\t\t\t\t<span class=\"elementor-button-content-wrapper\">\n\t\t\t\t\t\t\t\t\t<span class=\"elementor-button-text\">Back to workshops<\/span>\n\t\t\t\t\t<\/span>\n\t\t\t\t\t<\/a>\n\t\t\t\t<\/div>\n\t\t\t\t\t\t\t\t<\/div>\n\t\t\t\t<\/div>\n\t\t\t\t<\/div>\n\t\t<div class=\"elementor-element elementor-element-4b27892 e-con-full e-flex e-con e-child\" data-id=\"4b27892\" data-element_type=\"container\" data-e-type=\"container\">\n\t\t\t\t<div class=\"elementor-element elementor-element-d2e4ba9 elementor-widget elementor-widget-heading\" data-id=\"d2e4ba9\" data-element_type=\"widget\" data-e-type=\"widget\" data-widget_type=\"heading.default\">\n\t\t\t\t<div class=\"elementor-widget-container\">\n\t\t\t\t\t<h3 class=\"elementor-heading-title elementor-size-default translation-block\">Workshop-structure<br>(2 hours)<\/h3>\t\t\t\t<\/div>\n\t\t\t\t<\/div>\n\t\t\t\t<div class=\"elementor-element elementor-element-d7b3fe9 elementor-widget elementor-widget-text-editor\" data-id=\"d7b3fe9\" data-element_type=\"widget\" data-e-type=\"widget\" data-widget_type=\"text-editor.default\">\n\t\t\t\t<div class=\"elementor-widget-container\">\n\t\t\t\t\t\t\t\t\t<ul class=\"list-decimal list-inside space-y-3 text-slate-700\"><li>Welcome and short intro (10 min)<\/li><li>Create sock puppets (30 min)<\/li><li>Plan scenes and role play (20 min)<\/li><li>Pause &amp; reflection (10 min)<\/li><li>Digital activity: Animate in Toontastic (30 min)<\/li><li>View &amp; wrap-up (20 min)<\/li><\/ul>\t\t\t\t\t\t\t\t<\/div>\n\t\t\t\t<\/div>\n\t\t\t\t<div class=\"elementor-element elementor-element-51161aa elementor-align-center elementor-widget elementor-widget-button\" data-id=\"51161aa\" data-element_type=\"widget\" data-e-type=\"widget\" data-widget_type=\"button.default\">\n\t\t\t\t<div class=\"elementor-widget-container\">\n\t\t\t\t\t\t\t\t\t<div class=\"elementor-button-wrapper\">\n\t\t\t\t\t<a class=\"elementor-button elementor-button-link elementor-size-sm\" href=\"https:\/\/www.theglacstudio.dk\/en_us\/home\/innovative-laerings-center-projekt\/ilc-projekt-workshops\/ilc-book-en-proevesession\/\" target=\"_blank\">\n\t\t\t\t\t\t<span class=\"elementor-button-content-wrapper\">\n\t\t\t\t\t\t\t\t\t<span class=\"elementor-button-text\">Book a trial session<\/span>\n\t\t\t\t\t<\/span>\n\t\t\t\t\t<\/a>\n\t\t\t\t<\/div>\n\t\t\t\t\t\t\t\t<\/div>\n\t\t\t\t<\/div>\n\t\t\t\t<\/div>\n\t\t<div class=\"elementor-element elementor-element-29c0255 e-con-full e-flex e-con e-child\" data-id=\"29c0255\" data-element_type=\"container\" data-e-type=\"container\">\n\t\t\t\t<div class=\"elementor-element elementor-element-0e50fce elementor-widget elementor-widget-heading\" data-id=\"0e50fce\" data-element_type=\"widget\" data-e-type=\"widget\" data-widget_type=\"heading.default\">\n\t\t\t\t<div class=\"elementor-widget-container\">\n\t\t\t\t\t<h3 class=\"elementor-heading-title elementor-size-default\">Practical Information<\/h3>\t\t\t\t<\/div>\n\t\t\t\t<\/div>\n\t\t\t\t<div class=\"elementor-element elementor-element-78a176b elementor-widget elementor-widget-text-editor\" data-id=\"78a176b\" data-element_type=\"widget\" data-e-type=\"widget\" data-widget_type=\"text-editor.default\">\n\t\t\t\t<div class=\"elementor-widget-container\">\n\t\t\t\t\t\t\t\t\t<ul class=\"text-slate-700 space-y-2 list-disc list-inside\">\n<li>Duration: 2 hours<\/li>\n<li>Alder: 10\u201314 \u00e5r<\/li>\n<li>Group size: 6\u201320 children<\/li>\n<li>Materials and iPads provided<\/li>\n<li>Mentors (15\u201319 years) support throughout the process<\/li><\/ul>\t\t\t\t\t\t\t\t<\/div>\n\t\t\t\t<\/div>\n\t\t\t\t<div class=\"elementor-element elementor-element-ea20113 elementor-align-center elementor-widget elementor-widget-button\" data-id=\"ea20113\" data-element_type=\"widget\" data-e-type=\"widget\" data-widget_type=\"button.default\">\n\t\t\t\t<div class=\"elementor-widget-container\">\n\t\t\t\t\t\t\t\t\t<div class=\"elementor-button-wrapper\">\n\t\t\t\t\t<a class=\"elementor-button elementor-button-link elementor-size-sm\" href=\"https:\/\/www.theglacstudio.dk\/en_us\/home\/innovative-laerings-center-projekt\/ilc-projekt-workshops\/ilc-book-workshop\/\" target=\"_blank\">\n\t\t\t\t\t\t<span class=\"elementor-button-content-wrapper\">\n\t\t\t\t\t\t\t\t\t<span class=\"elementor-button-text\">Book this workshop<\/span>\n\t\t\t\t\t<\/span>\n\t\t\t\t\t<\/a>\n\t\t\t\t<\/div>\n\t\t\t\t\t\t\t\t<\/div>\n\t\t\t\t<\/div>\n\t\t\t\t<\/div>\n\t\t\t\t<\/div>\n\t\t\t\t<\/div>\n\t\t\t\t\t<\/div>\n\t\t\t\t<\/div>\n\t\t\t\t<\/div>","protected":false},"excerpt":{"rendered":"<p>H\u00e6nder er til at Hj\u00e6lpe Workshop om vold, konflikth\u00e5ndtering og hj\u00e6lpsomhed Fokusomr\u00e5de: Vold\u0964 Alder: 10\u201314 \u0964 SDG 16.1 \u2013 Reduc\u00e9r [&hellip;]<\/p>\n","protected":false},"author":3,"featured_media":0,"parent":8605,"menu_order":0,"comment_status":"closed","ping_status":"closed","template":"","meta":{"_coblocks_attr":"","_coblocks_dimensions":"","_coblocks_responsive_height":"","_coblocks_accordion_ie_support":"","site-sidebar-layout":"no-sidebar","site-content-layout":"page-builder","ast-site-content-layout":"default","site-content-style":"default","site-sidebar-style":"default","ast-global-header-display":"","ast-banner-title-visibility":"disabled","ast-main-header-display":"disabled","ast-hfb-above-header-display":"","ast-hfb-below-header-display":"","ast-hfb-mobile-header-display":"","site-post-title":"disabled","ast-breadcrumbs-content":"","ast-featured-img":"disabled","footer-sml-layout":"","ast-disable-related-posts":"","theme-transparent-header-meta":"enabled","adv-header-id-meta":"","stick-header-meta":"","header-above-stick-meta":"","header-main-stick-meta":"","header-below-stick-meta":"","astra-migrate-meta-layouts":"set","ast-page-background-enabled":"default","ast-page-background-meta":{"desktop":{"background-color":"","background-image":"","background-repeat":"repeat","background-position":"center center","background-size":"auto","background-attachment":"scroll","background-type":"","background-media":"","overlay-type":"","overlay-color":"","overlay-opacity":"","overlay-gradient":""},"tablet":{"background-color":"","background-image":"","background-repeat":"repeat","background-position":"center center","background-size":"auto","background-attachment":"scroll","background-type":"","background-media":"","overlay-type":"","overlay-color":"","overlay-opacity":"","overlay-gradient":""},"mobile":{"background-color":"","background-image":"","background-repeat":"repeat","background-position":"center center","background-size":"auto","background-attachment":"scroll","background-type":"","background-media":"","overlay-type":"","overlay-color":"","overlay-opacity":"","overlay-gradient":""}},"ast-content-background-meta":{"desktop":{"background-color":"var(--ast-global-color-5)","background-image":"","background-repeat":"repeat","background-position":"center center","background-size":"auto","background-attachment":"scroll","background-type":"","background-media":"","overlay-type":"","overlay-color":"","overlay-opacity":"","overlay-gradient":""},"tablet":{"background-color":"var(--ast-global-color-5)","background-image":"","background-repeat":"repeat","background-position":"center center","background-size":"auto","background-attachment":"scroll","background-type":"","background-media":"","overlay-type":"","overlay-color":"","overlay-opacity":"","overlay-gradient":""},"mobile":{"background-color":"var(--ast-global-color-5)","background-image":"","background-repeat":"repeat","background-position":"center center","background-size":"auto","background-attachment":"scroll","background-type":"","background-media":"","overlay-type":"","overlay-color":"","overlay-opacity":"","overlay-gradient":""}},"footnotes":""},"class_list":["post-8909","page","type-page","status-publish","hentry"],"_links":{"self":[{"href":"https:\/\/www.theglacstudio.dk\/en_us\/wp-json\/wp\/v2\/pages\/8909","targetHints":{"allow":["GET"]}}],"collection":[{"href":"https:\/\/www.theglacstudio.dk\/en_us\/wp-json\/wp\/v2\/pages"}],"about":[{"href":"https:\/\/www.theglacstudio.dk\/en_us\/wp-json\/wp\/v2\/types\/page"}],"author":[{"embeddable":true,"href":"https:\/\/www.theglacstudio.dk\/en_us\/wp-json\/wp\/v2\/users\/3"}],"replies":[{"embeddable":true,"href":"https:\/\/www.theglacstudio.dk\/en_us\/wp-json\/wp\/v2\/comments?post=8909"}],"version-history":[{"count":21,"href":"https:\/\/www.theglacstudio.dk\/en_us\/wp-json\/wp\/v2\/pages\/8909\/revisions"}],"predecessor-version":[{"id":9396,"href":"https:\/\/www.theglacstudio.dk\/en_us\/wp-json\/wp\/v2\/pages\/8909\/revisions\/9396"}],"up":[{"embeddable":true,"href":"https:\/\/www.theglacstudio.dk\/en_us\/wp-json\/wp\/v2\/pages\/8605"}],"wp:attachment":[{"href":"https:\/\/www.theglacstudio.dk\/en_us\/wp-json\/wp\/v2\/media?parent=8909"}],"curies":[{"name":"wp","href":"https:\/\/api.w.org\/{rel}","templated":true}]}}