{"id":8950,"date":"2025-11-22T18:10:55","date_gmt":"2025-11-22T18:10:55","guid":{"rendered":"https:\/\/www.theglacstudio.dk\/?page_id=8950"},"modified":"2026-01-30T10:59:57","modified_gmt":"2026-01-30T10:59:57","slug":"ilc008-roedder","status":"publish","type":"page","link":"https:\/\/www.theglacstudio.dk\/en_us\/home\/innovative-laerings-center-projekt\/ilc-projekt-workshops\/ilc008-roedder\/","title":{"rendered":"ILC008 R\u00f8dder &#038; vinger"},"content":{"rendered":"<div data-elementor-type=\"wp-page\" data-elementor-id=\"8950\" class=\"elementor elementor-8950\">\n\t\t\t\t<div class=\"elementor-element elementor-element-7c2d7b7 e-flex e-con-boxed e-con e-parent\" data-id=\"7c2d7b7\" data-element_type=\"container\" data-e-type=\"container\">\n\t\t\t\t\t<div class=\"e-con-inner\">\n\t\t\t\t<div class=\"elementor-element elementor-element-dc7a862 elementor-widget elementor-widget-heading\" data-id=\"dc7a862\" data-element_type=\"widget\" data-e-type=\"widget\" data-widget_type=\"heading.default\">\n\t\t\t\t<div class=\"elementor-widget-container\">\n\t\t\t\t\t<h2 class=\"elementor-heading-title elementor-size-default\">Roots &amp; Wings<\/h2>\t\t\t\t<\/div>\n\t\t\t\t<\/div>\n\t\t\t\t<div class=\"elementor-element elementor-element-ddeef8f elementor-widget elementor-widget-text-editor\" data-id=\"ddeef8f\" data-element_type=\"widget\" data-e-type=\"widget\" data-widget_type=\"text-editor.default\">\n\t\t\t\t<div class=\"elementor-widget-container\">\n\t\t\t\t\t\t\t\t\t<p>Workshop on Migration, Identity and Culture<\/p><p class=\"mt-2 text-sm\">Focus Area: Migration &amp; Belonging \u0964 Age: 10\u201314 \u0964 SDG 10.7 \u2013 Safe Migration<\/p>\t\t\t\t\t\t\t\t<\/div>\n\t\t\t\t<\/div>\n\t\t\t\t<div class=\"elementor-element elementor-element-9299b72 elementor-widget elementor-widget-heading\" data-id=\"9299b72\" data-element_type=\"widget\" data-e-type=\"widget\" data-widget_type=\"heading.default\">\n\t\t\t\t<div class=\"elementor-widget-container\">\n\t\t\t\t\t<h3 class=\"elementor-heading-title elementor-size-default\">Description:<\/h3>\t\t\t\t<\/div>\n\t\t\t\t<\/div>\n\t\t\t\t<div class=\"elementor-element elementor-element-0ec7d28 elementor-widget elementor-widget-text-editor\" data-id=\"0ec7d28\" data-element_type=\"widget\" data-e-type=\"widget\" data-widget_type=\"text-editor.default\">\n\t\t\t\t<div class=\"elementor-widget-container\">\n\t\t\t\t\t\t\t\t\t<p class=\"text-slate-700 leading-relaxed\">\u201cRoots &amp; Wings\u201d helps children understand migration through stories, art and dialogue. We work on how people move across countries, why they do it, and how culture and identity can be something that is both taken with them and redeveloped.<\/p><p class=\"text-slate-700\">The workshop promotes understanding, empathy and respect for diverse life journeys.<\/p>\t\t\t\t\t\t\t\t<\/div>\n\t\t\t\t<\/div>\n\t\t\t\t\t<\/div>\n\t\t\t\t<\/div>\n\t\t<div class=\"elementor-element elementor-element-e044acf e-flex e-con-boxed e-con e-parent\" data-id=\"e044acf\" data-element_type=\"container\" data-e-type=\"container\">\n\t\t\t\t\t<div class=\"e-con-inner\">\n\t\t<div class=\"elementor-element elementor-element-1ac478b e-con-full e-flex e-con e-child\" data-id=\"1ac478b\" data-element_type=\"container\" data-e-type=\"container\">\n\t\t\t\t<div class=\"elementor-element elementor-element-bd4b668 elementor-widget elementor-widget-heading\" data-id=\"bd4b668\" data-element_type=\"widget\" data-e-type=\"widget\" data-widget_type=\"heading.default\">\n\t\t\t\t<div class=\"elementor-widget-container\">\n\t\t\t\t\t<h3 class=\"elementor-heading-title elementor-size-default\">Creative Practical Activity<\/h3>\t\t\t\t<\/div>\n\t\t\t\t<\/div>\n\t\t\t\t<div class=\"elementor-element elementor-element-9c04147 elementor-widget elementor-widget-text-editor\" data-id=\"9c04147\" data-element_type=\"widget\" data-e-type=\"widget\" data-widget_type=\"text-editor.default\">\n\t\t\t\t<div class=\"elementor-widget-container\">\n\t\t\t\t\t\t\t\t\t<p class=\"text-slate-700 leading-relaxed\">B\u00f8rnene laver og deler mad fra deres hjemland eller kultur.<\/p><ul><li class=\"text-slate-700 leading-relaxed\">Gennem smag, duft og samtale oplever de, hvordan mad fort\u00e6ller historier om, hvor vi kommer fra, og hvem vi er.<\/li><li class=\"text-slate-700 leading-relaxed\">Aktiviteten hj\u00e6lper b\u00f8rn med at \u00f8ve respekt og nysgerrighed \u2013 ogs\u00e5 n\u00e5r noget dufter, smager eller ser anderledes ud \u2013 og styrker forst\u00e5elsen for mangfoldighed, migration og f\u00e6llesskab.<\/li><\/ul>\t\t\t\t\t\t\t\t<\/div>\n\t\t\t\t<\/div>\n\t\t\t\t<\/div>\n\t\t<div class=\"elementor-element elementor-element-4ebaa8d e-con-full e-flex e-con e-child\" data-id=\"4ebaa8d\" data-element_type=\"container\" data-e-type=\"container\">\n\t\t\t\t<div class=\"elementor-element elementor-element-abd12af elementor-widget elementor-widget-image\" data-id=\"abd12af\" data-element_type=\"widget\" data-e-type=\"widget\" data-widget_type=\"image.default\">\n\t\t\t\t<div class=\"elementor-widget-container\">\n\t\t\t\t\t\t\t\t\t\t\t\t\t\t\t<img fetchpriority=\"high\" decoding=\"async\" width=\"1024\" height=\"576\" src=\"https:\/\/www.theglacstudio.dk\/wp-content\/uploads\/2026\/01\/Slide47-1024x576.png\" class=\"attachment-large size-large wp-image-9520\" alt=\"\" srcset=\"https:\/\/www.theglacstudio.dk\/wp-content\/uploads\/2026\/01\/Slide47-1024x576.png 1024w, https:\/\/www.theglacstudio.dk\/wp-content\/uploads\/2026\/01\/Slide47-300x169.png 300w, https:\/\/www.theglacstudio.dk\/wp-content\/uploads\/2026\/01\/Slide47-768x432.png 768w, https:\/\/www.theglacstudio.dk\/wp-content\/uploads\/2026\/01\/Slide47-18x10.png 18w, https:\/\/www.theglacstudio.dk\/wp-content\/uploads\/2026\/01\/Slide47-600x338.png 600w, https:\/\/www.theglacstudio.dk\/wp-content\/uploads\/2026\/01\/Slide47-100x56.png 100w, https:\/\/www.theglacstudio.dk\/wp-content\/uploads\/2026\/01\/Slide47.png 1280w\" sizes=\"(max-width: 1024px) 100vw, 1024px\" \/>\t\t\t\t\t\t\t\t\t\t\t\t\t\t\t<\/div>\n\t\t\t\t<\/div>\n\t\t\t\t<\/div>\n\t\t<div class=\"elementor-element elementor-element-8ccb0cd e-con-full e-flex e-con e-child\" data-id=\"8ccb0cd\" data-element_type=\"container\" data-e-type=\"container\">\n\t\t\t\t<div class=\"elementor-element elementor-element-60faf48 elementor-widget elementor-widget-image\" data-id=\"60faf48\" data-element_type=\"widget\" data-e-type=\"widget\" data-widget_type=\"image.default\">\n\t\t\t\t<div class=\"elementor-widget-container\">\n\t\t\t\t\t\t\t\t\t\t\t\t\t\t\t<img decoding=\"async\" width=\"1024\" height=\"576\" data-src=\"https:\/\/www.theglacstudio.dk\/wp-content\/uploads\/2026\/01\/Slide48-1024x576.png\" class=\"attachment-large size-large wp-image-9521 lazyload\" alt=\"\" data-srcset=\"https:\/\/www.theglacstudio.dk\/wp-content\/uploads\/2026\/01\/Slide48-1024x576.png 1024w, https:\/\/www.theglacstudio.dk\/wp-content\/uploads\/2026\/01\/Slide48-300x169.png 300w, https:\/\/www.theglacstudio.dk\/wp-content\/uploads\/2026\/01\/Slide48-768x432.png 768w, https:\/\/www.theglacstudio.dk\/wp-content\/uploads\/2026\/01\/Slide48-18x10.png 18w, https:\/\/www.theglacstudio.dk\/wp-content\/uploads\/2026\/01\/Slide48-600x338.png 600w, https:\/\/www.theglacstudio.dk\/wp-content\/uploads\/2026\/01\/Slide48-100x56.png 100w, https:\/\/www.theglacstudio.dk\/wp-content\/uploads\/2026\/01\/Slide48.png 1280w\" data-sizes=\"(max-width: 1024px) 100vw, 1024px\" src=\"data:image\/svg+xml;base64,PHN2ZyB3aWR0aD0iMSIgaGVpZ2h0PSIxIiB4bWxucz0iaHR0cDovL3d3dy53My5vcmcvMjAwMC9zdmciPjwvc3ZnPg==\" style=\"--smush-placeholder-width: 1024px; --smush-placeholder-aspect-ratio: 1024\/576;\" \/>\t\t\t\t\t\t\t\t\t\t\t\t\t\t\t<\/div>\n\t\t\t\t<\/div>\n\t\t\t\t<\/div>\n\t\t<div class=\"elementor-element elementor-element-b54b7ab e-con-full e-flex e-con e-child\" data-id=\"b54b7ab\" data-element_type=\"container\" data-e-type=\"container\">\n\t\t\t\t<div class=\"elementor-element elementor-element-ff330c5 elementor-widget elementor-widget-heading\" data-id=\"ff330c5\" data-element_type=\"widget\" data-e-type=\"widget\" data-widget_type=\"heading.default\">\n\t\t\t\t<div class=\"elementor-widget-container\">\n\t\t\t\t\t<h3 class=\"elementor-heading-title elementor-size-default\">Digital Activity<\/h3>\t\t\t\t<\/div>\n\t\t\t\t<\/div>\n\t\t\t\t<div class=\"elementor-element elementor-element-c60d171 elementor-widget elementor-widget-text-editor\" data-id=\"c60d171\" data-element_type=\"widget\" data-e-type=\"widget\" data-widget_type=\"text-editor.default\">\n\t\t\t\t<div class=\"elementor-widget-container\">\n\t\t\t\t\t\t\t\t\t<p data-start=\"132\" data-end=\"188\"><em data-start=\"155\" data-end=\"188\">Verdensdetektiver (WorldGuessr)<\/em><\/p><p data-start=\"190\" data-end=\"562\">B\u00f8rnene udforsker verden gennem spillet <strong data-start=\"230\" data-end=\"245\">WorldGuessr eller GeoGuessr<\/strong>, hvor de g\u00e6tter lande ud fra natur, bygninger, skilte, k\u00f8ret\u00f8jer, t\u00f8j og omgivelser.<\/p><ul><li data-start=\"190\" data-end=\"562\">Aktiviteten hj\u00e6lper dem med at opdage, at mennesker lever forskelligt rundt om i verden \u2013 og at disse forskelle er en styrke.<\/li><li data-start=\"190\" data-end=\"562\">Spillet styrker nysgerrighed, forst\u00e5else for migration og respekt for forskellige kulturer og livsformer.<\/li><\/ul>\t\t\t\t\t\t\t\t<\/div>\n\t\t\t\t<\/div>\n\t\t\t\t<\/div>\n\t\t\t\t\t<\/div>\n\t\t\t\t<\/div>\n\t\t<div class=\"elementor-element elementor-element-510c333 e-flex e-con-boxed e-con e-parent\" data-id=\"510c333\" data-element_type=\"container\" data-e-type=\"container\">\n\t\t\t\t\t<div class=\"e-con-inner\">\n\t\t<div class=\"elementor-element elementor-element-8c073c6 e-con-full e-flex e-con e-child\" data-id=\"8c073c6\" data-element_type=\"container\" data-e-type=\"container\">\n\t\t<div class=\"elementor-element elementor-element-c9171e2 e-con-full e-flex e-con e-child\" data-id=\"c9171e2\" data-element_type=\"container\" data-e-type=\"container\">\n\t\t<div class=\"elementor-element elementor-element-5f578e3 e-con-full e-flex e-con e-child\" data-id=\"5f578e3\" data-element_type=\"container\" data-e-type=\"container\">\n\t\t\t\t<div class=\"elementor-element elementor-element-0b5d513 elementor-widget elementor-widget-heading\" data-id=\"0b5d513\" data-element_type=\"widget\" data-e-type=\"widget\" data-widget_type=\"heading.default\">\n\t\t\t\t<div class=\"elementor-widget-container\">\n\t\t\t\t\t<h3 class=\"elementor-heading-title elementor-size-default\">Learning objectives<\/h3>\t\t\t\t<\/div>\n\t\t\t\t<\/div>\n\t\t\t\t<div class=\"elementor-element elementor-element-8bda19b elementor-widget elementor-widget-text-editor\" data-id=\"8bda19b\" data-element_type=\"widget\" data-e-type=\"widget\" data-widget_type=\"text-editor.default\">\n\t\t\t\t<div class=\"elementor-widget-container\">\n\t\t\t\t\t\t\t\t\t<ul class=\"list-disc list-inside text-slate-700 space-y-2\"><li>Understand basic migration and cultural encounters<\/li><li>Strengthen empathy and perspective taking<\/li><li>Identitetsforst\u00e5else gennem madlavning og fort\u00e6lling<\/li><li>Digital historiefort\u00e6lling med WorldGuessr<\/li><\/ul>\t\t\t\t\t\t\t\t<\/div>\n\t\t\t\t<\/div>\n\t\t\t\t<div class=\"elementor-element elementor-element-a7c8544 elementor-align-center elementor-widget elementor-widget-button\" data-id=\"a7c8544\" data-element_type=\"widget\" data-e-type=\"widget\" data-widget_type=\"button.default\">\n\t\t\t\t<div class=\"elementor-widget-container\">\n\t\t\t\t\t\t\t\t\t<div class=\"elementor-button-wrapper\">\n\t\t\t\t\t<a class=\"elementor-button elementor-button-link elementor-size-sm\" href=\"https:\/\/www.theglacstudio.dk\/en_us\/home\/innovative-laerings-center-projekt\/ilc-projekt-workshops\/\" target=\"_blank\">\n\t\t\t\t\t\t<span class=\"elementor-button-content-wrapper\">\n\t\t\t\t\t\t\t\t\t<span class=\"elementor-button-text\">Back to workshops<\/span>\n\t\t\t\t\t<\/span>\n\t\t\t\t\t<\/a>\n\t\t\t\t<\/div>\n\t\t\t\t\t\t\t\t<\/div>\n\t\t\t\t<\/div>\n\t\t\t\t<\/div>\n\t\t<div class=\"elementor-element elementor-element-b27f153 e-con-full e-flex e-con e-child\" data-id=\"b27f153\" data-element_type=\"container\" data-e-type=\"container\">\n\t\t\t\t<div class=\"elementor-element elementor-element-08a7da3 elementor-widget elementor-widget-heading\" data-id=\"08a7da3\" data-element_type=\"widget\" data-e-type=\"widget\" data-widget_type=\"heading.default\">\n\t\t\t\t<div class=\"elementor-widget-container\">\n\t\t\t\t\t<h3 class=\"elementor-heading-title elementor-size-default translation-block\">Workshop-structure<br>(2 hours)<\/h3>\t\t\t\t<\/div>\n\t\t\t\t<\/div>\n\t\t\t\t<div class=\"elementor-element elementor-element-976a2c5 elementor-widget elementor-widget-text-editor\" data-id=\"976a2c5\" data-element_type=\"widget\" data-e-type=\"widget\" data-widget_type=\"text-editor.default\">\n\t\t\t\t<div class=\"elementor-widget-container\">\n\t\t\t\t\t\t\t\t\t<ul class=\"list-decimal list-inside space-y-3 text-slate-700\"><li>Intro: What is migration? (10 min)<\/li><li>Kreativ aktivitet: madlavning (40 min)<\/li><li>Break &amp; discussion (10 min)<\/li><li>Digital aktivitet: Verdensdetektiver (40 min)<\/li><li>Sharing and summarizing (20 min)<\/li><\/ul>\t\t\t\t\t\t\t\t<\/div>\n\t\t\t\t<\/div>\n\t\t\t\t<div class=\"elementor-element elementor-element-054afb3 elementor-align-center elementor-widget elementor-widget-button\" data-id=\"054afb3\" data-element_type=\"widget\" data-e-type=\"widget\" data-widget_type=\"button.default\">\n\t\t\t\t<div class=\"elementor-widget-container\">\n\t\t\t\t\t\t\t\t\t<div class=\"elementor-button-wrapper\">\n\t\t\t\t\t<a class=\"elementor-button elementor-button-link elementor-size-sm\" href=\"https:\/\/www.theglacstudio.dk\/en_us\/home\/innovative-laerings-center-projekt\/ilc-projekt-workshops\/ilc-book-en-proevesession\/\" target=\"_blank\">\n\t\t\t\t\t\t<span class=\"elementor-button-content-wrapper\">\n\t\t\t\t\t\t\t\t\t<span class=\"elementor-button-text\">Book a trial session<\/span>\n\t\t\t\t\t<\/span>\n\t\t\t\t\t<\/a>\n\t\t\t\t<\/div>\n\t\t\t\t\t\t\t\t<\/div>\n\t\t\t\t<\/div>\n\t\t\t\t<\/div>\n\t\t<div class=\"elementor-element elementor-element-a25d226 e-con-full e-flex e-con e-child\" data-id=\"a25d226\" data-element_type=\"container\" data-e-type=\"container\">\n\t\t\t\t<div class=\"elementor-element elementor-element-6ad2ed9 elementor-widget elementor-widget-heading\" data-id=\"6ad2ed9\" data-element_type=\"widget\" data-e-type=\"widget\" data-widget_type=\"heading.default\">\n\t\t\t\t<div class=\"elementor-widget-container\">\n\t\t\t\t\t<h3 class=\"elementor-heading-title elementor-size-default\">Practical Information<\/h3>\t\t\t\t<\/div>\n\t\t\t\t<\/div>\n\t\t\t\t<div class=\"elementor-element elementor-element-b97484e elementor-widget elementor-widget-text-editor\" data-id=\"b97484e\" data-element_type=\"widget\" data-e-type=\"widget\" data-widget_type=\"text-editor.default\">\n\t\t\t\t<div class=\"elementor-widget-container\">\n\t\t\t\t\t\t\t\t\t<ul class=\"text-slate-700 space-y-2 list-disc list-inside\">\n<li>Duration: 2 hours<\/li>\n<li>Alder: 10\u201314 \u00e5r<\/li>\n<li>Group size: 6\u201320 children<\/li>\n<li>Materials and iPads provided<\/li>\n<li>Mentors (15\u201319 years) support throughout the process<\/li>\n<\/ul>\n<div>&nbsp;<\/div>\t\t\t\t\t\t\t\t<\/div>\n\t\t\t\t<\/div>\n\t\t\t\t<div class=\"elementor-element elementor-element-6f52397 elementor-align-center elementor-widget elementor-widget-button\" data-id=\"6f52397\" data-element_type=\"widget\" data-e-type=\"widget\" data-widget_type=\"button.default\">\n\t\t\t\t<div class=\"elementor-widget-container\">\n\t\t\t\t\t\t\t\t\t<div class=\"elementor-button-wrapper\">\n\t\t\t\t\t<a class=\"elementor-button elementor-button-link elementor-size-sm\" href=\"https:\/\/www.theglacstudio.dk\/en_us\/home\/innovative-laerings-center-projekt\/ilc-projekt-workshops\/ilc-book-workshop\/\" target=\"_blank\">\n\t\t\t\t\t\t<span class=\"elementor-button-content-wrapper\">\n\t\t\t\t\t\t\t\t\t<span class=\"elementor-button-text\">Book this workshop<\/span>\n\t\t\t\t\t<\/span>\n\t\t\t\t\t<\/a>\n\t\t\t\t<\/div>\n\t\t\t\t\t\t\t\t<\/div>\n\t\t\t\t<\/div>\n\t\t\t\t<\/div>\n\t\t\t\t<\/div>\n\t\t\t\t<\/div>\n\t\t\t\t\t<\/div>\n\t\t\t\t<\/div>\n\t\t<div class=\"elementor-element elementor-element-8748830 e-flex e-con-boxed e-con e-parent\" data-id=\"8748830\" data-element_type=\"container\" data-e-type=\"container\">\n\t\t\t\t\t<div class=\"e-con-inner\">\n\t\t<div class=\"elementor-element elementor-element-b027fd9 e-con-full e-flex e-con e-child\" data-id=\"b027fd9\" data-element_type=\"container\" data-e-type=\"container\">\n\t\t\t\t<div class=\"elementor-element elementor-element-6cfab4b elementor-widget elementor-widget-heading\" data-id=\"6cfab4b\" data-element_type=\"widget\" data-e-type=\"widget\" data-widget_type=\"heading.default\">\n\t\t\t\t<div class=\"elementor-widget-container\">\n\t\t\t\t\t<h3 class=\"elementor-heading-title elementor-size-default\">Erhvervspraktik i ILC \u2013 Unge som medskabere<\/h3>\t\t\t\t<\/div>\n\t\t\t\t<\/div>\n\t\t\t\t<div class=\"elementor-element elementor-element-aafb85f elementor-widget elementor-widget-text-editor\" data-id=\"aafb85f\" data-element_type=\"widget\" data-e-type=\"widget\" data-widget_type=\"text-editor.default\">\n\t\t\t\t<div class=\"elementor-widget-container\">\n\t\t\t\t\t\t\t\t\t<ul class=\"list-disc list-inside text-slate-600 text-sm space-y-1\"><li><strong data-start=\"122\" data-end=\"148\">Erhvervspraktik i ILC:<\/strong> 17-\u00e5rige <strong data-start=\"158\" data-end=\"174\">Damian Saxan<\/strong> fra <strong data-start=\"179\" data-end=\"197\" data-is-only-node=\"\">Hjordk\u00e6r Skole<\/strong> deltog i erhvervspraktik hos <strong data-start=\"227\" data-end=\"257\">Innovative Learning Center<\/strong> (et projekt udviklet af <em data-start=\"282\" data-end=\"313\">The Guiding Light Art Company<\/em>) i perioden <strong data-start=\"326\" data-end=\"346\">26\/01\u201330\/01 2026<\/strong><\/li><li data-start=\"350\" data-end=\"506\"><p data-start=\"352\" data-end=\"506\"><strong data-start=\"352\" data-end=\"383\">Indblik i l\u00e6ringsprojekter:<\/strong> Under praktikken fik Damian indsigt i ILC\u2019s p\u00e6dagogiske tilgang og i, hvordan kreative og dialog baserede workshops kan bruges til at arbejde med samfundstemaer som migration, identitet og tilh\u00f8rsforhold..<\/p><\/li><li data-start=\"507\" data-end=\"710\"><p data-start=\"509\" data-end=\"710\"><strong data-start=\"509\" data-end=\"535\">Medskaber af workshop:<\/strong> Som led i praktikken har Damian bidraget til workshoppen <strong data-start=\"834\" data-end=\"855\">\u201cR\u00f8dder &amp; vinger\u201d<\/strong>, der hj\u00e6lper b\u00f8rn med at forst\u00e5 migration gennem historier, sanser og f\u00e6llesskab.<\/p><\/li><li data-start=\"711\" data-end=\"830\"><p data-start=\"713\" data-end=\"830\"><strong data-start=\"713\" data-end=\"731\">Aktivt bidrag:<\/strong> Damian har udviklet id\u00e9er til b\u00e5de en kreativ, praktisk aktivitet med mad og kulturudveksling samt en digital aktivitet, hvor b\u00f8rn udforsker forskellige lande og livsformer gennem interaktive kortspil<\/p><\/li><li data-start=\"831\" data-end=\"960\"><p data-start=\"833\" data-end=\"960\"><strong data-start=\"833\" data-end=\"860\">Unge stemmer i centrum:<\/strong> Damians arbejde viser, hvordan unge kan bidrage med nye perspektiver og v\u00e6re aktive med skabere i innovative l\u00e6ringsmilj\u00f8er, der fremmer empati, forst\u00e5else og respekt for mangfoldighed.<\/p><\/li><\/ul>\t\t\t\t\t\t\t\t<\/div>\n\t\t\t\t<\/div>\n\t\t\t\t<\/div>\n\t\t<div class=\"elementor-element elementor-element-0d7abd9 e-con-full e-flex e-con e-child\" data-id=\"0d7abd9\" data-element_type=\"container\" data-e-type=\"container\">\n\t\t\t\t<div class=\"elementor-element elementor-element-4eee365 elementor-widget elementor-widget-image\" data-id=\"4eee365\" data-element_type=\"widget\" data-e-type=\"widget\" data-widget_type=\"image.default\">\n\t\t\t\t<div class=\"elementor-widget-container\">\n\t\t\t\t\t\t\t\t\t\t\t\t\t\t\t<img decoding=\"async\" width=\"1024\" height=\"576\" data-src=\"https:\/\/www.theglacstudio.dk\/wp-content\/uploads\/2026\/01\/Slide49-1024x576.png\" class=\"attachment-large size-large wp-image-9546 lazyload\" alt=\"\" data-srcset=\"https:\/\/www.theglacstudio.dk\/wp-content\/uploads\/2026\/01\/Slide49-1024x576.png 1024w, https:\/\/www.theglacstudio.dk\/wp-content\/uploads\/2026\/01\/Slide49-300x169.png 300w, https:\/\/www.theglacstudio.dk\/wp-content\/uploads\/2026\/01\/Slide49-768x432.png 768w, https:\/\/www.theglacstudio.dk\/wp-content\/uploads\/2026\/01\/Slide49-18x10.png 18w, https:\/\/www.theglacstudio.dk\/wp-content\/uploads\/2026\/01\/Slide49-600x338.png 600w, https:\/\/www.theglacstudio.dk\/wp-content\/uploads\/2026\/01\/Slide49-100x56.png 100w, https:\/\/www.theglacstudio.dk\/wp-content\/uploads\/2026\/01\/Slide49.png 1280w\" data-sizes=\"(max-width: 1024px) 100vw, 1024px\" src=\"data:image\/svg+xml;base64,PHN2ZyB3aWR0aD0iMSIgaGVpZ2h0PSIxIiB4bWxucz0iaHR0cDovL3d3dy53My5vcmcvMjAwMC9zdmciPjwvc3ZnPg==\" style=\"--smush-placeholder-width: 1024px; --smush-placeholder-aspect-ratio: 1024\/576;\" \/>\t\t\t\t\t\t\t\t\t\t\t\t\t\t\t<\/div>\n\t\t\t\t<\/div>\n\t\t\t\t<div class=\"elementor-element elementor-element-4648a23 elementor-widget elementor-widget-heading\" data-id=\"4648a23\" data-element_type=\"widget\" data-e-type=\"widget\" data-widget_type=\"heading.default\">\n\t\t\t\t<div class=\"elementor-widget-container\">\n\t\t\t\t\t<h3 class=\"elementor-heading-title elementor-size-default\">Damians refleksion over praktikopholdet<\/h3>\t\t\t\t<\/div>\n\t\t\t\t<\/div>\n\t\t\t\t<div class=\"elementor-element elementor-element-74eedac elementor-widget elementor-widget-text-editor\" data-id=\"74eedac\" data-element_type=\"widget\" data-e-type=\"widget\" data-widget_type=\"text-editor.default\">\n\t\t\t\t<div class=\"elementor-widget-container\">\n\t\t\t\t\t\t\t\t\t<p data-start=\"205\" data-end=\"519\"><em data-start=\"205\" data-end=\"519\">\u201cJeg har l\u00e6rt at arbejde i et team og at udvikle id\u00e9er til produkter samt opdatere en hjemmeside. Jeg har l\u00e6rt, at de fleste id\u00e9er kan fungere, og at jeg stadig kan bruge programmer, jeg godt kan lide, til at skabe noget sjovt \u2013 for eksempel WorldGuessr. Jeg synes, at b\u00f8rn nu kan l\u00e6re p\u00e5 en meget sjovere m\u00e5de.\u201d<\/em><\/p>\n<p data-start=\"521\" data-end=\"546\">\u2014 <strong data-start=\"523\" data-end=\"546\">Damian Saxan, 17 \u00e5r<\/strong><\/p>\t\t\t\t\t\t\t\t<\/div>\n\t\t\t\t<\/div>\n\t\t\t\t<\/div>\n\t\t\t\t\t<\/div>\n\t\t\t\t<\/div>\n\t\t\t\t<\/div>","protected":false},"excerpt":{"rendered":"<p>R\u00f8dder &amp; vinger Workshop om migration, identitet og kultur Fokusomr\u00e5de: Migration &amp; tilh\u00f8rsforhold\u0964 Alder: 10\u201314 \u0964 SDG 10.7 \u2013 Sikker [&hellip;]<\/p>\n","protected":false},"author":3,"featured_media":0,"parent":8605,"menu_order":0,"comment_status":"closed","ping_status":"closed","template":"","meta":{"_coblocks_attr":"","_coblocks_dimensions":"","_coblocks_responsive_height":"","_coblocks_accordion_ie_support":"","site-sidebar-layout":"no-sidebar","site-content-layout":"page-builder","ast-site-content-layout":"default","site-content-style":"default","site-sidebar-style":"default","ast-global-header-display":"","ast-banner-title-visibility":"disabled","ast-main-header-display":"disabled","ast-hfb-above-header-display":"","ast-hfb-below-header-display":"","ast-hfb-mobile-header-display":"","site-post-title":"disabled","ast-breadcrumbs-content":"","ast-featured-img":"disabled","footer-sml-layout":"","ast-disable-related-posts":"","theme-transparent-header-meta":"enabled","adv-header-id-meta":"","stick-header-meta":"","header-above-stick-meta":"","header-main-stick-meta":"","header-below-stick-meta":"","astra-migrate-meta-layouts":"set","ast-page-background-enabled":"default","ast-page-background-meta":{"desktop":{"background-color":"","background-image":"","background-repeat":"repeat","background-position":"center center","background-size":"auto","background-attachment":"scroll","background-type":"","background-media":"","overlay-type":"","overlay-color":"","overlay-opacity":"","overlay-gradient":""},"tablet":{"background-color":"","background-image":"","background-repeat":"repeat","background-position":"center center","background-size":"auto","background-attachment":"scroll","background-type":"","background-media":"","overlay-type":"","overlay-color":"","overlay-opacity":"","overlay-gradient":""},"mobile":{"background-color":"","background-image":"","background-repeat":"repeat","background-position":"center center","background-size":"auto","background-attachment":"scroll","background-type":"","background-media":"","overlay-type":"","overlay-color":"","overlay-opacity":"","overlay-gradient":""}},"ast-content-background-meta":{"desktop":{"background-color":"var(--ast-global-color-5)","background-image":"","background-repeat":"repeat","background-position":"center center","background-size":"auto","background-attachment":"scroll","background-type":"","background-media":"","overlay-type":"","overlay-color":"","overlay-opacity":"","overlay-gradient":""},"tablet":{"background-color":"var(--ast-global-color-5)","background-image":"","background-repeat":"repeat","background-position":"center center","background-size":"auto","background-attachment":"scroll","background-type":"","background-media":"","overlay-type":"","overlay-color":"","overlay-opacity":"","overlay-gradient":""},"mobile":{"background-color":"var(--ast-global-color-5)","background-image":"","background-repeat":"repeat","background-position":"center center","background-size":"auto","background-attachment":"scroll","background-type":"","background-media":"","overlay-type":"","overlay-color":"","overlay-opacity":"","overlay-gradient":""}},"footnotes":""},"class_list":["post-8950","page","type-page","status-publish","hentry"],"_links":{"self":[{"href":"https:\/\/www.theglacstudio.dk\/en_us\/wp-json\/wp\/v2\/pages\/8950","targetHints":{"allow":["GET"]}}],"collection":[{"href":"https:\/\/www.theglacstudio.dk\/en_us\/wp-json\/wp\/v2\/pages"}],"about":[{"href":"https:\/\/www.theglacstudio.dk\/en_us\/wp-json\/wp\/v2\/types\/page"}],"author":[{"embeddable":true,"href":"https:\/\/www.theglacstudio.dk\/en_us\/wp-json\/wp\/v2\/users\/3"}],"replies":[{"embeddable":true,"href":"https:\/\/www.theglacstudio.dk\/en_us\/wp-json\/wp\/v2\/comments?post=8950"}],"version-history":[{"count":47,"href":"https:\/\/www.theglacstudio.dk\/en_us\/wp-json\/wp\/v2\/pages\/8950\/revisions"}],"predecessor-version":[{"id":9561,"href":"https:\/\/www.theglacstudio.dk\/en_us\/wp-json\/wp\/v2\/pages\/8950\/revisions\/9561"}],"up":[{"embeddable":true,"href":"https:\/\/www.theglacstudio.dk\/en_us\/wp-json\/wp\/v2\/pages\/8605"}],"wp:attachment":[{"href":"https:\/\/www.theglacstudio.dk\/en_us\/wp-json\/wp\/v2\/media?parent=8950"}],"curies":[{"name":"wp","href":"https:\/\/api.w.org\/{rel}","templated":true}]}}