{"id":8961,"date":"2025-11-22T18:38:06","date_gmt":"2025-11-22T18:38:06","guid":{"rendered":"https:\/\/www.theglacstudio.dk\/?page_id=8961"},"modified":"2026-01-18T20:50:35","modified_gmt":"2026-01-18T20:50:35","slug":"ilc004","status":"publish","type":"page","link":"https:\/\/www.theglacstudio.dk\/en_us\/home\/innovative-laerings-center-projekt\/ilc-projekt-workshops\/ilc004\/","title":{"rendered":"ILC004 Hvem jeg er"},"content":{"rendered":"<div data-elementor-type=\"wp-page\" data-elementor-id=\"8961\" class=\"elementor elementor-8961\">\n\t\t\t\t<div class=\"elementor-element elementor-element-091c150 e-flex e-con-boxed e-con e-parent\" data-id=\"091c150\" data-element_type=\"container\" data-e-type=\"container\">\n\t\t\t\t\t<div class=\"e-con-inner\">\n\t\t\t\t<div class=\"elementor-element elementor-element-1372f9b elementor-widget elementor-widget-heading\" data-id=\"1372f9b\" data-element_type=\"widget\" data-e-type=\"widget\" data-widget_type=\"heading.default\">\n\t\t\t\t<div class=\"elementor-widget-container\">\n\t\t\t\t\t<h2 class=\"elementor-heading-title elementor-size-default\">Who I Am<\/h2>\t\t\t\t<\/div>\n\t\t\t\t<\/div>\n\t\t\t\t<div class=\"elementor-element elementor-element-950c951 elementor-widget elementor-widget-text-editor\" data-id=\"950c951\" data-element_type=\"widget\" data-e-type=\"widget\" data-widget_type=\"text-editor.default\">\n\t\t\t\t<div class=\"elementor-widget-container\">\n\t\t\t\t\t\t\t\t\t<p>Workshop on gender, gender roles and self-understanding<\/p><p class=\"mt-2 text-sm\">Focus area: Gender &amp; gender roles \u0964 Age: 10\u201314 \u0964 SDG 5 \u2013 Gender equality<\/p>\t\t\t\t\t\t\t\t<\/div>\n\t\t\t\t<\/div>\n\t\t\t\t<div class=\"elementor-element elementor-element-2ab6fd5 elementor-widget elementor-widget-heading\" data-id=\"2ab6fd5\" data-element_type=\"widget\" data-e-type=\"widget\" data-widget_type=\"heading.default\">\n\t\t\t\t<div class=\"elementor-widget-container\">\n\t\t\t\t\t<h3 class=\"elementor-heading-title elementor-size-default\">Description:<\/h3>\t\t\t\t<\/div>\n\t\t\t\t<\/div>\n\t\t\t\t<div class=\"elementor-element elementor-element-879a6a7 elementor-widget elementor-widget-text-editor\" data-id=\"879a6a7\" data-element_type=\"widget\" data-e-type=\"widget\" data-widget_type=\"text-editor.default\">\n\t\t\t\t<div class=\"elementor-widget-container\">\n\t\t\t\t\t\t\t\t\t<p class=\"text-slate-700 leading-relaxed\">\u201cWho I am\u201d explores gender and gender roles in a safe, creative and child-friendly way. The focus is on helping children understand that all people can express themselves freely \u2013 without restrictions from stereotypical expectations.<\/p><p class=\"text-slate-700\">The workshop strengthens equality, respect and understanding for diverse ways of being themselves.<\/p>\t\t\t\t\t\t\t\t<\/div>\n\t\t\t\t<\/div>\n\t\t\t\t\t<\/div>\n\t\t\t\t<\/div>\n\t\t<div class=\"elementor-element elementor-element-92b1dee e-flex e-con-boxed e-con e-parent\" data-id=\"92b1dee\" data-element_type=\"container\" data-e-type=\"container\">\n\t\t\t\t\t<div class=\"e-con-inner\">\n\t\t<div class=\"elementor-element elementor-element-88f92e8 e-con-full e-flex e-con e-child\" data-id=\"88f92e8\" data-element_type=\"container\" data-e-type=\"container\">\n\t\t\t\t<div class=\"elementor-element elementor-element-75a244d elementor-widget elementor-widget-heading\" data-id=\"75a244d\" data-element_type=\"widget\" data-e-type=\"widget\" data-widget_type=\"heading.default\">\n\t\t\t\t<div class=\"elementor-widget-container\">\n\t\t\t\t\t<h3 class=\"elementor-heading-title elementor-size-default\">Creative Practical Activity<\/h3>\t\t\t\t<\/div>\n\t\t\t\t<\/div>\n\t\t\t\t<div class=\"elementor-element elementor-element-22ff4fb elementor-widget elementor-widget-text-editor\" data-id=\"22ff4fb\" data-element_type=\"widget\" data-e-type=\"widget\" data-widget_type=\"text-editor.default\">\n\t\t\t\t<div class=\"elementor-widget-container\">\n\t\t\t\t\t\t\t\t\t<p class=\"text-slate-700 leading-relaxed\">Children make an \u201cI-can-do-anything\u201d super figure \u2013 a drawn or collage-based figure that breaks classic gender roles. The figure shows that both boys, girls and everyone else can be strong, creative, calm, brave and caring.<\/p><ul class=\"list-disc list-inside text-slate-600 text-sm space-y-1\"><li>Draw or cut out your own super figure without gender restrictions<\/li><li>Add strengths and superpowers (e.g. courage, love, consideration, curiosity)<\/li><li>Conversation: \u201cWhat can my figure do? What can I do?\u201d<\/li><\/ul>\t\t\t\t\t\t\t\t<\/div>\n\t\t\t\t<\/div>\n\t\t\t\t<\/div>\n\t\t<div class=\"elementor-element elementor-element-6d91da7 e-con-full e-flex e-con e-child\" data-id=\"6d91da7\" data-element_type=\"container\" data-e-type=\"container\">\n\t\t\t\t<div class=\"elementor-element elementor-element-f04a717 elementor-widget elementor-widget-image\" data-id=\"f04a717\" data-element_type=\"widget\" data-e-type=\"widget\" data-widget_type=\"image.default\">\n\t\t\t\t<div class=\"elementor-widget-container\">\n\t\t\t\t\t\t\t\t\t\t\t\t\t\t\t<img fetchpriority=\"high\" decoding=\"async\" width=\"1024\" height=\"576\" src=\"https:\/\/www.theglacstudio.dk\/wp-content\/uploads\/2025\/11\/Slide39-1024x576.png\" class=\"attachment-large size-large wp-image-8896\" alt=\"\" srcset=\"https:\/\/www.theglacstudio.dk\/wp-content\/uploads\/2025\/11\/Slide39-1024x576.png 1024w, https:\/\/www.theglacstudio.dk\/wp-content\/uploads\/2025\/11\/Slide39-300x169.png 300w, https:\/\/www.theglacstudio.dk\/wp-content\/uploads\/2025\/11\/Slide39-768x432.png 768w, https:\/\/www.theglacstudio.dk\/wp-content\/uploads\/2025\/11\/Slide39-18x10.png 18w, https:\/\/www.theglacstudio.dk\/wp-content\/uploads\/2025\/11\/Slide39-600x338.png 600w, https:\/\/www.theglacstudio.dk\/wp-content\/uploads\/2025\/11\/Slide39-100x56.png 100w, https:\/\/www.theglacstudio.dk\/wp-content\/uploads\/2025\/11\/Slide39.png 1280w\" sizes=\"(max-width: 1024px) 100vw, 1024px\" \/>\t\t\t\t\t\t\t\t\t\t\t\t\t\t\t<\/div>\n\t\t\t\t<\/div>\n\t\t\t\t<\/div>\n\t\t<div class=\"elementor-element elementor-element-093dc7f e-con-full e-flex e-con e-child\" data-id=\"093dc7f\" data-element_type=\"container\" data-e-type=\"container\">\n\t\t\t\t<div class=\"elementor-element elementor-element-d1972b0 elementor-widget elementor-widget-image\" data-id=\"d1972b0\" data-element_type=\"widget\" data-e-type=\"widget\" data-widget_type=\"image.default\">\n\t\t\t\t<div class=\"elementor-widget-container\">\n\t\t\t\t\t\t\t\t\t\t\t\t\t\t\t<img fetchpriority=\"high\" decoding=\"async\" width=\"1024\" height=\"576\" src=\"https:\/\/www.theglacstudio.dk\/wp-content\/uploads\/2025\/11\/Slide39-1024x576.png\" class=\"attachment-large size-large wp-image-8896\" alt=\"\" srcset=\"https:\/\/www.theglacstudio.dk\/wp-content\/uploads\/2025\/11\/Slide39-1024x576.png 1024w, https:\/\/www.theglacstudio.dk\/wp-content\/uploads\/2025\/11\/Slide39-300x169.png 300w, https:\/\/www.theglacstudio.dk\/wp-content\/uploads\/2025\/11\/Slide39-768x432.png 768w, https:\/\/www.theglacstudio.dk\/wp-content\/uploads\/2025\/11\/Slide39-18x10.png 18w, https:\/\/www.theglacstudio.dk\/wp-content\/uploads\/2025\/11\/Slide39-600x338.png 600w, https:\/\/www.theglacstudio.dk\/wp-content\/uploads\/2025\/11\/Slide39-100x56.png 100w, https:\/\/www.theglacstudio.dk\/wp-content\/uploads\/2025\/11\/Slide39.png 1280w\" sizes=\"(max-width: 1024px) 100vw, 1024px\" \/>\t\t\t\t\t\t\t\t\t\t\t\t\t\t\t<\/div>\n\t\t\t\t<\/div>\n\t\t\t\t<\/div>\n\t\t<div class=\"elementor-element elementor-element-7898914 e-con-full e-flex e-con e-child\" data-id=\"7898914\" data-element_type=\"container\" data-e-type=\"container\">\n\t\t\t\t<div class=\"elementor-element elementor-element-a6c5901 elementor-widget elementor-widget-heading\" data-id=\"a6c5901\" data-element_type=\"widget\" data-e-type=\"widget\" data-widget_type=\"heading.default\">\n\t\t\t\t<div class=\"elementor-widget-container\">\n\t\t\t\t\t<h3 class=\"elementor-heading-title elementor-size-default\">Digital Activity<\/h3>\t\t\t\t<\/div>\n\t\t\t\t<\/div>\n\t\t\t\t<div class=\"elementor-element elementor-element-635e657 elementor-widget elementor-widget-text-editor\" data-id=\"635e657\" data-element_type=\"widget\" data-e-type=\"widget\" data-widget_type=\"text-editor.default\">\n\t\t\t\t<div class=\"elementor-widget-container\">\n\t\t\t\t\t\t\t\t\t<p class=\"text-slate-700 leading-relaxed\">We use **Microsoft Designer** to create a digital mini-poster: \u201cThere are no girl things or boy things \u2013 there are MY things\u201d. Children choose colors, images and words that fit their personality, not their gender.<\/p><ul class=\"list-disc list-inside text-slate-600 text-sm space-y-1\"><li>Choose colors and symbols that represent you<\/li><li>Write words: \u201cI am\u2026\u201d (e.g. strong, friendly, creative, calm, fast)<\/li><li>Export and print the poster<\/li><\/ul>\t\t\t\t\t\t\t\t<\/div>\n\t\t\t\t<\/div>\n\t\t\t\t<\/div>\n\t\t\t\t\t<\/div>\n\t\t\t\t<\/div>\n\t\t<div class=\"elementor-element elementor-element-56b20b3 e-flex e-con-boxed e-con e-parent\" data-id=\"56b20b3\" data-element_type=\"container\" data-e-type=\"container\">\n\t\t\t\t\t<div class=\"e-con-inner\">\n\t\t<div class=\"elementor-element elementor-element-b61d2e9 e-con-full e-flex e-con e-child\" data-id=\"b61d2e9\" data-element_type=\"container\" data-e-type=\"container\">\n\t\t<div class=\"elementor-element elementor-element-6699950 e-con-full e-flex e-con e-child\" data-id=\"6699950\" data-element_type=\"container\" data-e-type=\"container\">\n\t\t<div class=\"elementor-element elementor-element-cc5a883 e-con-full e-flex e-con e-child\" data-id=\"cc5a883\" data-element_type=\"container\" data-e-type=\"container\">\n\t\t\t\t<div class=\"elementor-element elementor-element-642f5b9 elementor-widget elementor-widget-heading\" data-id=\"642f5b9\" data-element_type=\"widget\" data-e-type=\"widget\" data-widget_type=\"heading.default\">\n\t\t\t\t<div class=\"elementor-widget-container\">\n\t\t\t\t\t<h3 class=\"elementor-heading-title elementor-size-default\">Learning objectives<\/h3>\t\t\t\t<\/div>\n\t\t\t\t<\/div>\n\t\t\t\t<div class=\"elementor-element elementor-element-2662851 elementor-widget elementor-widget-text-editor\" data-id=\"2662851\" data-element_type=\"widget\" data-e-type=\"widget\" data-widget_type=\"text-editor.default\">\n\t\t\t\t<div class=\"elementor-widget-container\">\n\t\t\t\t\t\t\t\t\t<ul class=\"list-disc list-inside text-slate-700 space-y-2\"><li>Understanding gender and gender roles<\/li><li>Breaking stereotypical expectations<\/li><li>Strengthening self-esteem and freedom to express oneself<\/li><li>Respect for diverse forms of expression and identities<\/li><\/ul>\t\t\t\t\t\t\t\t<\/div>\n\t\t\t\t<\/div>\n\t\t\t\t<div class=\"elementor-element elementor-element-a67195c elementor-align-center elementor-widget elementor-widget-button\" data-id=\"a67195c\" data-element_type=\"widget\" data-e-type=\"widget\" data-widget_type=\"button.default\">\n\t\t\t\t<div class=\"elementor-widget-container\">\n\t\t\t\t\t\t\t\t\t<div class=\"elementor-button-wrapper\">\n\t\t\t\t\t<a class=\"elementor-button elementor-button-link elementor-size-sm\" href=\"https:\/\/www.theglacstudio.dk\/en_us\/home\/innovative-laerings-center-projekt\/ilc-projekt-workshops\/\" target=\"_blank\">\n\t\t\t\t\t\t<span class=\"elementor-button-content-wrapper\">\n\t\t\t\t\t\t\t\t\t<span class=\"elementor-button-text\">Back to workshops<\/span>\n\t\t\t\t\t<\/span>\n\t\t\t\t\t<\/a>\n\t\t\t\t<\/div>\n\t\t\t\t\t\t\t\t<\/div>\n\t\t\t\t<\/div>\n\t\t\t\t<\/div>\n\t\t<div class=\"elementor-element elementor-element-5449f7a e-con-full e-flex e-con e-child\" data-id=\"5449f7a\" data-element_type=\"container\" data-e-type=\"container\">\n\t\t\t\t<div class=\"elementor-element elementor-element-9b0f32d elementor-widget elementor-widget-heading\" data-id=\"9b0f32d\" data-element_type=\"widget\" data-e-type=\"widget\" data-widget_type=\"heading.default\">\n\t\t\t\t<div class=\"elementor-widget-container\">\n\t\t\t\t\t<h3 class=\"elementor-heading-title elementor-size-default translation-block\">Workshop-structure<br>(2 hours)<\/h3>\t\t\t\t<\/div>\n\t\t\t\t<\/div>\n\t\t\t\t<div class=\"elementor-element elementor-element-0744b59 elementor-widget elementor-widget-text-editor\" data-id=\"0744b59\" data-element_type=\"widget\" data-e-type=\"widget\" data-widget_type=\"text-editor.default\">\n\t\t\t\t<div class=\"elementor-widget-container\">\n\t\t\t\t\t\t\t\t\t<ul class=\"list-decimal list-inside space-y-3 text-slate-700\"><li>Intro: What is gender &amp; gender roles? (10 min)<\/li><li>Creative activity: Super figure without gender limitations (40 min)<\/li><li>Reflection in circle: \u201cWhat can all people do?\u201d (10 min)<\/li><li>Digital activity: My equality poster in Designer (40 min)<\/li><li>Presentation &amp; joint conclusion (20 min)<\/li><\/ul>\t\t\t\t\t\t\t\t<\/div>\n\t\t\t\t<\/div>\n\t\t\t\t<div class=\"elementor-element elementor-element-d7e0f89 elementor-align-center elementor-widget elementor-widget-button\" data-id=\"d7e0f89\" data-element_type=\"widget\" data-e-type=\"widget\" data-widget_type=\"button.default\">\n\t\t\t\t<div class=\"elementor-widget-container\">\n\t\t\t\t\t\t\t\t\t<div class=\"elementor-button-wrapper\">\n\t\t\t\t\t<a class=\"elementor-button elementor-button-link elementor-size-sm\" href=\"https:\/\/www.theglacstudio.dk\/en_us\/home\/innovative-laerings-center-projekt\/ilc-projekt-workshops\/ilc-book-en-proevesession\/\" target=\"_blank\">\n\t\t\t\t\t\t<span class=\"elementor-button-content-wrapper\">\n\t\t\t\t\t\t\t\t\t<span class=\"elementor-button-text\">Book a trial session<\/span>\n\t\t\t\t\t<\/span>\n\t\t\t\t\t<\/a>\n\t\t\t\t<\/div>\n\t\t\t\t\t\t\t\t<\/div>\n\t\t\t\t<\/div>\n\t\t\t\t<\/div>\n\t\t<div class=\"elementor-element elementor-element-b1b744c e-con-full e-flex e-con e-child\" data-id=\"b1b744c\" data-element_type=\"container\" data-e-type=\"container\">\n\t\t\t\t<div class=\"elementor-element elementor-element-f188632 elementor-widget elementor-widget-heading\" data-id=\"f188632\" data-element_type=\"widget\" data-e-type=\"widget\" data-widget_type=\"heading.default\">\n\t\t\t\t<div class=\"elementor-widget-container\">\n\t\t\t\t\t<h3 class=\"elementor-heading-title elementor-size-default\">Practical Information<\/h3>\t\t\t\t<\/div>\n\t\t\t\t<\/div>\n\t\t\t\t<div class=\"elementor-element elementor-element-b519b5e elementor-widget elementor-widget-text-editor\" data-id=\"b519b5e\" data-element_type=\"widget\" data-e-type=\"widget\" data-widget_type=\"text-editor.default\">\n\t\t\t\t<div class=\"elementor-widget-container\">\n\t\t\t\t\t\t\t\t\t<ul class=\"text-slate-700 space-y-2 list-disc list-inside\"><li>Duration: 2 hours<\/li><li>Alder: 10\u201314 \u00e5r<\/li><li>Group size: 6\u201320 children<\/li><li>Materials and iPads provided<\/li><li>Mentors (15\u201319 years) support throughout the process<\/li><\/ul><div>\u00a0<\/div><div>\u00a0<\/div><div>\u00a0<\/div>\t\t\t\t\t\t\t\t<\/div>\n\t\t\t\t<\/div>\n\t\t\t\t<div class=\"elementor-element elementor-element-6f6a345 elementor-align-center elementor-widget elementor-widget-button\" data-id=\"6f6a345\" data-element_type=\"widget\" data-e-type=\"widget\" data-widget_type=\"button.default\">\n\t\t\t\t<div class=\"elementor-widget-container\">\n\t\t\t\t\t\t\t\t\t<div class=\"elementor-button-wrapper\">\n\t\t\t\t\t<a class=\"elementor-button elementor-button-link elementor-size-sm\" href=\"https:\/\/www.theglacstudio.dk\/en_us\/home\/innovative-laerings-center-projekt\/ilc-projekt-workshops\/ilc-book-workshop\/\" target=\"_blank\">\n\t\t\t\t\t\t<span class=\"elementor-button-content-wrapper\">\n\t\t\t\t\t\t\t\t\t<span class=\"elementor-button-text\">Book this workshop<\/span>\n\t\t\t\t\t<\/span>\n\t\t\t\t\t<\/a>\n\t\t\t\t<\/div>\n\t\t\t\t\t\t\t\t<\/div>\n\t\t\t\t<\/div>\n\t\t\t\t<\/div>\n\t\t\t\t<\/div>\n\t\t\t\t<\/div>\n\t\t\t\t\t<\/div>\n\t\t\t\t<\/div>\n\t\t\t\t<\/div>","protected":false},"excerpt":{"rendered":"<p>Hvem jeg er Workshop om k\u00f8n, k\u00f8nsroller og selvforst\u00e5else Fokusomr\u00e5de: K\u00f8n &amp; k\u00f8nsroller \u0964 Alder: 10\u201314 \u0964 SDG 5 \u2013 [&hellip;]<\/p>\n","protected":false},"author":3,"featured_media":0,"parent":8605,"menu_order":0,"comment_status":"closed","ping_status":"closed","template":"","meta":{"_coblocks_attr":"","_coblocks_dimensions":"","_coblocks_responsive_height":"","_coblocks_accordion_ie_support":"","site-sidebar-layout":"no-sidebar","site-content-layout":"page-builder","ast-site-content-layout":"default","site-content-style":"default","site-sidebar-style":"default","ast-global-header-display":"","ast-banner-title-visibility":"disabled","ast-main-header-display":"disabled","ast-hfb-above-header-display":"","ast-hfb-below-header-display":"","ast-hfb-mobile-header-display":"","site-post-title":"disabled","ast-breadcrumbs-content":"","ast-featured-img":"disabled","footer-sml-layout":"","ast-disable-related-posts":"","theme-transparent-header-meta":"enabled","adv-header-id-meta":"","stick-header-meta":"","header-above-stick-meta":"","header-main-stick-meta":"","header-below-stick-meta":"","astra-migrate-meta-layouts":"set","ast-page-background-enabled":"default","ast-page-background-meta":{"desktop":{"background-color":"","background-image":"","background-repeat":"repeat","background-position":"center center","background-size":"auto","background-attachment":"scroll","background-type":"","background-media":"","overlay-type":"","overlay-color":"","overlay-opacity":"","overlay-gradient":""},"tablet":{"background-color":"","background-image":"","background-repeat":"repeat","background-position":"center center","background-size":"auto","background-attachment":"scroll","background-type":"","background-media":"","overlay-type":"","overlay-color":"","overlay-opacity":"","overlay-gradient":""},"mobile":{"background-color":"","background-image":"","background-repeat":"repeat","background-position":"center center","background-size":"auto","background-attachment":"scroll","background-type":"","background-media":"","overlay-type":"","overlay-color":"","overlay-opacity":"","overlay-gradient":""}},"ast-content-background-meta":{"desktop":{"background-color":"var(--ast-global-color-5)","background-image":"","background-repeat":"repeat","background-position":"center center","background-size":"auto","background-attachment":"scroll","background-type":"","background-media":"","overlay-type":"","overlay-color":"","overlay-opacity":"","overlay-gradient":""},"tablet":{"background-color":"var(--ast-global-color-5)","background-image":"","background-repeat":"repeat","background-position":"center center","background-size":"auto","background-attachment":"scroll","background-type":"","background-media":"","overlay-type":"","overlay-color":"","overlay-opacity":"","overlay-gradient":""},"mobile":{"background-color":"var(--ast-global-color-5)","background-image":"","background-repeat":"repeat","background-position":"center center","background-size":"auto","background-attachment":"scroll","background-type":"","background-media":"","overlay-type":"","overlay-color":"","overlay-opacity":"","overlay-gradient":""}},"footnotes":""},"class_list":["post-8961","page","type-page","status-publish","hentry"],"_links":{"self":[{"href":"https:\/\/www.theglacstudio.dk\/en_us\/wp-json\/wp\/v2\/pages\/8961","targetHints":{"allow":["GET"]}}],"collection":[{"href":"https:\/\/www.theglacstudio.dk\/en_us\/wp-json\/wp\/v2\/pages"}],"about":[{"href":"https:\/\/www.theglacstudio.dk\/en_us\/wp-json\/wp\/v2\/types\/page"}],"author":[{"embeddable":true,"href":"https:\/\/www.theglacstudio.dk\/en_us\/wp-json\/wp\/v2\/users\/3"}],"replies":[{"embeddable":true,"href":"https:\/\/www.theglacstudio.dk\/en_us\/wp-json\/wp\/v2\/comments?post=8961"}],"version-history":[{"count":18,"href":"https:\/\/www.theglacstudio.dk\/en_us\/wp-json\/wp\/v2\/pages\/8961\/revisions"}],"predecessor-version":[{"id":9416,"href":"https:\/\/www.theglacstudio.dk\/en_us\/wp-json\/wp\/v2\/pages\/8961\/revisions\/9416"}],"up":[{"embeddable":true,"href":"https:\/\/www.theglacstudio.dk\/en_us\/wp-json\/wp\/v2\/pages\/8605"}],"wp:attachment":[{"href":"https:\/\/www.theglacstudio.dk\/en_us\/wp-json\/wp\/v2\/media?parent=8961"}],"curies":[{"name":"wp","href":"https:\/\/api.w.org\/{rel}","templated":true}]}}