{"id":9034,"date":"2025-11-23T10:57:39","date_gmt":"2025-11-23T10:57:39","guid":{"rendered":"https:\/\/www.theglacstudio.dk\/?page_id=9034"},"modified":"2026-01-30T10:55:29","modified_gmt":"2026-01-30T10:55:29","slug":"ilc014","status":"publish","type":"page","link":"https:\/\/www.theglacstudio.dk\/en_us\/home\/innovative-laerings-center-projekt\/ilc-projekt-workshops\/ilc014\/","title":{"rendered":"ILC014 V\u00e5ben og visdom"},"content":{"rendered":"<div data-elementor-type=\"wp-page\" data-elementor-id=\"9034\" class=\"elementor elementor-9034\">\n\t\t\t\t<div class=\"elementor-element elementor-element-484b6eb e-flex e-con-boxed e-con e-parent\" data-id=\"484b6eb\" data-element_type=\"container\" data-e-type=\"container\">\n\t\t\t\t\t<div class=\"e-con-inner\">\n\t\t\t\t<div class=\"elementor-element elementor-element-5e41768 elementor-widget elementor-widget-heading\" data-id=\"5e41768\" data-element_type=\"widget\" data-e-type=\"widget\" data-widget_type=\"heading.default\">\n\t\t\t\t<div class=\"elementor-widget-container\">\n\t\t\t\t\t<h2 class=\"elementor-heading-title elementor-size-default\">Weapons and Wisdom<\/h2>\t\t\t\t<\/div>\n\t\t\t\t<\/div>\n\t\t\t\t<div class=\"elementor-element elementor-element-9b0eff1 elementor-widget elementor-widget-text-editor\" data-id=\"9b0eff1\" data-element_type=\"widget\" data-e-type=\"widget\" data-widget_type=\"text-editor.default\">\n\t\t\t\t<div class=\"elementor-widget-container\">\n\t\t\t\t\t\t\t\t\t<p>Workshop on Physical, Social and Technological Weapons<\/p><p class=\"mt-2 text-sm\">Focus Area: Weapons (physical, social, technological) \u0964 Age: 10\u201314 \u0964 SDG 16.1 \u2013 Reduce Violence<\/p>\t\t\t\t\t\t\t\t<\/div>\n\t\t\t\t<\/div>\n\t\t\t\t<div class=\"elementor-element elementor-element-0f319b9 elementor-widget elementor-widget-heading\" data-id=\"0f319b9\" data-element_type=\"widget\" data-e-type=\"widget\" data-widget_type=\"heading.default\">\n\t\t\t\t<div class=\"elementor-widget-container\">\n\t\t\t\t\t<h3 class=\"elementor-heading-title elementor-size-default\">Description:<\/h3>\t\t\t\t<\/div>\n\t\t\t\t<\/div>\n\t\t\t\t<div class=\"elementor-element elementor-element-699965f elementor-widget elementor-widget-text-editor\" data-id=\"699965f\" data-element_type=\"widget\" data-e-type=\"widget\" data-widget_type=\"text-editor.default\">\n\t\t\t\t<div class=\"elementor-widget-container\">\n\t\t\t\t\t\t\t\t\t<p class=\"text-slate-700 leading-relaxed\">\u201cWeapons and Wisdom\u201d explores how weapons are not just physical objects \u2013 but also words, bullying, social media, misinformation and technological tools that can harm others. The workshop helps children understand both dangers and responsibilities.<\/p><p class=\"text-slate-700\">The focus is on safety, critical thinking, responsibility and wisdom in the way we use our words, bodies and technology.<\/p>\t\t\t\t\t\t\t\t<\/div>\n\t\t\t\t<\/div>\n\t\t\t\t\t<\/div>\n\t\t\t\t<\/div>\n\t\t<div class=\"elementor-element elementor-element-c5c4cb8 e-flex e-con-boxed e-con e-parent\" data-id=\"c5c4cb8\" data-element_type=\"container\" data-e-type=\"container\">\n\t\t\t\t\t<div class=\"e-con-inner\">\n\t\t<div class=\"elementor-element elementor-element-ffc462a e-con-full e-flex e-con e-child\" data-id=\"ffc462a\" data-element_type=\"container\" data-e-type=\"container\">\n\t\t\t\t<div class=\"elementor-element elementor-element-d4ab2dd elementor-widget elementor-widget-heading\" data-id=\"d4ab2dd\" data-element_type=\"widget\" data-e-type=\"widget\" data-widget_type=\"heading.default\">\n\t\t\t\t<div class=\"elementor-widget-container\">\n\t\t\t\t\t<h3 class=\"elementor-heading-title elementor-size-default\">Creative Practical Activity<\/h3>\t\t\t\t<\/div>\n\t\t\t\t<\/div>\n\t\t\t\t<div class=\"elementor-element elementor-element-e734b59 elementor-widget elementor-widget-text-editor\" data-id=\"e734b59\" data-element_type=\"widget\" data-e-type=\"widget\" data-widget_type=\"text-editor.default\">\n\t\t\t\t<div class=\"elementor-widget-container\">\n\t\t\t\t\t\t\t\t\t<p class=\"text-slate-700 leading-relaxed\"><strong data-start=\"174\" data-end=\"211\">Baryon \u2013 t\u00e6nk, skab og v\u00e6lg klogt<\/strong><br data-start=\"211\" data-end=\"214\" \/><em data-start=\"214\" data-end=\"222\">Baryon<\/em> er et enkelt strategispil, hvor b\u00f8rn bruger logik og omtanke for at n\u00e5 point. I aktiviteten designer b\u00f8rnene deres egen version af spillet, s\u00e5 kreativitet og ansvar g\u00e5r h\u00e5nd i h\u00e5nd. Spillet bruges til at tale om, hvordan konkurrence, ord og handlinger kan blive \u201cv\u00e5ben\u201d \u2013 eller bruges med visdom, respekt og sikkerhed.<\/p>\t\t\t\t\t\t\t\t<\/div>\n\t\t\t\t<\/div>\n\t\t\t\t<\/div>\n\t\t<div class=\"elementor-element elementor-element-9ae44d5 e-con-full e-flex e-con e-child\" data-id=\"9ae44d5\" data-element_type=\"container\" data-e-type=\"container\">\n\t\t\t\t<div class=\"elementor-element elementor-element-faf36d0 elementor-widget elementor-widget-image\" data-id=\"faf36d0\" data-element_type=\"widget\" data-e-type=\"widget\" data-widget_type=\"image.default\">\n\t\t\t\t<div class=\"elementor-widget-container\">\n\t\t\t\t\t\t\t\t\t\t\t\t\t\t\t<img fetchpriority=\"high\" decoding=\"async\" width=\"1024\" height=\"576\" src=\"https:\/\/www.theglacstudio.dk\/wp-content\/uploads\/2026\/01\/Slide-44-1024x576.png\" class=\"attachment-large size-large wp-image-9488\" alt=\"\" srcset=\"https:\/\/www.theglacstudio.dk\/wp-content\/uploads\/2026\/01\/Slide-44-1024x576.png 1024w, https:\/\/www.theglacstudio.dk\/wp-content\/uploads\/2026\/01\/Slide-44-300x169.png 300w, https:\/\/www.theglacstudio.dk\/wp-content\/uploads\/2026\/01\/Slide-44-768x432.png 768w, https:\/\/www.theglacstudio.dk\/wp-content\/uploads\/2026\/01\/Slide-44-18x10.png 18w, https:\/\/www.theglacstudio.dk\/wp-content\/uploads\/2026\/01\/Slide-44-600x338.png 600w, https:\/\/www.theglacstudio.dk\/wp-content\/uploads\/2026\/01\/Slide-44-100x56.png 100w, https:\/\/www.theglacstudio.dk\/wp-content\/uploads\/2026\/01\/Slide-44.png 1280w\" sizes=\"(max-width: 1024px) 100vw, 1024px\" \/>\t\t\t\t\t\t\t\t\t\t\t\t\t\t\t<\/div>\n\t\t\t\t<\/div>\n\t\t\t\t<\/div>\n\t\t<div class=\"elementor-element elementor-element-4156804 e-con-full e-flex e-con e-child\" data-id=\"4156804\" data-element_type=\"container\" data-e-type=\"container\">\n\t\t\t\t<div class=\"elementor-element elementor-element-a176783 elementor-widget elementor-widget-image\" data-id=\"a176783\" data-element_type=\"widget\" data-e-type=\"widget\" data-widget_type=\"image.default\">\n\t\t\t\t<div class=\"elementor-widget-container\">\n\t\t\t\t\t\t\t\t\t\t\t\t\t\t\t<img decoding=\"async\" width=\"1024\" height=\"576\" data-src=\"https:\/\/www.theglacstudio.dk\/wp-content\/uploads\/2026\/01\/Slide-45-1024x576.png\" class=\"attachment-large size-large wp-image-9489 lazyload\" alt=\"\" data-srcset=\"https:\/\/www.theglacstudio.dk\/wp-content\/uploads\/2026\/01\/Slide-45-1024x576.png 1024w, https:\/\/www.theglacstudio.dk\/wp-content\/uploads\/2026\/01\/Slide-45-300x169.png 300w, https:\/\/www.theglacstudio.dk\/wp-content\/uploads\/2026\/01\/Slide-45-768x432.png 768w, https:\/\/www.theglacstudio.dk\/wp-content\/uploads\/2026\/01\/Slide-45-18x10.png 18w, https:\/\/www.theglacstudio.dk\/wp-content\/uploads\/2026\/01\/Slide-45-600x338.png 600w, https:\/\/www.theglacstudio.dk\/wp-content\/uploads\/2026\/01\/Slide-45-100x56.png 100w, https:\/\/www.theglacstudio.dk\/wp-content\/uploads\/2026\/01\/Slide-45.png 1280w\" data-sizes=\"(max-width: 1024px) 100vw, 1024px\" src=\"data:image\/svg+xml;base64,PHN2ZyB3aWR0aD0iMSIgaGVpZ2h0PSIxIiB4bWxucz0iaHR0cDovL3d3dy53My5vcmcvMjAwMC9zdmciPjwvc3ZnPg==\" style=\"--smush-placeholder-width: 1024px; --smush-placeholder-aspect-ratio: 1024\/576;\" \/>\t\t\t\t\t\t\t\t\t\t\t\t\t\t\t<\/div>\n\t\t\t\t<\/div>\n\t\t\t\t<\/div>\n\t\t<div class=\"elementor-element elementor-element-eb31cc1 e-con-full e-flex e-con e-child\" data-id=\"eb31cc1\" data-element_type=\"container\" data-e-type=\"container\">\n\t\t\t\t<div class=\"elementor-element elementor-element-37236af elementor-widget elementor-widget-heading\" data-id=\"37236af\" data-element_type=\"widget\" data-e-type=\"widget\" data-widget_type=\"heading.default\">\n\t\t\t\t<div class=\"elementor-widget-container\">\n\t\t\t\t\t<h3 class=\"elementor-heading-title elementor-size-default\">Digital Activity<\/h3>\t\t\t\t<\/div>\n\t\t\t\t<\/div>\n\t\t\t\t<div class=\"elementor-element elementor-element-c3cc603 elementor-widget elementor-widget-text-editor\" data-id=\"c3cc603\" data-element_type=\"widget\" data-e-type=\"widget\" data-widget_type=\"text-editor.default\">\n\t\t\t\t<div class=\"elementor-widget-container\">\n\t\t\t\t\t\t\t\t\t<p>Minesweeper \u2013 v\u00e5ben eller visdom?<\/p><p>I spillet <em data-start=\"193\" data-end=\"206\">Minesweeper<\/em> \u00f8ver b\u00f8rnene sig i at stoppe op, t\u00e6nke og v\u00e6lge klogt. \u00c9t forkert klik kan give problemer \u2013 ligesom ord, handlinger, mobning, sociale medier og teknologi ogs\u00e5 kan skade andre, hvis de bruges uden omtanke.<br data-start=\"411\" data-end=\"414\" \/>Spillet hj\u00e6lper b\u00f8rn med at forst\u00e5, hvordan <strong data-start=\"458\" data-end=\"482\">visdom, ansvar og ro<\/strong> er st\u00e6rkere end vold.<\/p>\t\t\t\t\t\t\t\t<\/div>\n\t\t\t\t<\/div>\n\t\t\t\t<\/div>\n\t\t\t\t\t<\/div>\n\t\t\t\t<\/div>\n\t\t<div class=\"elementor-element elementor-element-836bae7 e-flex e-con-boxed e-con e-parent\" data-id=\"836bae7\" data-element_type=\"container\" data-e-type=\"container\">\n\t\t\t\t\t<div class=\"e-con-inner\">\n\t\t<div class=\"elementor-element elementor-element-907cb0d e-con-full e-flex e-con e-child\" data-id=\"907cb0d\" data-element_type=\"container\" data-e-type=\"container\">\n\t\t<div class=\"elementor-element elementor-element-c4d4b3a e-con-full e-flex e-con e-child\" data-id=\"c4d4b3a\" data-element_type=\"container\" data-e-type=\"container\">\n\t\t<div class=\"elementor-element elementor-element-376eb0c e-con-full e-flex e-con e-child\" data-id=\"376eb0c\" data-element_type=\"container\" data-e-type=\"container\">\n\t\t\t\t<div class=\"elementor-element elementor-element-0233ffe elementor-widget elementor-widget-heading\" data-id=\"0233ffe\" data-element_type=\"widget\" data-e-type=\"widget\" data-widget_type=\"heading.default\">\n\t\t\t\t<div class=\"elementor-widget-container\">\n\t\t\t\t\t<h3 class=\"elementor-heading-title elementor-size-default\">Learning objectives<\/h3>\t\t\t\t<\/div>\n\t\t\t\t<\/div>\n\t\t\t\t<div class=\"elementor-element elementor-element-1b60945 elementor-widget elementor-widget-text-editor\" data-id=\"1b60945\" data-element_type=\"widget\" data-e-type=\"widget\" data-widget_type=\"text-editor.default\">\n\t\t\t\t<div class=\"elementor-widget-container\">\n\t\t\t\t\t\t\t\t\t<ul class=\"list-disc list-inside text-slate-700 space-y-2\"><li>Understand the difference between physical, social and technical weapons<\/li><li>Develop responsibility in communication and technology<\/li><li>Learn to prevent violence \u2013 physical, social and digital<\/li><li>Strengthen critical thinking and conflict de-escalation<\/li><\/ul>\t\t\t\t\t\t\t\t<\/div>\n\t\t\t\t<\/div>\n\t\t\t\t<div class=\"elementor-element elementor-element-889fe4a elementor-align-center elementor-widget elementor-widget-button\" data-id=\"889fe4a\" data-element_type=\"widget\" data-e-type=\"widget\" data-widget_type=\"button.default\">\n\t\t\t\t<div class=\"elementor-widget-container\">\n\t\t\t\t\t\t\t\t\t<div class=\"elementor-button-wrapper\">\n\t\t\t\t\t<a class=\"elementor-button elementor-button-link elementor-size-sm\" href=\"https:\/\/www.theglacstudio.dk\/en_us\/home\/innovative-laerings-center-projekt\/ilc-projekt-workshops\/\" target=\"_blank\">\n\t\t\t\t\t\t<span class=\"elementor-button-content-wrapper\">\n\t\t\t\t\t\t\t\t\t<span class=\"elementor-button-text\">Back to workshops<\/span>\n\t\t\t\t\t<\/span>\n\t\t\t\t\t<\/a>\n\t\t\t\t<\/div>\n\t\t\t\t\t\t\t\t<\/div>\n\t\t\t\t<\/div>\n\t\t\t\t<\/div>\n\t\t<div class=\"elementor-element elementor-element-e4b635d e-con-full e-flex e-con e-child\" data-id=\"e4b635d\" data-element_type=\"container\" data-e-type=\"container\">\n\t\t\t\t<div class=\"elementor-element elementor-element-016af6d elementor-widget elementor-widget-heading\" data-id=\"016af6d\" data-element_type=\"widget\" data-e-type=\"widget\" data-widget_type=\"heading.default\">\n\t\t\t\t<div class=\"elementor-widget-container\">\n\t\t\t\t\t<h3 class=\"elementor-heading-title elementor-size-default translation-block\">Workshop-structure<br>(2 hours)<\/h3>\t\t\t\t<\/div>\n\t\t\t\t<\/div>\n\t\t\t\t<div class=\"elementor-element elementor-element-b6901aa elementor-widget elementor-widget-text-editor\" data-id=\"b6901aa\" data-element_type=\"widget\" data-e-type=\"widget\" data-widget_type=\"text-editor.default\">\n\t\t\t\t<div class=\"elementor-widget-container\">\n\t\t\t\t\t\t\t\t\t<ul class=\"list-decimal list-inside space-y-3 text-slate-700\"><li>Intro: What is a weapon? (10 min)<\/li><li>Kreativ aktivitet: Baryon &#8211; t\u00e6nk, skab og v\u00e6lg klogt (40 min)<\/li><li>Discussion: \u201cHow do we stop violence?\u201d (10 min)<\/li><li>Digital aktivitet: Minesweeper \u2013 v\u00e5ben eller visdom? (40 min)<\/li><li>Presentation &amp; shared wisdom pledges (20 min)<\/li><\/ul>\t\t\t\t\t\t\t\t<\/div>\n\t\t\t\t<\/div>\n\t\t\t\t<div class=\"elementor-element elementor-element-331f250 elementor-align-center elementor-widget elementor-widget-button\" data-id=\"331f250\" data-element_type=\"widget\" data-e-type=\"widget\" data-widget_type=\"button.default\">\n\t\t\t\t<div class=\"elementor-widget-container\">\n\t\t\t\t\t\t\t\t\t<div class=\"elementor-button-wrapper\">\n\t\t\t\t\t<a class=\"elementor-button elementor-button-link elementor-size-sm\" href=\"https:\/\/www.theglacstudio.dk\/en_us\/home\/innovative-laerings-center-projekt\/ilc-projekt-workshops\/ilc-book-en-proevesession\/\" target=\"_blank\">\n\t\t\t\t\t\t<span class=\"elementor-button-content-wrapper\">\n\t\t\t\t\t\t\t\t\t<span class=\"elementor-button-text\">Book a trial session<\/span>\n\t\t\t\t\t<\/span>\n\t\t\t\t\t<\/a>\n\t\t\t\t<\/div>\n\t\t\t\t\t\t\t\t<\/div>\n\t\t\t\t<\/div>\n\t\t\t\t<\/div>\n\t\t<div class=\"elementor-element elementor-element-1693792 e-con-full e-flex e-con e-child\" data-id=\"1693792\" data-element_type=\"container\" data-e-type=\"container\">\n\t\t\t\t<div class=\"elementor-element elementor-element-3c5b4c3 elementor-widget elementor-widget-heading\" data-id=\"3c5b4c3\" data-element_type=\"widget\" data-e-type=\"widget\" data-widget_type=\"heading.default\">\n\t\t\t\t<div class=\"elementor-widget-container\">\n\t\t\t\t\t<h3 class=\"elementor-heading-title elementor-size-default\">Practical Information<\/h3>\t\t\t\t<\/div>\n\t\t\t\t<\/div>\n\t\t\t\t<div class=\"elementor-element elementor-element-4a4050c elementor-widget elementor-widget-text-editor\" data-id=\"4a4050c\" data-element_type=\"widget\" data-e-type=\"widget\" data-widget_type=\"text-editor.default\">\n\t\t\t\t<div class=\"elementor-widget-container\">\n\t\t\t\t\t\t\t\t\t<ul class=\"text-slate-700 space-y-2 list-disc list-inside\"><li>Duration: 2 hours<\/li><li>Alder: 10\u201314 \u00e5r<\/li><li>Group size: 6\u201320 children<\/li><li>Materials and iPads provided<\/li><li>Mentors (15\u201319 years) support throughout the process<\/li><\/ul>\t\t\t\t\t\t\t\t<\/div>\n\t\t\t\t<\/div>\n\t\t\t\t<div class=\"elementor-element elementor-element-0b5b24f elementor-align-center elementor-widget elementor-widget-button\" data-id=\"0b5b24f\" data-element_type=\"widget\" data-e-type=\"widget\" data-widget_type=\"button.default\">\n\t\t\t\t<div class=\"elementor-widget-container\">\n\t\t\t\t\t\t\t\t\t<div class=\"elementor-button-wrapper\">\n\t\t\t\t\t<a class=\"elementor-button elementor-button-link elementor-size-sm\" href=\"https:\/\/www.theglacstudio.dk\/en_us\/home\/innovative-laerings-center-projekt\/ilc-projekt-workshops\/ilc-book-workshop\/\" target=\"_blank\">\n\t\t\t\t\t\t<span class=\"elementor-button-content-wrapper\">\n\t\t\t\t\t\t\t\t\t<span class=\"elementor-button-text\">Book this workshop<\/span>\n\t\t\t\t\t<\/span>\n\t\t\t\t\t<\/a>\n\t\t\t\t<\/div>\n\t\t\t\t\t\t\t\t<\/div>\n\t\t\t\t<\/div>\n\t\t\t\t<\/div>\n\t\t\t\t<\/div>\n\t\t\t\t<\/div>\n\t\t\t\t\t<\/div>\n\t\t\t\t<\/div>\n\t\t<div class=\"elementor-element elementor-element-7047b19 e-flex e-con-boxed e-con e-parent\" data-id=\"7047b19\" data-element_type=\"container\" data-e-type=\"container\">\n\t\t\t\t\t<div class=\"e-con-inner\">\n\t\t<div class=\"elementor-element elementor-element-c9f455e e-con-full e-flex e-con e-child\" data-id=\"c9f455e\" data-element_type=\"container\" data-e-type=\"container\">\n\t\t\t\t<div class=\"elementor-element elementor-element-784a2c1 elementor-widget elementor-widget-heading\" data-id=\"784a2c1\" data-element_type=\"widget\" data-e-type=\"widget\" data-widget_type=\"heading.default\">\n\t\t\t\t<div class=\"elementor-widget-container\">\n\t\t\t\t\t<h3 class=\"elementor-heading-title elementor-size-default\">Erhvervspraktik i ILC \u2013 Unge som medskabere<\/h3>\t\t\t\t<\/div>\n\t\t\t\t<\/div>\n\t\t\t\t<div class=\"elementor-element elementor-element-24620af elementor-widget elementor-widget-text-editor\" data-id=\"24620af\" data-element_type=\"widget\" data-e-type=\"widget\" data-widget_type=\"text-editor.default\">\n\t\t\t\t<div class=\"elementor-widget-container\">\n\t\t\t\t\t\t\t\t\t<ul class=\"list-disc list-inside text-slate-600 text-sm space-y-1\"><li><strong data-start=\"122\" data-end=\"148\">Erhvervspraktik i ILC:<\/strong> 17-\u00e5rige <strong data-start=\"158\" data-end=\"174\">Damian Saxan<\/strong> fra <strong data-start=\"179\" data-end=\"197\" data-is-only-node=\"\">Hjordk\u00e6r Skole<\/strong> deltog i erhvervspraktik hos <strong data-start=\"227\" data-end=\"257\">Innovative Learning Center<\/strong> (et projekt udviklet af <em data-start=\"282\" data-end=\"313\">The Guiding Light Art Company<\/em>) i perioden <strong data-start=\"326\" data-end=\"346\">26\/01\u201330\/01 2026<\/strong><\/li><li data-start=\"350\" data-end=\"506\"><p data-start=\"352\" data-end=\"506\"><strong data-start=\"352\" data-end=\"383\">Indblik i l\u00e6ringsprojekter:<\/strong> Under praktikken fik Damian indsigt i ILC\u2019s p\u00e6dagogiske tilgang, kreative metoder og samfundsrelevante workshopformater.<\/p><\/li><li data-start=\"507\" data-end=\"710\"><p data-start=\"509\" data-end=\"710\"><strong data-start=\"509\" data-end=\"535\">Medskaber af workshop:<\/strong> Damian har selvst\u00e6ndigt udviklet en workshop med titlen <strong data-start=\"592\" data-end=\"613\">\u201cV\u00e5ben og Wisdom\u201d<\/strong>, som s\u00e6tter fokus p\u00e5 refleksion, etik og bevidsthed omkring v\u00e5ben \u2013 b\u00e5de fysiske og symbolske.<\/p><\/li><li data-start=\"711\" data-end=\"830\"><p data-start=\"713\" data-end=\"830\"><strong data-start=\"713\" data-end=\"731\">Aktivt bidrag:<\/strong> Han bidrog med id\u00e9udvikling, perspektiver fra unge og deltog aktivt i planl\u00e6gning og formidling.<\/p><\/li><li data-start=\"831\" data-end=\"960\"><p data-start=\"833\" data-end=\"960\"><strong data-start=\"833\" data-end=\"860\">Unge stemmer i centrum:<\/strong> Damians praktik viser, hvordan unge kan v\u00e6re medskabere og tage ansvar i innovative l\u00e6ringsmilj\u00f8er.<\/p><\/li><\/ul>\t\t\t\t\t\t\t\t<\/div>\n\t\t\t\t<\/div>\n\t\t\t\t<\/div>\n\t\t<div class=\"elementor-element elementor-element-18dd571 e-con-full e-flex e-con e-child\" data-id=\"18dd571\" data-element_type=\"container\" data-e-type=\"container\">\n\t\t\t\t<div class=\"elementor-element elementor-element-d6763fb elementor-widget elementor-widget-image\" data-id=\"d6763fb\" data-element_type=\"widget\" data-e-type=\"widget\" data-widget_type=\"image.default\">\n\t\t\t\t<div class=\"elementor-widget-container\">\n\t\t\t\t\t\t\t\t\t\t\t\t\t\t\t<img decoding=\"async\" width=\"1024\" height=\"576\" data-src=\"https:\/\/www.theglacstudio.dk\/wp-content\/uploads\/2026\/01\/Slide46-1024x576.png\" class=\"attachment-large size-large wp-image-9493 lazyload\" alt=\"\" data-srcset=\"https:\/\/www.theglacstudio.dk\/wp-content\/uploads\/2026\/01\/Slide46-1024x576.png 1024w, https:\/\/www.theglacstudio.dk\/wp-content\/uploads\/2026\/01\/Slide46-300x169.png 300w, https:\/\/www.theglacstudio.dk\/wp-content\/uploads\/2026\/01\/Slide46-768x432.png 768w, https:\/\/www.theglacstudio.dk\/wp-content\/uploads\/2026\/01\/Slide46-18x10.png 18w, https:\/\/www.theglacstudio.dk\/wp-content\/uploads\/2026\/01\/Slide46-600x338.png 600w, https:\/\/www.theglacstudio.dk\/wp-content\/uploads\/2026\/01\/Slide46-100x56.png 100w, https:\/\/www.theglacstudio.dk\/wp-content\/uploads\/2026\/01\/Slide46.png 1280w\" data-sizes=\"(max-width: 1024px) 100vw, 1024px\" src=\"data:image\/svg+xml;base64,PHN2ZyB3aWR0aD0iMSIgaGVpZ2h0PSIxIiB4bWxucz0iaHR0cDovL3d3dy53My5vcmcvMjAwMC9zdmciPjwvc3ZnPg==\" style=\"--smush-placeholder-width: 1024px; --smush-placeholder-aspect-ratio: 1024\/576;\" \/>\t\t\t\t\t\t\t\t\t\t\t\t\t\t\t<\/div>\n\t\t\t\t<\/div>\n\t\t\t\t<div class=\"elementor-element elementor-element-4ae0920 elementor-widget elementor-widget-heading\" data-id=\"4ae0920\" data-element_type=\"widget\" data-e-type=\"widget\" data-widget_type=\"heading.default\">\n\t\t\t\t<div class=\"elementor-widget-container\">\n\t\t\t\t\t<h3 class=\"elementor-heading-title elementor-size-default\">Damians refleksion over praktikopholdet<\/h3>\t\t\t\t<\/div>\n\t\t\t\t<\/div>\n\t\t\t\t<div class=\"elementor-element elementor-element-852c1df elementor-widget elementor-widget-text-editor\" data-id=\"852c1df\" data-element_type=\"widget\" data-e-type=\"widget\" data-widget_type=\"text-editor.default\">\n\t\t\t\t<div class=\"elementor-widget-container\">\n\t\t\t\t\t\t\t\t\t<p data-start=\"205\" data-end=\"519\"><em data-start=\"205\" data-end=\"519\">\u201cJeg har l\u00e6rt at arbejde i et team og at udvikle id\u00e9er til produkter samt opdatere en hjemmeside. Jeg har l\u00e6rt, at de fleste id\u00e9er kan fungere, og at jeg stadig kan bruge programmer, jeg godt kan lide, til at skabe noget sjovt \u2013 for eksempel Minesweeper. Jeg synes, at b\u00f8rn nu kan l\u00e6re p\u00e5 en meget sjovere m\u00e5de.\u201d<\/em><\/p><p data-start=\"205\" data-end=\"519\"><em>\u201cJeg har ogs\u00e5 l\u00e6rt at lave research, identificere ophavsretsrelaterede forhold og kommunikere med de relevante personer&#8221;<\/em><\/p><p data-start=\"521\" data-end=\"546\">\u2014 <strong data-start=\"523\" data-end=\"546\">Damian Saxan, 17 \u00e5r<\/strong><\/p>\t\t\t\t\t\t\t\t<\/div>\n\t\t\t\t<\/div>\n\t\t\t\t<\/div>\n\t\t\t\t\t<\/div>\n\t\t\t\t<\/div>\n\t\t\t\t<\/div>","protected":false},"excerpt":{"rendered":"<p>V\u00e5ben og visdom Workshop om fysiske, sociale og tekniske v\u00e5ben Fokusomr\u00e5de: V\u00e5ben (fysiske, sociale, tekniske) \u0964 Alder: 10\u201314 \u0964 SDG [&hellip;]<\/p>\n","protected":false},"author":3,"featured_media":0,"parent":8605,"menu_order":0,"comment_status":"closed","ping_status":"closed","template":"","meta":{"_coblocks_attr":"","_coblocks_dimensions":"","_coblocks_responsive_height":"","_coblocks_accordion_ie_support":"","site-sidebar-layout":"no-sidebar","site-content-layout":"page-builder","ast-site-content-layout":"default","site-content-style":"default","site-sidebar-style":"default","ast-global-header-display":"","ast-banner-title-visibility":"disabled","ast-main-header-display":"disabled","ast-hfb-above-header-display":"","ast-hfb-below-header-display":"","ast-hfb-mobile-header-display":"","site-post-title":"disabled","ast-breadcrumbs-content":"","ast-featured-img":"disabled","footer-sml-layout":"","ast-disable-related-posts":"","theme-transparent-header-meta":"enabled","adv-header-id-meta":"","stick-header-meta":"","header-above-stick-meta":"","header-main-stick-meta":"","header-below-stick-meta":"","astra-migrate-meta-layouts":"set","ast-page-background-enabled":"default","ast-page-background-meta":{"desktop":{"background-color":"","background-image":"","background-repeat":"repeat","background-position":"center center","background-size":"auto","background-attachment":"scroll","background-type":"","background-media":"","overlay-type":"","overlay-color":"","overlay-opacity":"","overlay-gradient":""},"tablet":{"background-color":"","background-image":"","background-repeat":"repeat","background-position":"center center","background-size":"auto","background-attachment":"scroll","background-type":"","background-media":"","overlay-type":"","overlay-color":"","overlay-opacity":"","overlay-gradient":""},"mobile":{"background-color":"","background-image":"","background-repeat":"repeat","background-position":"center center","background-size":"auto","background-attachment":"scroll","background-type":"","background-media":"","overlay-type":"","overlay-color":"","overlay-opacity":"","overlay-gradient":""}},"ast-content-background-meta":{"desktop":{"background-color":"var(--ast-global-color-5)","background-image":"","background-repeat":"repeat","background-position":"center center","background-size":"auto","background-attachment":"scroll","background-type":"","background-media":"","overlay-type":"","overlay-color":"","overlay-opacity":"","overlay-gradient":""},"tablet":{"background-color":"var(--ast-global-color-5)","background-image":"","background-repeat":"repeat","background-position":"center center","background-size":"auto","background-attachment":"scroll","background-type":"","background-media":"","overlay-type":"","overlay-color":"","overlay-opacity":"","overlay-gradient":""},"mobile":{"background-color":"var(--ast-global-color-5)","background-image":"","background-repeat":"repeat","background-position":"center center","background-size":"auto","background-attachment":"scroll","background-type":"","background-media":"","overlay-type":"","overlay-color":"","overlay-opacity":"","overlay-gradient":""}},"footnotes":""},"class_list":["post-9034","page","type-page","status-publish","hentry"],"_links":{"self":[{"href":"https:\/\/www.theglacstudio.dk\/en_us\/wp-json\/wp\/v2\/pages\/9034","targetHints":{"allow":["GET"]}}],"collection":[{"href":"https:\/\/www.theglacstudio.dk\/en_us\/wp-json\/wp\/v2\/pages"}],"about":[{"href":"https:\/\/www.theglacstudio.dk\/en_us\/wp-json\/wp\/v2\/types\/page"}],"author":[{"embeddable":true,"href":"https:\/\/www.theglacstudio.dk\/en_us\/wp-json\/wp\/v2\/users\/3"}],"replies":[{"embeddable":true,"href":"https:\/\/www.theglacstudio.dk\/en_us\/wp-json\/wp\/v2\/comments?post=9034"}],"version-history":[{"count":35,"href":"https:\/\/www.theglacstudio.dk\/en_us\/wp-json\/wp\/v2\/pages\/9034\/revisions"}],"predecessor-version":[{"id":9555,"href":"https:\/\/www.theglacstudio.dk\/en_us\/wp-json\/wp\/v2\/pages\/9034\/revisions\/9555"}],"up":[{"embeddable":true,"href":"https:\/\/www.theglacstudio.dk\/en_us\/wp-json\/wp\/v2\/pages\/8605"}],"wp:attachment":[{"href":"https:\/\/www.theglacstudio.dk\/en_us\/wp-json\/wp\/v2\/media?parent=9034"}],"curies":[{"name":"wp","href":"https:\/\/api.w.org\/{rel}","templated":true}]}}