{"id":9042,"date":"2025-11-23T11:09:48","date_gmt":"2025-11-23T11:09:48","guid":{"rendered":"https:\/\/www.theglacstudio.dk\/?page_id=9042"},"modified":"2026-01-18T20:08:29","modified_gmt":"2026-01-18T20:08:29","slug":"ilc013-tro","status":"publish","type":"page","link":"https:\/\/www.theglacstudio.dk\/en_us\/home\/innovative-laerings-center-projekt\/ilc-projekt-workshops\/ilc013-tro\/","title":{"rendered":"ILC013 Tro og venskab"},"content":{"rendered":"<div data-elementor-type=\"wp-page\" data-elementor-id=\"9042\" class=\"elementor elementor-9042\">\n\t\t\t\t<div class=\"elementor-element elementor-element-e10950e e-flex e-con-boxed e-con e-parent\" data-id=\"e10950e\" data-element_type=\"container\" data-e-type=\"container\">\n\t\t\t\t\t<div class=\"e-con-inner\">\n\t\t\t\t<div class=\"elementor-element elementor-element-66901e9 elementor-widget elementor-widget-heading\" data-id=\"66901e9\" data-element_type=\"widget\" data-e-type=\"widget\" data-widget_type=\"heading.default\">\n\t\t\t\t<div class=\"elementor-widget-container\">\n\t\t\t\t\t<h2 class=\"elementor-heading-title elementor-size-default\">Faith &amp; Friendship<\/h2>\t\t\t\t<\/div>\n\t\t\t\t<\/div>\n\t\t\t\t<div class=\"elementor-element elementor-element-7190dde elementor-widget elementor-widget-text-editor\" data-id=\"7190dde\" data-element_type=\"widget\" data-e-type=\"widget\" data-widget_type=\"text-editor.default\">\n\t\t\t\t<div class=\"elementor-widget-container\">\n\t\t\t\t\t\t\t\t\t<p>Workshop on Religious Issues, Respect and Community<\/p><p class=\"mt-2 text-sm\">Focus Area: Religious Issues \u0964Age: 10\u201314 \u0964 SDG 16.B \u2013 Respect for Diversity<\/p>\t\t\t\t\t\t\t\t<\/div>\n\t\t\t\t<\/div>\n\t\t\t\t<div class=\"elementor-element elementor-element-1ff9041 elementor-widget elementor-widget-heading\" data-id=\"1ff9041\" data-element_type=\"widget\" data-e-type=\"widget\" data-widget_type=\"heading.default\">\n\t\t\t\t<div class=\"elementor-widget-container\">\n\t\t\t\t\t<h3 class=\"elementor-heading-title elementor-size-default\">Description:<\/h3>\t\t\t\t<\/div>\n\t\t\t\t<\/div>\n\t\t\t\t<div class=\"elementor-element elementor-element-c9af614 elementor-widget elementor-widget-text-editor\" data-id=\"c9af614\" data-element_type=\"widget\" data-e-type=\"widget\" data-widget_type=\"text-editor.default\">\n\t\t\t\t<div class=\"elementor-widget-container\">\n\t\t\t\t\t\t\t\t\t<p class=\"text-slate-700 leading-relaxed\">\u201cFaith and Friendship\u201d introduces children to religious issues in a safe, neutral and inclusive way. The focus is on understanding, curiosity and respect. Children learn that people believe differently \u2013 and that differences can be a strength in a community.<\/p><p class=\"text-slate-700\">The workshop strengthens tolerance, dialogue skills and the ability to create friendships across faiths and cultures.<\/p>\t\t\t\t\t\t\t\t<\/div>\n\t\t\t\t<\/div>\n\t\t\t\t\t<\/div>\n\t\t\t\t<\/div>\n\t\t<div class=\"elementor-element elementor-element-e42a732 e-flex e-con-boxed e-con e-parent\" data-id=\"e42a732\" data-element_type=\"container\" data-e-type=\"container\">\n\t\t\t\t\t<div class=\"e-con-inner\">\n\t\t<div class=\"elementor-element elementor-element-7519965 e-con-full e-flex e-con e-child\" data-id=\"7519965\" data-element_type=\"container\" data-e-type=\"container\">\n\t\t\t\t<div class=\"elementor-element elementor-element-524fc18 elementor-widget elementor-widget-heading\" data-id=\"524fc18\" data-element_type=\"widget\" data-e-type=\"widget\" data-widget_type=\"heading.default\">\n\t\t\t\t<div class=\"elementor-widget-container\">\n\t\t\t\t\t<h3 class=\"elementor-heading-title elementor-size-default\">Creative Practical Activity<\/h3>\t\t\t\t<\/div>\n\t\t\t\t<\/div>\n\t\t\t\t<div class=\"elementor-element elementor-element-960fb16 elementor-widget elementor-widget-text-editor\" data-id=\"960fb16\" data-element_type=\"widget\" data-e-type=\"widget\" data-widget_type=\"text-editor.default\">\n\t\t\t\t<div class=\"elementor-widget-container\">\n\t\t\t\t\t\t\t\t\t<p class=\"text-slate-700 leading-relaxed\">Children create a \u201cRespect Heart\u201d \u2013 a symbol where each part represents something they respect in others: rituals, traditions, values \u200b\u200bor ways of being.<\/p><ul class=\"list-disc list-inside text-slate-600 text-sm space-y-1\"><li>Draw hearts in different colours<\/li><li>Write words such as: respect, kindness, understanding, peace<\/li><li>Conversation: \u201cHow do we show respect, even when we are different?\u201d<\/li><\/ul>\t\t\t\t\t\t\t\t<\/div>\n\t\t\t\t<\/div>\n\t\t\t\t<\/div>\n\t\t<div class=\"elementor-element elementor-element-20ccc5c e-con-full e-flex e-con e-child\" data-id=\"20ccc5c\" data-element_type=\"container\" data-e-type=\"container\">\n\t\t\t\t<div class=\"elementor-element elementor-element-591b65d elementor-widget elementor-widget-image\" data-id=\"591b65d\" data-element_type=\"widget\" data-e-type=\"widget\" data-widget_type=\"image.default\">\n\t\t\t\t<div class=\"elementor-widget-container\">\n\t\t\t\t\t\t\t\t\t\t\t\t\t\t\t<img fetchpriority=\"high\" decoding=\"async\" width=\"1024\" height=\"576\" src=\"https:\/\/www.theglacstudio.dk\/wp-content\/uploads\/2025\/11\/Slide39-1024x576.png\" class=\"attachment-large size-large wp-image-8896\" alt=\"\" srcset=\"https:\/\/www.theglacstudio.dk\/wp-content\/uploads\/2025\/11\/Slide39-1024x576.png 1024w, https:\/\/www.theglacstudio.dk\/wp-content\/uploads\/2025\/11\/Slide39-300x169.png 300w, https:\/\/www.theglacstudio.dk\/wp-content\/uploads\/2025\/11\/Slide39-768x432.png 768w, https:\/\/www.theglacstudio.dk\/wp-content\/uploads\/2025\/11\/Slide39-18x10.png 18w, https:\/\/www.theglacstudio.dk\/wp-content\/uploads\/2025\/11\/Slide39-600x338.png 600w, https:\/\/www.theglacstudio.dk\/wp-content\/uploads\/2025\/11\/Slide39-100x56.png 100w, https:\/\/www.theglacstudio.dk\/wp-content\/uploads\/2025\/11\/Slide39.png 1280w\" sizes=\"(max-width: 1024px) 100vw, 1024px\" \/>\t\t\t\t\t\t\t\t\t\t\t\t\t\t\t<\/div>\n\t\t\t\t<\/div>\n\t\t\t\t<\/div>\n\t\t<div class=\"elementor-element elementor-element-af3d97a e-con-full e-flex e-con e-child\" data-id=\"af3d97a\" data-element_type=\"container\" data-e-type=\"container\">\n\t\t\t\t<div class=\"elementor-element elementor-element-d9c1e85 elementor-widget elementor-widget-image\" data-id=\"d9c1e85\" data-element_type=\"widget\" data-e-type=\"widget\" data-widget_type=\"image.default\">\n\t\t\t\t<div class=\"elementor-widget-container\">\n\t\t\t\t\t\t\t\t\t\t\t\t\t\t\t<img fetchpriority=\"high\" decoding=\"async\" width=\"1024\" height=\"576\" src=\"https:\/\/www.theglacstudio.dk\/wp-content\/uploads\/2025\/11\/Slide39-1024x576.png\" class=\"attachment-large size-large wp-image-8896\" alt=\"\" srcset=\"https:\/\/www.theglacstudio.dk\/wp-content\/uploads\/2025\/11\/Slide39-1024x576.png 1024w, https:\/\/www.theglacstudio.dk\/wp-content\/uploads\/2025\/11\/Slide39-300x169.png 300w, https:\/\/www.theglacstudio.dk\/wp-content\/uploads\/2025\/11\/Slide39-768x432.png 768w, https:\/\/www.theglacstudio.dk\/wp-content\/uploads\/2025\/11\/Slide39-18x10.png 18w, https:\/\/www.theglacstudio.dk\/wp-content\/uploads\/2025\/11\/Slide39-600x338.png 600w, https:\/\/www.theglacstudio.dk\/wp-content\/uploads\/2025\/11\/Slide39-100x56.png 100w, https:\/\/www.theglacstudio.dk\/wp-content\/uploads\/2025\/11\/Slide39.png 1280w\" sizes=\"(max-width: 1024px) 100vw, 1024px\" \/>\t\t\t\t\t\t\t\t\t\t\t\t\t\t\t<\/div>\n\t\t\t\t<\/div>\n\t\t\t\t<\/div>\n\t\t<div class=\"elementor-element elementor-element-ced0bd7 e-con-full e-flex e-con e-child\" data-id=\"ced0bd7\" data-element_type=\"container\" data-e-type=\"container\">\n\t\t\t\t<div class=\"elementor-element elementor-element-744034c elementor-widget elementor-widget-heading\" data-id=\"744034c\" data-element_type=\"widget\" data-e-type=\"widget\" data-widget_type=\"heading.default\">\n\t\t\t\t<div class=\"elementor-widget-container\">\n\t\t\t\t\t<h3 class=\"elementor-heading-title elementor-size-default\">Digital Activity<\/h3>\t\t\t\t<\/div>\n\t\t\t\t<\/div>\n\t\t\t\t<div class=\"elementor-element elementor-element-3b0ef90 elementor-widget elementor-widget-text-editor\" data-id=\"3b0ef90\" data-element_type=\"widget\" data-e-type=\"widget\" data-widget_type=\"text-editor.default\">\n\t\t\t\t<div class=\"elementor-widget-container\">\n\t\t\t\t\t\t\t\t\t<p class=\"text-slate-700 leading-relaxed translation-block\">Children use\u00a0<strong>Microsoft Designer<\/strong> to create a \u201cDiversity is Strength\u201d poster, where they choose symbols and words that show diversity and friendship.<\/p><ul class=\"list-disc list-inside text-slate-600 text-sm space-y-1\"><li>Choose symbols: hearts, hands, globe, light<\/li><li>Add words: \u201cWe listen\u201d, \u201cWe respect\u201d, \u201cWe learn from each other\u201d<\/li><li>Save, share or print the poster<\/li><\/ul>\t\t\t\t\t\t\t\t<\/div>\n\t\t\t\t<\/div>\n\t\t\t\t<\/div>\n\t\t\t\t\t<\/div>\n\t\t\t\t<\/div>\n\t\t<div class=\"elementor-element elementor-element-77f00ff e-flex e-con-boxed e-con e-parent\" data-id=\"77f00ff\" data-element_type=\"container\" data-e-type=\"container\">\n\t\t\t\t\t<div class=\"e-con-inner\">\n\t\t<div class=\"elementor-element elementor-element-0000c18 e-con-full e-flex e-con e-child\" data-id=\"0000c18\" data-element_type=\"container\" data-e-type=\"container\">\n\t\t<div class=\"elementor-element elementor-element-00e050e e-con-full e-flex e-con e-child\" data-id=\"00e050e\" data-element_type=\"container\" data-e-type=\"container\">\n\t\t<div class=\"elementor-element elementor-element-364dfe6 e-con-full e-flex e-con e-child\" data-id=\"364dfe6\" data-element_type=\"container\" data-e-type=\"container\">\n\t\t\t\t<div class=\"elementor-element elementor-element-3157360 elementor-widget elementor-widget-heading\" data-id=\"3157360\" data-element_type=\"widget\" data-e-type=\"widget\" data-widget_type=\"heading.default\">\n\t\t\t\t<div class=\"elementor-widget-container\">\n\t\t\t\t\t<h3 class=\"elementor-heading-title elementor-size-default\">Learning objectives<\/h3>\t\t\t\t<\/div>\n\t\t\t\t<\/div>\n\t\t\t\t<div class=\"elementor-element elementor-element-b560796 elementor-widget elementor-widget-text-editor\" data-id=\"b560796\" data-element_type=\"widget\" data-e-type=\"widget\" data-widget_type=\"text-editor.default\">\n\t\t\t\t<div class=\"elementor-widget-container\">\n\t\t\t\t\t\t\t\t\t<ul class=\"list-disc list-inside text-slate-700 space-y-2\"><li>Understand what religion and faith can mean to people<\/li><li>Develop respect and tolerance for differences<\/li><li>Learn to communicate openly about difficult issues<\/li><li>Strengthen friendships and communities across faiths<\/li><\/ul>\t\t\t\t\t\t\t\t<\/div>\n\t\t\t\t<\/div>\n\t\t\t\t<div class=\"elementor-element elementor-element-529e031 elementor-align-center elementor-widget elementor-widget-button\" data-id=\"529e031\" data-element_type=\"widget\" data-e-type=\"widget\" data-widget_type=\"button.default\">\n\t\t\t\t<div class=\"elementor-widget-container\">\n\t\t\t\t\t\t\t\t\t<div class=\"elementor-button-wrapper\">\n\t\t\t\t\t<a class=\"elementor-button elementor-button-link elementor-size-sm\" href=\"https:\/\/www.theglacstudio.dk\/en_us\/home\/innovative-laerings-center-projekt\/ilc-projekt-workshops\/\" target=\"_blank\">\n\t\t\t\t\t\t<span class=\"elementor-button-content-wrapper\">\n\t\t\t\t\t\t\t\t\t<span class=\"elementor-button-text\">Back to workshops<\/span>\n\t\t\t\t\t<\/span>\n\t\t\t\t\t<\/a>\n\t\t\t\t<\/div>\n\t\t\t\t\t\t\t\t<\/div>\n\t\t\t\t<\/div>\n\t\t\t\t<\/div>\n\t\t<div class=\"elementor-element elementor-element-083af3f e-con-full e-flex e-con e-child\" data-id=\"083af3f\" data-element_type=\"container\" data-e-type=\"container\">\n\t\t\t\t<div class=\"elementor-element elementor-element-43d9543 elementor-widget elementor-widget-heading\" data-id=\"43d9543\" data-element_type=\"widget\" data-e-type=\"widget\" data-widget_type=\"heading.default\">\n\t\t\t\t<div class=\"elementor-widget-container\">\n\t\t\t\t\t<h3 class=\"elementor-heading-title elementor-size-default translation-block\">Workshop-structure<br>(2 hours)<\/h3>\t\t\t\t<\/div>\n\t\t\t\t<\/div>\n\t\t\t\t<div class=\"elementor-element elementor-element-85c4ed9 elementor-widget elementor-widget-text-editor\" data-id=\"85c4ed9\" data-element_type=\"widget\" data-e-type=\"widget\" data-widget_type=\"text-editor.default\">\n\t\t\t\t<div class=\"elementor-widget-container\">\n\t\t\t\t\t\t\t\t\t<ul class=\"list-decimal list-inside space-y-3 text-slate-700\"><li>Intro: What is religion &amp; faith? (10 min)<\/li><li>Creative activity: Respect-heart (40 min)<\/li><li>Discussion: \u201cHow do we show respect in practice?\u201d (10 min)<\/li><li>Digital activity: Diversity poster (40 min)<\/li><li>Presentation &amp; shared reflection (20 min)<\/li><\/ul>\t\t\t\t\t\t\t\t<\/div>\n\t\t\t\t<\/div>\n\t\t\t\t<div class=\"elementor-element elementor-element-6373414 elementor-align-center elementor-widget elementor-widget-button\" data-id=\"6373414\" data-element_type=\"widget\" data-e-type=\"widget\" data-widget_type=\"button.default\">\n\t\t\t\t<div class=\"elementor-widget-container\">\n\t\t\t\t\t\t\t\t\t<div class=\"elementor-button-wrapper\">\n\t\t\t\t\t<a class=\"elementor-button elementor-button-link elementor-size-sm\" href=\"https:\/\/www.theglacstudio.dk\/en_us\/home\/innovative-laerings-center-projekt\/ilc-projekt-workshops\/ilc-book-en-proevesession\/\" target=\"_blank\">\n\t\t\t\t\t\t<span class=\"elementor-button-content-wrapper\">\n\t\t\t\t\t\t\t\t\t<span class=\"elementor-button-text\">Book a trial session<\/span>\n\t\t\t\t\t<\/span>\n\t\t\t\t\t<\/a>\n\t\t\t\t<\/div>\n\t\t\t\t\t\t\t\t<\/div>\n\t\t\t\t<\/div>\n\t\t\t\t<\/div>\n\t\t<div class=\"elementor-element elementor-element-b70226a e-con-full e-flex e-con e-child\" data-id=\"b70226a\" data-element_type=\"container\" data-e-type=\"container\">\n\t\t\t\t<div class=\"elementor-element elementor-element-a0b654e elementor-widget elementor-widget-heading\" data-id=\"a0b654e\" data-element_type=\"widget\" data-e-type=\"widget\" data-widget_type=\"heading.default\">\n\t\t\t\t<div class=\"elementor-widget-container\">\n\t\t\t\t\t<h3 class=\"elementor-heading-title elementor-size-default\">Practical Information<\/h3>\t\t\t\t<\/div>\n\t\t\t\t<\/div>\n\t\t\t\t<div class=\"elementor-element elementor-element-8a0d3d3 elementor-widget elementor-widget-text-editor\" data-id=\"8a0d3d3\" data-element_type=\"widget\" data-e-type=\"widget\" data-widget_type=\"text-editor.default\">\n\t\t\t\t<div class=\"elementor-widget-container\">\n\t\t\t\t\t\t\t\t\t<ul class=\"text-slate-700 space-y-2 list-disc list-inside\"><li>Duration: 2 hours<\/li><li>Alder: 10\u201314 \u00e5r<\/li><li>Group size: 6\u201320 children<\/li><li>Materials and iPads provided<\/li><li>Mentors (15\u201319 years) support throughout the process<\/li><\/ul>\t\t\t\t\t\t\t\t<\/div>\n\t\t\t\t<\/div>\n\t\t\t\t<div class=\"elementor-element elementor-element-dcb4ede elementor-align-center elementor-widget elementor-widget-button\" data-id=\"dcb4ede\" data-element_type=\"widget\" data-e-type=\"widget\" data-widget_type=\"button.default\">\n\t\t\t\t<div class=\"elementor-widget-container\">\n\t\t\t\t\t\t\t\t\t<div class=\"elementor-button-wrapper\">\n\t\t\t\t\t<a class=\"elementor-button elementor-button-link elementor-size-sm\" href=\"https:\/\/www.theglacstudio.dk\/en_us\/home\/innovative-laerings-center-projekt\/ilc-projekt-workshops\/ilc-book-workshop\/\" target=\"_blank\">\n\t\t\t\t\t\t<span class=\"elementor-button-content-wrapper\">\n\t\t\t\t\t\t\t\t\t<span class=\"elementor-button-text\">Book this workshop<\/span>\n\t\t\t\t\t<\/span>\n\t\t\t\t\t<\/a>\n\t\t\t\t<\/div>\n\t\t\t\t\t\t\t\t<\/div>\n\t\t\t\t<\/div>\n\t\t\t\t<\/div>\n\t\t\t\t<\/div>\n\t\t\t\t<\/div>\n\t\t\t\t\t<\/div>\n\t\t\t\t<\/div>\n\t\t\t\t<\/div>","protected":false},"excerpt":{"rendered":"<p>Tro og venskab Workshop om religi\u00f8se sp\u00f8rgsm\u00e5l, respekt og f\u00e6llesskab Fokusomr\u00e5de: Religi\u00f8se sp\u00f8rgsm\u00e5l \u0964 Alder: 10\u201314 \u0964 SDG 16.B \u2013 [&hellip;]<\/p>\n","protected":false},"author":3,"featured_media":0,"parent":8605,"menu_order":0,"comment_status":"closed","ping_status":"closed","template":"","meta":{"_coblocks_attr":"","_coblocks_dimensions":"","_coblocks_responsive_height":"","_coblocks_accordion_ie_support":"","site-sidebar-layout":"no-sidebar","site-content-layout":"page-builder","ast-site-content-layout":"default","site-content-style":"default","site-sidebar-style":"default","ast-global-header-display":"","ast-banner-title-visibility":"disabled","ast-main-header-display":"disabled","ast-hfb-above-header-display":"","ast-hfb-below-header-display":"","ast-hfb-mobile-header-display":"","site-post-title":"disabled","ast-breadcrumbs-content":"","ast-featured-img":"disabled","footer-sml-layout":"","ast-disable-related-posts":"","theme-transparent-header-meta":"enabled","adv-header-id-meta":"","stick-header-meta":"","header-above-stick-meta":"","header-main-stick-meta":"","header-below-stick-meta":"","astra-migrate-meta-layouts":"set","ast-page-background-enabled":"default","ast-page-background-meta":{"desktop":{"background-color":"","background-image":"","background-repeat":"repeat","background-position":"center center","background-size":"auto","background-attachment":"scroll","background-type":"","background-media":"","overlay-type":"","overlay-color":"","overlay-opacity":"","overlay-gradient":""},"tablet":{"background-color":"","background-image":"","background-repeat":"repeat","background-position":"center center","background-size":"auto","background-attachment":"scroll","background-type":"","background-media":"","overlay-type":"","overlay-color":"","overlay-opacity":"","overlay-gradient":""},"mobile":{"background-color":"","background-image":"","background-repeat":"repeat","background-position":"center center","background-size":"auto","background-attachment":"scroll","background-type":"","background-media":"","overlay-type":"","overlay-color":"","overlay-opacity":"","overlay-gradient":""}},"ast-content-background-meta":{"desktop":{"background-color":"var(--ast-global-color-5)","background-image":"","background-repeat":"repeat","background-position":"center center","background-size":"auto","background-attachment":"scroll","background-type":"","background-media":"","overlay-type":"","overlay-color":"","overlay-opacity":"","overlay-gradient":""},"tablet":{"background-color":"var(--ast-global-color-5)","background-image":"","background-repeat":"repeat","background-position":"center center","background-size":"auto","background-attachment":"scroll","background-type":"","background-media":"","overlay-type":"","overlay-color":"","overlay-opacity":"","overlay-gradient":""},"mobile":{"background-color":"var(--ast-global-color-5)","background-image":"","background-repeat":"repeat","background-position":"center center","background-size":"auto","background-attachment":"scroll","background-type":"","background-media":"","overlay-type":"","overlay-color":"","overlay-opacity":"","overlay-gradient":""}},"footnotes":""},"class_list":["post-9042","page","type-page","status-publish","hentry"],"_links":{"self":[{"href":"https:\/\/www.theglacstudio.dk\/en_us\/wp-json\/wp\/v2\/pages\/9042","targetHints":{"allow":["GET"]}}],"collection":[{"href":"https:\/\/www.theglacstudio.dk\/en_us\/wp-json\/wp\/v2\/pages"}],"about":[{"href":"https:\/\/www.theglacstudio.dk\/en_us\/wp-json\/wp\/v2\/types\/page"}],"author":[{"embeddable":true,"href":"https:\/\/www.theglacstudio.dk\/en_us\/wp-json\/wp\/v2\/users\/3"}],"replies":[{"embeddable":true,"href":"https:\/\/www.theglacstudio.dk\/en_us\/wp-json\/wp\/v2\/comments?post=9042"}],"version-history":[{"count":11,"href":"https:\/\/www.theglacstudio.dk\/en_us\/wp-json\/wp\/v2\/pages\/9042\/revisions"}],"predecessor-version":[{"id":9394,"href":"https:\/\/www.theglacstudio.dk\/en_us\/wp-json\/wp\/v2\/pages\/9042\/revisions\/9394"}],"up":[{"embeddable":true,"href":"https:\/\/www.theglacstudio.dk\/en_us\/wp-json\/wp\/v2\/pages\/8605"}],"wp:attachment":[{"href":"https:\/\/www.theglacstudio.dk\/en_us\/wp-json\/wp\/v2\/media?parent=9042"}],"curies":[{"name":"wp","href":"https:\/\/api.w.org\/{rel}","templated":true}]}}