{"id":1998,"date":"2021-06-08T11:59:46","date_gmt":"2021-06-08T11:59:46","guid":{"rendered":"https:\/\/www.theglacstudio.dk\/?post_type=product&#038;p=1998"},"modified":"2023-08-24T12:25:07","modified_gmt":"2023-08-24T12:25:07","slug":"nordlyset-blaise-durand-prints","status":"publish","type":"product","link":"https:\/\/www.theglacstudio.dk\/en_us\/shop\/glac-art-students\/nordlyset-blaise-durand-prints\/","title":{"rendered":"The Northern Lights \u2013 Blaise Durand (Prints)"},"content":{"rendered":"<p>Nordlyset &#8211; Blaise Durand (Prints) Dette 40 x 40 cm olie p\u00e5 l\u00e6rred maleri, der viser nordlyset, er udf\u00f8rt af den 9-\u00e5rige GLAC kunst studerende Blaise Durand.<\/p>","protected":false},"excerpt":{"rendered":"<p>Nordlyset &#8211; Blaise Durand (Prints) Dette 40 x 40 cm olie p\u00e5 l\u00e6rred maleri, der viser nordlyset, er udf\u00f8rt af den 9-\u00e5rige GLAC kunst studerende Blaise Durand.<\/p>\n<p><strong>Prints available in USA, India and EU Countries<\/strong><\/p>","protected":false},"featured_media":1999,"comment_status":"open","ping_status":"closed","template":"","meta":{"_coblocks_attr":"","_coblocks_dimensions":"","_coblocks_responsive_height":"","_coblocks_accordion_ie_support":"","site-sidebar-layout":"default","site-content-layout":"default","ast-site-content-layout":"default","site-content-style":"default","site-sidebar-style":"default","ast-global-header-display":"","ast-banner-title-visibility":"","ast-main-header-display":"","ast-hfb-above-header-display":"","ast-hfb-below-header-display":"","ast-hfb-mobile-header-display":"","site-post-title":"","ast-breadcrumbs-content":"","ast-featured-img":"","footer-sml-layout":"","ast-disable-related-posts":"","theme-transparent-header-meta":"default","adv-header-id-meta":"","stick-header-meta":"","header-above-stick-meta":"","header-main-stick-meta":"","header-below-stick-meta":"","astra-migrate-meta-layouts":"set","ast-page-background-enabled":"default","ast-page-background-meta":{"desktop":{"background-color":"","background-image":"","background-repeat":"repeat","background-position":"center center","background-size":"auto","background-attachment":"scroll","background-type":"","background-media":"","overlay-type":"","overlay-color":"","overlay-opacity":"","overlay-gradient":""},"tablet":{"background-color":"","background-image":"","background-repeat":"repeat","background-position":"center center","background-size":"auto","background-attachment":"scroll","background-type":"","background-media":"","overlay-type":"","overlay-color":"","overlay-opacity":"","overlay-gradient":""},"mobile":{"background-color":"","background-image":"","background-repeat":"repeat","background-position":"center center","background-size":"auto","background-attachment":"scroll","background-type":"","background-media":"","overlay-type":"","overlay-color":"","overlay-opacity":"","overlay-gradient":""}},"ast-content-background-meta":{"desktop":{"background-color":"var(--ast-global-color-5)","background-image":"","background-repeat":"repeat","background-position":"center center","background-size":"auto","background-attachment":"scroll","background-type":"","background-media":"","overlay-type":"","overlay-color":"","overlay-opacity":"","overlay-gradient":""},"tablet":{"background-color":"var(--ast-global-color-5)","background-image":"","background-repeat":"repeat","background-position":"center center","background-size":"auto","background-attachment":"scroll","background-type":"","background-media":"","overlay-type":"","overlay-color":"","overlay-opacity":"","overlay-gradient":""},"mobile":{"background-color":"var(--ast-global-color-5)","background-image":"","background-repeat":"repeat","background-position":"center center","background-size":"auto","background-attachment":"scroll","background-type":"","background-media":"","overlay-type":"","overlay-color":"","overlay-opacity":"","overlay-gradient":""}}},"product_brand":[],"product_cat":[411,36],"product_tag":[201,73,75,168,74,203,140,141,199,72,59,77,67,71,202,122,68,166,167,200],"class_list":{"0":"post-1998","1":"product","2":"type-product","3":"status-publish","4":"has-post-thumbnail","6":"product_cat-glac-art-students","7":"product_cat-oil_on_canvas_prints","8":"product_tag-blaise-durand","9":"product_tag-buy-paintings","10":"product_tag-danish-art-prints","11":"product_tag-gomathi-siva-sankaran","12":"product_tag-koebe-malerier","13":"product_tag-maud-martin","14":"product_tag-natur-maleri","15":"product_tag-nature-painting","16":"product_tag-nordlyset","17":"product_tag-oil-on-canvas","18":"product_tag-oil-painting","19":"product_tag-oil-paintings-for-sale-in-denmark","20":"product_tag-olie-kunst","21":"product_tag-olie-paa-laerred","22":"product_tag-olivier-durand","23":"product_tag-selling-original-oil-paintings-online","24":"product_tag-student-art","25":"product_tag-the-glac-studio","26":"product_tag-the-guiding-light-art-company","27":"product_tag-the-northern-lights","28":"desktop-align-left","29":"tablet-align-left","30":"mobile-align-left","32":"first","33":"instock","34":"taxable","35":"shipping-taxable","36":"purchasable","37":"product-type-variable"},"_links":{"self":[{"href":"https:\/\/www.theglacstudio.dk\/en_us\/wp-json\/wp\/v2\/product\/1998","targetHints":{"allow":["GET"]}}],"collection":[{"href":"https:\/\/www.theglacstudio.dk\/en_us\/wp-json\/wp\/v2\/product"}],"about":[{"href":"https:\/\/www.theglacstudio.dk\/en_us\/wp-json\/wp\/v2\/types\/product"}],"replies":[{"embeddable":true,"href":"https:\/\/www.theglacstudio.dk\/en_us\/wp-json\/wp\/v2\/comments?post=1998"}],"version-history":[{"count":1,"href":"https:\/\/www.theglacstudio.dk\/en_us\/wp-json\/wp\/v2\/product\/1998\/revisions"}],"predecessor-version":[{"id":7713,"href":"https:\/\/www.theglacstudio.dk\/en_us\/wp-json\/wp\/v2\/product\/1998\/revisions\/7713"}],"wp:featuredmedia":[{"embeddable":true,"href":"https:\/\/www.theglacstudio.dk\/en_us\/wp-json\/wp\/v2\/media\/1999"}],"wp:attachment":[{"href":"https:\/\/www.theglacstudio.dk\/en_us\/wp-json\/wp\/v2\/media?parent=1998"}],"wp:term":[{"taxonomy":"product_brand","embeddable":true,"href":"https:\/\/www.theglacstudio.dk\/en_us\/wp-json\/wp\/v2\/product_brand?post=1998"},{"taxonomy":"product_cat","embeddable":true,"href":"https:\/\/www.theglacstudio.dk\/en_us\/wp-json\/wp\/v2\/product_cat?post=1998"},{"taxonomy":"product_tag","embeddable":true,"href":"https:\/\/www.theglacstudio.dk\/en_us\/wp-json\/wp\/v2\/product_tag?post=1998"}],"curies":[{"name":"wp","href":"https:\/\/api.w.org\/{rel}","templated":true}]}}