{"id":2051,"date":"2021-06-27T08:38:27","date_gmt":"2021-06-27T08:38:27","guid":{"rendered":"https:\/\/www.theglacstudio.dk\/?post_type=product&#038;p=2051"},"modified":"2023-08-24T08:55:56","modified_gmt":"2023-08-24T08:55:56","slug":"elefanten-vishvajit-venugopal","status":"publish","type":"product","link":"https:\/\/www.theglacstudio.dk\/en_us\/shop\/glac-art-students\/elefanten-vishvajit-venugopal\/","title":{"rendered":"The Elephant - Vishvajit Venugopal"},"content":{"rendered":"<p>Elefanten &#8211; Vishvajit Venugopal &#8211; Dette 40 x 40 cm olie p\u00e5 l\u00e6rred maleri, der viser elefanten, er udf\u00f8rt af den 13-\u00e5rige GLAC kunst studerende Vishvajit Venugopal. Bortset fra at l\u00e6re oliemaleri underst\u00f8tter Vishvajit ogs\u00e5 GLAC Studio ved at oprette Super Hero Series farvel\u00e6gningsark til 4+ \u00e5rige.<\/p>","protected":false},"excerpt":{"rendered":"<p>Elefanten &#8211; Vishvajit Venugopal &#8211; Dette 40 x 40 cm olie p\u00e5 l\u00e6rred maleri, der viser elefanten, er udf\u00f8rt af den 13-\u00e5rige GLAC kunst studerende Vishvajit Venugopal. Bortset fra at l\u00e6re oliemaleri underst\u00f8tter Vishvajit ogs\u00e5 GLAC Studio ved at oprette Super Hero Series farvel\u00e6gningsark til 4+ \u00e5rige.<\/p>","protected":false},"featured_media":6892,"comment_status":"open","ping_status":"closed","template":"","meta":{"_coblocks_attr":"","_coblocks_dimensions":"","_coblocks_responsive_height":"","_coblocks_accordion_ie_support":"","site-sidebar-layout":"default","site-content-layout":"default","ast-site-content-layout":"default","site-content-style":"default","site-sidebar-style":"default","ast-global-header-display":"","ast-banner-title-visibility":"","ast-main-header-display":"","ast-hfb-above-header-display":"","ast-hfb-below-header-display":"","ast-hfb-mobile-header-display":"","site-post-title":"","ast-breadcrumbs-content":"","ast-featured-img":"","footer-sml-layout":"","ast-disable-related-posts":"","theme-transparent-header-meta":"default","adv-header-id-meta":"","stick-header-meta":"","header-above-stick-meta":"","header-main-stick-meta":"","header-below-stick-meta":"","astra-migrate-meta-layouts":"set","ast-page-background-enabled":"default","ast-page-background-meta":{"desktop":{"background-color":"","background-image":"","background-repeat":"repeat","background-position":"center center","background-size":"auto","background-attachment":"scroll","background-type":"","background-media":"","overlay-type":"","overlay-color":"","overlay-opacity":"","overlay-gradient":""},"tablet":{"background-color":"","background-image":"","background-repeat":"repeat","background-position":"center center","background-size":"auto","background-attachment":"scroll","background-type":"","background-media":"","overlay-type":"","overlay-color":"","overlay-opacity":"","overlay-gradient":""},"mobile":{"background-color":"","background-image":"","background-repeat":"repeat","background-position":"center center","background-size":"auto","background-attachment":"scroll","background-type":"","background-media":"","overlay-type":"","overlay-color":"","overlay-opacity":"","overlay-gradient":""}},"ast-content-background-meta":{"desktop":{"background-color":"var(--ast-global-color-5)","background-image":"","background-repeat":"repeat","background-position":"center center","background-size":"auto","background-attachment":"scroll","background-type":"","background-media":"","overlay-type":"","overlay-color":"","overlay-opacity":"","overlay-gradient":""},"tablet":{"background-color":"var(--ast-global-color-5)","background-image":"","background-repeat":"repeat","background-position":"center center","background-size":"auto","background-attachment":"scroll","background-type":"","background-media":"","overlay-type":"","overlay-color":"","overlay-opacity":"","overlay-gradient":""},"mobile":{"background-color":"var(--ast-global-color-5)","background-image":"","background-repeat":"repeat","background-position":"center center","background-size":"auto","background-attachment":"scroll","background-type":"","background-media":"","overlay-type":"","overlay-color":"","overlay-opacity":"","overlay-gradient":""}}},"product_brand":[],"product_cat":[411,35],"product_tag":[73,117,75,225,168,86,87,74,84,85,140,141,72,59,77,67,71,122,68,226,166,167,227],"class_list":{"0":"post-2051","1":"product","2":"type-product","3":"status-publish","4":"has-post-thumbnail","6":"product_cat-glac-art-students","7":"product_cat-oil_on_canvas_original","8":"product_tag-buy-paintings","9":"product_tag-children","10":"product_tag-danish-art-prints","11":"product_tag-elefanten","12":"product_tag-gomathi-siva-sankaran","13":"product_tag-indian-art","14":"product_tag-indisk-kunst","15":"product_tag-koebe-malerier","16":"product_tag-mythological-art","17":"product_tag-mytologisk-kunst","18":"product_tag-natur-maleri","19":"product_tag-nature-painting","20":"product_tag-oil-on-canvas","21":"product_tag-oil-painting","22":"product_tag-oil-paintings-for-sale-in-denmark","23":"product_tag-olie-kunst","24":"product_tag-olie-paa-laerred","25":"product_tag-selling-original-oil-paintings-online","26":"product_tag-student-art","27":"product_tag-the-elephant","28":"product_tag-the-glac-studio","29":"product_tag-the-guiding-light-art-company","30":"product_tag-vishvajit-venugopal","31":"desktop-align-left","32":"tablet-align-left","33":"mobile-align-left","35":"first","36":"instock","37":"taxable","38":"shipping-taxable","39":"purchasable","40":"product-type-simple"},"_links":{"self":[{"href":"https:\/\/www.theglacstudio.dk\/en_us\/wp-json\/wp\/v2\/product\/2051","targetHints":{"allow":["GET"]}}],"collection":[{"href":"https:\/\/www.theglacstudio.dk\/en_us\/wp-json\/wp\/v2\/product"}],"about":[{"href":"https:\/\/www.theglacstudio.dk\/en_us\/wp-json\/wp\/v2\/types\/product"}],"replies":[{"embeddable":true,"href":"https:\/\/www.theglacstudio.dk\/en_us\/wp-json\/wp\/v2\/comments?post=2051"}],"version-history":[{"count":1,"href":"https:\/\/www.theglacstudio.dk\/en_us\/wp-json\/wp\/v2\/product\/2051\/revisions"}],"predecessor-version":[{"id":6893,"href":"https:\/\/www.theglacstudio.dk\/en_us\/wp-json\/wp\/v2\/product\/2051\/revisions\/6893"}],"wp:featuredmedia":[{"embeddable":true,"href":"https:\/\/www.theglacstudio.dk\/en_us\/wp-json\/wp\/v2\/media\/6892"}],"wp:attachment":[{"href":"https:\/\/www.theglacstudio.dk\/en_us\/wp-json\/wp\/v2\/media?parent=2051"}],"wp:term":[{"taxonomy":"product_brand","embeddable":true,"href":"https:\/\/www.theglacstudio.dk\/en_us\/wp-json\/wp\/v2\/product_brand?post=2051"},{"taxonomy":"product_cat","embeddable":true,"href":"https:\/\/www.theglacstudio.dk\/en_us\/wp-json\/wp\/v2\/product_cat?post=2051"},{"taxonomy":"product_tag","embeddable":true,"href":"https:\/\/www.theglacstudio.dk\/en_us\/wp-json\/wp\/v2\/product_tag?post=2051"}],"curies":[{"name":"wp","href":"https:\/\/api.w.org\/{rel}","templated":true}]}}