{"id":2614,"date":"2021-11-30T08:19:53","date_gmt":"2021-11-30T08:19:53","guid":{"rendered":"https:\/\/www.theglacstudio.dk\/?post_type=product&#038;p=2614"},"modified":"2023-08-24T12:28:58","modified_gmt":"2023-08-24T12:28:58","slug":"portraet-af-en-baby","status":"publish","type":"product","link":"https:\/\/www.theglacstudio.dk\/en_us\/shop\/oil_on_canvas_prints\/portraet-af-en-baby\/","title":{"rendered":"Portrait of a baby girl (Prints)"},"content":{"rendered":"<p>Portr\u00e6t af en baby var lavet af mig til at vise folk hvordan maler man med olie farver. Jeg havde lavet 17 klasser som er tilg\u00e6ngelige i f\u00f8lgende link:<\/p>\n<p><a href=\"https:\/\/www.theglacstudio.dk\/en_us\/courses\/oil-painting-tutorials-baby-portrait\/\">https:\/\/www.theglacstudio.dk\/courses\/oil-painting-tutorials-baby-portrait\/<\/a><\/p>\n<p>In the videos I show all the products one can use, all the techniques that are easy to follow and the whole process of oil painting step by step.<\/p>\n<div class=\"ast-oembed-container\" style=\"height: 100%;\"><iframe title=\"Step-by-step Oil Painting Basics Tutorial - BABY PORTRAIT - INTRODUCTION\" width=\"500\" height=\"281\" data-src=\"https:\/\/www.youtube.com\/embed\/tUlmFdJs5Gw?feature=oembed\" frameborder=\"0\" allow=\"accelerometer; autoplay; clipboard-write; encrypted-media; gyroscope; picture-in-picture; web-share\" referrerpolicy=\"strict-origin-when-cross-origin\" allowfullscreen src=\"data:image\/svg+xml;base64,PHN2ZyB3aWR0aD0iMSIgaGVpZ2h0PSIxIiB4bWxucz0iaHR0cDovL3d3dy53My5vcmcvMjAwMC9zdmciPjwvc3ZnPg==\" class=\"lazyload\" data-load-mode=\"1\"><\/iframe><\/div>","protected":false},"excerpt":{"rendered":"<p>Portr\u00e6t af en baby var lavet af mig til at vise folk hvordan maler man med olie farver. Jeg havde lavet 17 klasser<\/p>\n<p><strong>Prints available in USA, India and EU Countries<\/strong><\/p>","protected":false},"featured_media":6435,"comment_status":"open","ping_status":"closed","template":"","meta":{"_coblocks_attr":"","_coblocks_dimensions":"","_coblocks_responsive_height":"","_coblocks_accordion_ie_support":"","site-sidebar-layout":"default","site-content-layout":"default","ast-site-content-layout":"default","site-content-style":"default","site-sidebar-style":"default","ast-global-header-display":"","ast-banner-title-visibility":"","ast-main-header-display":"","ast-hfb-above-header-display":"","ast-hfb-below-header-display":"","ast-hfb-mobile-header-display":"","site-post-title":"","ast-breadcrumbs-content":"","ast-featured-img":"","footer-sml-layout":"","ast-disable-related-posts":"","theme-transparent-header-meta":"default","adv-header-id-meta":"","stick-header-meta":"","header-above-stick-meta":"","header-main-stick-meta":"","header-below-stick-meta":"","astra-migrate-meta-layouts":"set","ast-page-background-enabled":"default","ast-page-background-meta":{"desktop":{"background-color":"","background-image":"","background-repeat":"repeat","background-position":"center center","background-size":"auto","background-attachment":"scroll","background-type":"","background-media":"","overlay-type":"","overlay-color":"","overlay-opacity":"","overlay-gradient":""},"tablet":{"background-color":"","background-image":"","background-repeat":"repeat","background-position":"center center","background-size":"auto","background-attachment":"scroll","background-type":"","background-media":"","overlay-type":"","overlay-color":"","overlay-opacity":"","overlay-gradient":""},"mobile":{"background-color":"","background-image":"","background-repeat":"repeat","background-position":"center center","background-size":"auto","background-attachment":"scroll","background-type":"","background-media":"","overlay-type":"","overlay-color":"","overlay-opacity":"","overlay-gradient":""}},"ast-content-background-meta":{"desktop":{"background-color":"var(--ast-global-color-5)","background-image":"","background-repeat":"repeat","background-position":"center center","background-size":"auto","background-attachment":"scroll","background-type":"","background-media":"","overlay-type":"","overlay-color":"","overlay-opacity":"","overlay-gradient":""},"tablet":{"background-color":"var(--ast-global-color-5)","background-image":"","background-repeat":"repeat","background-position":"center center","background-size":"auto","background-attachment":"scroll","background-type":"","background-media":"","overlay-type":"","overlay-color":"","overlay-opacity":"","overlay-gradient":""},"mobile":{"background-color":"var(--ast-global-color-5)","background-image":"","background-repeat":"repeat","background-position":"center center","background-size":"auto","background-attachment":"scroll","background-type":"","background-media":"","overlay-type":"","overlay-color":"","overlay-opacity":"","overlay-gradient":""}}},"product_brand":[],"product_cat":[36],"product_tag":[73,117,75,168,86,87,74,140,141,72,59,77,67,71,65,122,167],"class_list":{"0":"post-2614","1":"product","2":"type-product","3":"status-publish","4":"has-post-thumbnail","6":"product_cat-oil_on_canvas_prints","7":"product_tag-buy-paintings","8":"product_tag-children","9":"product_tag-danish-art-prints","10":"product_tag-gomathi-siva-sankaran","11":"product_tag-indian-art","12":"product_tag-indisk-kunst","13":"product_tag-koebe-malerier","14":"product_tag-natur-maleri","15":"product_tag-nature-painting","16":"product_tag-oil-on-canvas","17":"product_tag-oil-painting","18":"product_tag-oil-paintings-for-sale-in-denmark","19":"product_tag-olie-kunst","20":"product_tag-olie-paa-laerred","21":"product_tag-olie-paa-laerred-portraet","22":"product_tag-selling-original-oil-paintings-online","23":"product_tag-the-guiding-light-art-company","24":"desktop-align-left","25":"tablet-align-left","26":"mobile-align-left","28":"first","29":"instock","30":"taxable","31":"shipping-taxable","32":"purchasable","33":"product-type-variable"},"_links":{"self":[{"href":"https:\/\/www.theglacstudio.dk\/en_us\/wp-json\/wp\/v2\/product\/2614","targetHints":{"allow":["GET"]}}],"collection":[{"href":"https:\/\/www.theglacstudio.dk\/en_us\/wp-json\/wp\/v2\/product"}],"about":[{"href":"https:\/\/www.theglacstudio.dk\/en_us\/wp-json\/wp\/v2\/types\/product"}],"replies":[{"embeddable":true,"href":"https:\/\/www.theglacstudio.dk\/en_us\/wp-json\/wp\/v2\/comments?post=2614"}],"version-history":[{"count":3,"href":"https:\/\/www.theglacstudio.dk\/en_us\/wp-json\/wp\/v2\/product\/2614\/revisions"}],"predecessor-version":[{"id":7653,"href":"https:\/\/www.theglacstudio.dk\/en_us\/wp-json\/wp\/v2\/product\/2614\/revisions\/7653"}],"wp:featuredmedia":[{"embeddable":true,"href":"https:\/\/www.theglacstudio.dk\/en_us\/wp-json\/wp\/v2\/media\/6435"}],"wp:attachment":[{"href":"https:\/\/www.theglacstudio.dk\/en_us\/wp-json\/wp\/v2\/media?parent=2614"}],"wp:term":[{"taxonomy":"product_brand","embeddable":true,"href":"https:\/\/www.theglacstudio.dk\/en_us\/wp-json\/wp\/v2\/product_brand?post=2614"},{"taxonomy":"product_cat","embeddable":true,"href":"https:\/\/www.theglacstudio.dk\/en_us\/wp-json\/wp\/v2\/product_cat?post=2614"},{"taxonomy":"product_tag","embeddable":true,"href":"https:\/\/www.theglacstudio.dk\/en_us\/wp-json\/wp\/v2\/product_tag?post=2614"}],"curies":[{"name":"wp","href":"https:\/\/api.w.org\/{rel}","templated":true}]}}