{"id":2773,"date":"2022-01-11T17:24:47","date_gmt":"2022-01-11T17:24:47","guid":{"rendered":"https:\/\/www.theglacstudio.dk\/?post_type=product&#038;p=2773"},"modified":"2023-08-24T12:30:14","modified_gmt":"2023-08-24T12:30:14","slug":"banyan-blad-krishna-harinipriya-prints","status":"publish","type":"product","link":"https:\/\/www.theglacstudio.dk\/en_us\/shop\/glac-art-students\/banyan-blad-krishna-harinipriya-prints\/","title":{"rendered":"Banyan Leaf Krishna \u2013 Harinipriya (Prints)"},"content":{"rendered":"<p>This 40 x 50 cm oil on canvas painting showing Banyan Leaf Krishna (Aalilai Krishna) is done by 9-year-old GLAC art student S.Harinipriya.<\/p>","protected":false},"excerpt":{"rendered":"<p>Banyan blad Krishna &#8211; Harinipriya (Prints) &#8211; Dette 40 x 50 cm olie p\u00e5 l\u00e6rred maleri, der viser Banyan blad Krishna (Aalilai Krishna) er udf\u00f8rt af 9-\u00e5rige GLAC kunststuderende S.Harinipriya.<\/p>\n<p><strong>Prints available in USA, India and EU Countries<\/strong><\/p>","protected":false},"featured_media":6867,"comment_status":"open","ping_status":"closed","template":"","meta":{"_coblocks_attr":"","_coblocks_dimensions":"","_coblocks_responsive_height":"","_coblocks_accordion_ie_support":"","site-sidebar-layout":"default","site-content-layout":"default","ast-site-content-layout":"default","site-content-style":"default","site-sidebar-style":"default","ast-global-header-display":"","ast-banner-title-visibility":"","ast-main-header-display":"","ast-hfb-above-header-display":"","ast-hfb-below-header-display":"","ast-hfb-mobile-header-display":"","site-post-title":"","ast-breadcrumbs-content":"","ast-featured-img":"","footer-sml-layout":"","ast-disable-related-posts":"","theme-transparent-header-meta":"default","adv-header-id-meta":"","stick-header-meta":"","header-above-stick-meta":"","header-main-stick-meta":"","header-below-stick-meta":"","astra-migrate-meta-layouts":"set","ast-page-background-enabled":"default","ast-page-background-meta":{"desktop":{"background-color":"","background-image":"","background-repeat":"repeat","background-position":"center center","background-size":"auto","background-attachment":"scroll","background-type":"","background-media":"","overlay-type":"","overlay-color":"","overlay-opacity":"","overlay-gradient":""},"tablet":{"background-color":"","background-image":"","background-repeat":"repeat","background-position":"center center","background-size":"auto","background-attachment":"scroll","background-type":"","background-media":"","overlay-type":"","overlay-color":"","overlay-opacity":"","overlay-gradient":""},"mobile":{"background-color":"","background-image":"","background-repeat":"repeat","background-position":"center center","background-size":"auto","background-attachment":"scroll","background-type":"","background-media":"","overlay-type":"","overlay-color":"","overlay-opacity":"","overlay-gradient":""}},"ast-content-background-meta":{"desktop":{"background-color":"var(--ast-global-color-5)","background-image":"","background-repeat":"repeat","background-position":"center center","background-size":"auto","background-attachment":"scroll","background-type":"","background-media":"","overlay-type":"","overlay-color":"","overlay-opacity":"","overlay-gradient":""},"tablet":{"background-color":"var(--ast-global-color-5)","background-image":"","background-repeat":"repeat","background-position":"center center","background-size":"auto","background-attachment":"scroll","background-type":"","background-media":"","overlay-type":"","overlay-color":"","overlay-opacity":"","overlay-gradient":""},"mobile":{"background-color":"var(--ast-global-color-5)","background-image":"","background-repeat":"repeat","background-position":"center center","background-size":"auto","background-attachment":"scroll","background-type":"","background-media":"","overlay-type":"","overlay-color":"","overlay-opacity":"","overlay-gradient":""}}},"product_brand":[],"product_cat":[411,36],"product_tag":[73,117,75,168,273,276,86,87,74,84,85,72,59,77,67,71,65,122,68,166,167],"class_list":{"0":"post-2773","1":"product","2":"type-product","3":"status-publish","4":"has-post-thumbnail","6":"product_cat-glac-art-students","7":"product_cat-oil_on_canvas_prints","8":"product_tag-buy-paintings","9":"product_tag-children","10":"product_tag-danish-art-prints","11":"product_tag-gomathi-siva-sankaran","12":"product_tag-guhapriya","13":"product_tag-harinipriya","14":"product_tag-indian-art","15":"product_tag-indisk-kunst","16":"product_tag-koebe-malerier","17":"product_tag-mythological-art","18":"product_tag-mytologisk-kunst","19":"product_tag-oil-on-canvas","20":"product_tag-oil-painting","21":"product_tag-oil-paintings-for-sale-in-denmark","22":"product_tag-olie-kunst","23":"product_tag-olie-paa-laerred","24":"product_tag-olie-paa-laerred-portraet","25":"product_tag-selling-original-oil-paintings-online","26":"product_tag-student-art","27":"product_tag-the-glac-studio","28":"product_tag-the-guiding-light-art-company","29":"desktop-align-left","30":"tablet-align-left","31":"mobile-align-left","33":"first","34":"instock","35":"taxable","36":"shipping-taxable","37":"purchasable","38":"product-type-variable"},"_links":{"self":[{"href":"https:\/\/www.theglacstudio.dk\/en_us\/wp-json\/wp\/v2\/product\/2773","targetHints":{"allow":["GET"]}}],"collection":[{"href":"https:\/\/www.theglacstudio.dk\/en_us\/wp-json\/wp\/v2\/product"}],"about":[{"href":"https:\/\/www.theglacstudio.dk\/en_us\/wp-json\/wp\/v2\/types\/product"}],"replies":[{"embeddable":true,"href":"https:\/\/www.theglacstudio.dk\/en_us\/wp-json\/wp\/v2\/comments?post=2773"}],"version-history":[{"count":3,"href":"https:\/\/www.theglacstudio.dk\/en_us\/wp-json\/wp\/v2\/product\/2773\/revisions"}],"predecessor-version":[{"id":7643,"href":"https:\/\/www.theglacstudio.dk\/en_us\/wp-json\/wp\/v2\/product\/2773\/revisions\/7643"}],"wp:featuredmedia":[{"embeddable":true,"href":"https:\/\/www.theglacstudio.dk\/en_us\/wp-json\/wp\/v2\/media\/6867"}],"wp:attachment":[{"href":"https:\/\/www.theglacstudio.dk\/en_us\/wp-json\/wp\/v2\/media?parent=2773"}],"wp:term":[{"taxonomy":"product_brand","embeddable":true,"href":"https:\/\/www.theglacstudio.dk\/en_us\/wp-json\/wp\/v2\/product_brand?post=2773"},{"taxonomy":"product_cat","embeddable":true,"href":"https:\/\/www.theglacstudio.dk\/en_us\/wp-json\/wp\/v2\/product_cat?post=2773"},{"taxonomy":"product_tag","embeddable":true,"href":"https:\/\/www.theglacstudio.dk\/en_us\/wp-json\/wp\/v2\/product_tag?post=2773"}],"curies":[{"name":"wp","href":"https:\/\/api.w.org\/{rel}","templated":true}]}}