{"id":4777,"date":"2022-09-24T00:41:09","date_gmt":"2022-09-24T00:41:09","guid":{"rendered":"https:\/\/www.theglacstudio.dk\/?post_type=product&#038;p=4777"},"modified":"2023-04-28T10:40:05","modified_gmt":"2023-04-28T10:40:05","slug":"rustik-bro","status":"publish","type":"product","link":"https:\/\/www.theglacstudio.dk\/en_us\/shop\/oil_on_canvas_original\/rustik-bro\/","title":{"rendered":"Rustic bridge"},"content":{"rendered":"<p>Rustik bro &#8211; Dette 90 x 90 cm olie p\u00e5 l\u00e6rred er en inspiration fra sm\u00e5 gamle tr\u00e6broer kombineret med kunstnerens fantasi.<\/p>\n<p>&nbsp;<\/p>\n<p>The artist imagines the children playing in the bridge using the waterway to sail their paper boats. The use of fishing rods to steer the paper boats depicts the naughty or creative approach that children try or play with.<\/p>","protected":false},"excerpt":{"rendered":"<p>Rustik bro &#8211; Dette 90 x 90 cm olie p\u00e5 l\u00e6rred er en inspiration fra sm\u00e5 gamle tr\u00e6broer kombineret med kunstnerens fantasi.<\/p>\n<p>&nbsp;<\/p>\n<p>The artist imagines the children playing in the bridge using the waterway to sail their paper boats. The use of fishing rods to steer the paper boats depicts the naughty or creative approach that children try or play with.<\/p>","protected":false},"featured_media":6427,"comment_status":"open","ping_status":"closed","template":"","meta":{"_coblocks_attr":"","_coblocks_dimensions":"","_coblocks_responsive_height":"","_coblocks_accordion_ie_support":"","site-sidebar-layout":"default","site-content-layout":"default","ast-site-content-layout":"default","site-content-style":"default","site-sidebar-style":"default","ast-global-header-display":"","ast-banner-title-visibility":"","ast-main-header-display":"","ast-hfb-above-header-display":"","ast-hfb-below-header-display":"","ast-hfb-mobile-header-display":"","site-post-title":"","ast-breadcrumbs-content":"","ast-featured-img":"","footer-sml-layout":"","ast-disable-related-posts":"","theme-transparent-header-meta":"default","adv-header-id-meta":"","stick-header-meta":"","header-above-stick-meta":"","header-main-stick-meta":"","header-below-stick-meta":"","astra-migrate-meta-layouts":"default","ast-page-background-enabled":"default","ast-page-background-meta":{"desktop":{"background-color":"","background-image":"","background-repeat":"repeat","background-position":"center center","background-size":"auto","background-attachment":"scroll","background-type":"","background-media":"","overlay-type":"","overlay-color":"","overlay-opacity":"","overlay-gradient":""},"tablet":{"background-color":"","background-image":"","background-repeat":"repeat","background-position":"center center","background-size":"auto","background-attachment":"scroll","background-type":"","background-media":"","overlay-type":"","overlay-color":"","overlay-opacity":"","overlay-gradient":""},"mobile":{"background-color":"","background-image":"","background-repeat":"repeat","background-position":"center center","background-size":"auto","background-attachment":"scroll","background-type":"","background-media":"","overlay-type":"","overlay-color":"","overlay-opacity":"","overlay-gradient":""}},"ast-content-background-meta":{"desktop":{"background-color":"var(--ast-global-color-5)","background-image":"","background-repeat":"repeat","background-position":"center center","background-size":"auto","background-attachment":"scroll","background-type":"","background-media":"","overlay-type":"","overlay-color":"","overlay-opacity":"","overlay-gradient":""},"tablet":{"background-color":"var(--ast-global-color-5)","background-image":"","background-repeat":"repeat","background-position":"center center","background-size":"auto","background-attachment":"scroll","background-type":"","background-media":"","overlay-type":"","overlay-color":"","overlay-opacity":"","overlay-gradient":""},"mobile":{"background-color":"var(--ast-global-color-5)","background-image":"","background-repeat":"repeat","background-position":"center center","background-size":"auto","background-attachment":"scroll","background-type":"","background-media":"","overlay-type":"","overlay-color":"","overlay-opacity":"","overlay-gradient":""}}},"product_brand":[],"product_cat":[35],"product_tag":[78,79,73,168,74,72,59,77,122,166,167],"class_list":{"0":"post-4777","1":"product","2":"type-product","3":"status-publish","4":"has-post-thumbnail","6":"product_cat-oil_on_canvas_original","7":"product_tag-bridge-paintings","8":"product_tag-bro-malerier","9":"product_tag-buy-paintings","10":"product_tag-gomathi-siva-sankaran","11":"product_tag-koebe-malerier","12":"product_tag-oil-on-canvas","13":"product_tag-oil-painting","14":"product_tag-oil-paintings-for-sale-in-denmark","15":"product_tag-selling-original-oil-paintings-online","16":"product_tag-the-glac-studio","17":"product_tag-the-guiding-light-art-company","18":"desktop-align-left","19":"tablet-align-left","20":"mobile-align-left","22":"first","23":"outofstock","24":"taxable","25":"shipping-taxable","26":"purchasable","27":"product-type-simple"},"_links":{"self":[{"href":"https:\/\/www.theglacstudio.dk\/en_us\/wp-json\/wp\/v2\/product\/4777","targetHints":{"allow":["GET"]}}],"collection":[{"href":"https:\/\/www.theglacstudio.dk\/en_us\/wp-json\/wp\/v2\/product"}],"about":[{"href":"https:\/\/www.theglacstudio.dk\/en_us\/wp-json\/wp\/v2\/types\/product"}],"replies":[{"embeddable":true,"href":"https:\/\/www.theglacstudio.dk\/en_us\/wp-json\/wp\/v2\/comments?post=4777"}],"version-history":[{"count":0,"href":"https:\/\/www.theglacstudio.dk\/en_us\/wp-json\/wp\/v2\/product\/4777\/revisions"}],"wp:featuredmedia":[{"embeddable":true,"href":"https:\/\/www.theglacstudio.dk\/en_us\/wp-json\/wp\/v2\/media\/6427"}],"wp:attachment":[{"href":"https:\/\/www.theglacstudio.dk\/en_us\/wp-json\/wp\/v2\/media?parent=4777"}],"wp:term":[{"taxonomy":"product_brand","embeddable":true,"href":"https:\/\/www.theglacstudio.dk\/en_us\/wp-json\/wp\/v2\/product_brand?post=4777"},{"taxonomy":"product_cat","embeddable":true,"href":"https:\/\/www.theglacstudio.dk\/en_us\/wp-json\/wp\/v2\/product_cat?post=4777"},{"taxonomy":"product_tag","embeddable":true,"href":"https:\/\/www.theglacstudio.dk\/en_us\/wp-json\/wp\/v2\/product_tag?post=4777"}],"curies":[{"name":"wp","href":"https:\/\/api.w.org\/{rel}","templated":true}]}}