{"id":4809,"date":"2022-09-24T02:12:37","date_gmt":"2022-09-24T02:12:37","guid":{"rendered":"https:\/\/www.theglacstudio.dk\/?post_type=product&#038;p=4809"},"modified":"2023-08-24T12:34:08","modified_gmt":"2023-08-24T12:34:08","slug":"shivalingam-prints","status":"publish","type":"product","link":"https:\/\/www.theglacstudio.dk\/en_us\/shop\/private-art-commission\/shivalingam-prints\/","title":{"rendered":"Private Arts Commission - Shivalingam (Prints)"},"content":{"rendered":"<p>Shivalingam - This 80 x 140 cm oil on canvas shows Shivalingam inside a cave temple that has 5 entrances - north, south, east, west and the fifth entrance from the top.<br \/>\nShivalingam stands 108 cm (in a way that represents the imaginary height of 108 feet. Around shivalingam is a rudraksha mala (wreath) that has 108 beeds. The total number of people in the painting who enter the cave from all 5 entrances is 108.<\/p>","protected":false},"excerpt":{"rendered":"<p>Shivalingam Denne 80 x 140 cm olie p\u00e5 l\u00e6rred viser Shivalingam inde i et huletempel, der har 5 indgange &#8211; nord, syd, \u00f8st, vest og den femte indgang fra toppen.<\/p>\n<p><strong>Prints available in USA, India and EU Countries<\/strong><\/p>","protected":false},"featured_media":6460,"comment_status":"open","ping_status":"closed","template":"","meta":{"_coblocks_attr":"","_coblocks_dimensions":"","_coblocks_responsive_height":"","_coblocks_accordion_ie_support":"","site-sidebar-layout":"default","site-content-layout":"default","ast-site-content-layout":"default","site-content-style":"default","site-sidebar-style":"default","ast-global-header-display":"","ast-banner-title-visibility":"","ast-main-header-display":"","ast-hfb-above-header-display":"","ast-hfb-below-header-display":"","ast-hfb-mobile-header-display":"","site-post-title":"","ast-breadcrumbs-content":"","ast-featured-img":"","footer-sml-layout":"","ast-disable-related-posts":"","theme-transparent-header-meta":"default","adv-header-id-meta":"","stick-header-meta":"","header-above-stick-meta":"","header-main-stick-meta":"","header-below-stick-meta":"","astra-migrate-meta-layouts":"set","ast-page-background-enabled":"default","ast-page-background-meta":{"desktop":{"background-color":"","background-image":"","background-repeat":"repeat","background-position":"center center","background-size":"auto","background-attachment":"scroll","background-type":"","background-media":"","overlay-type":"","overlay-color":"","overlay-opacity":"","overlay-gradient":""},"tablet":{"background-color":"","background-image":"","background-repeat":"repeat","background-position":"center center","background-size":"auto","background-attachment":"scroll","background-type":"","background-media":"","overlay-type":"","overlay-color":"","overlay-opacity":"","overlay-gradient":""},"mobile":{"background-color":"","background-image":"","background-repeat":"repeat","background-position":"center center","background-size":"auto","background-attachment":"scroll","background-type":"","background-media":"","overlay-type":"","overlay-color":"","overlay-opacity":"","overlay-gradient":""}},"ast-content-background-meta":{"desktop":{"background-color":"var(--ast-global-color-5)","background-image":"","background-repeat":"repeat","background-position":"center center","background-size":"auto","background-attachment":"scroll","background-type":"","background-media":"","overlay-type":"","overlay-color":"","overlay-opacity":"","overlay-gradient":""},"tablet":{"background-color":"var(--ast-global-color-5)","background-image":"","background-repeat":"repeat","background-position":"center center","background-size":"auto","background-attachment":"scroll","background-type":"","background-media":"","overlay-type":"","overlay-color":"","overlay-opacity":"","overlay-gradient":""},"mobile":{"background-color":"var(--ast-global-color-5)","background-image":"","background-repeat":"repeat","background-position":"center center","background-size":"auto","background-attachment":"scroll","background-type":"","background-media":"","overlay-type":"","overlay-color":"","overlay-opacity":"","overlay-gradient":""}}},"product_brand":[],"product_cat":[412,36],"product_tag":[73,168,86,87,74,84,85,140,141,122,163,164,161,166,167],"class_list":{"0":"post-4809","1":"product","2":"type-product","3":"status-publish","4":"has-post-thumbnail","6":"product_cat-private-art-commission","7":"product_cat-oil_on_canvas_prints","8":"product_tag-buy-paintings","9":"product_tag-gomathi-siva-sankaran","10":"product_tag-indian-art","11":"product_tag-indisk-kunst","12":"product_tag-koebe-malerier","13":"product_tag-mythological-art","14":"product_tag-mytologisk-kunst","15":"product_tag-natur-maleri","16":"product_tag-nature-painting","17":"product_tag-selling-original-oil-paintings-online","18":"product_tag-shambala","19":"product_tag-shangri-la","20":"product_tag-shivalingam","21":"product_tag-the-glac-studio","22":"product_tag-the-guiding-light-art-company","23":"desktop-align-left","24":"tablet-align-left","25":"mobile-align-left","27":"first","28":"instock","29":"taxable","30":"shipping-taxable","31":"purchasable","32":"product-type-variable"},"_links":{"self":[{"href":"https:\/\/www.theglacstudio.dk\/en_us\/wp-json\/wp\/v2\/product\/4809","targetHints":{"allow":["GET"]}}],"collection":[{"href":"https:\/\/www.theglacstudio.dk\/en_us\/wp-json\/wp\/v2\/product"}],"about":[{"href":"https:\/\/www.theglacstudio.dk\/en_us\/wp-json\/wp\/v2\/types\/product"}],"replies":[{"embeddable":true,"href":"https:\/\/www.theglacstudio.dk\/en_us\/wp-json\/wp\/v2\/comments?post=4809"}],"version-history":[{"count":2,"href":"https:\/\/www.theglacstudio.dk\/en_us\/wp-json\/wp\/v2\/product\/4809\/revisions"}],"predecessor-version":[{"id":7623,"href":"https:\/\/www.theglacstudio.dk\/en_us\/wp-json\/wp\/v2\/product\/4809\/revisions\/7623"}],"wp:featuredmedia":[{"embeddable":true,"href":"https:\/\/www.theglacstudio.dk\/en_us\/wp-json\/wp\/v2\/media\/6460"}],"wp:attachment":[{"href":"https:\/\/www.theglacstudio.dk\/en_us\/wp-json\/wp\/v2\/media?parent=4809"}],"wp:term":[{"taxonomy":"product_brand","embeddable":true,"href":"https:\/\/www.theglacstudio.dk\/en_us\/wp-json\/wp\/v2\/product_brand?post=4809"},{"taxonomy":"product_cat","embeddable":true,"href":"https:\/\/www.theglacstudio.dk\/en_us\/wp-json\/wp\/v2\/product_cat?post=4809"},{"taxonomy":"product_tag","embeddable":true,"href":"https:\/\/www.theglacstudio.dk\/en_us\/wp-json\/wp\/v2\/product_tag?post=4809"}],"curies":[{"name":"wp","href":"https:\/\/api.w.org\/{rel}","templated":true}]}}