{"id":4811,"date":"2022-09-24T02:17:38","date_gmt":"2022-09-24T02:17:38","guid":{"rendered":"https:\/\/www.theglacstudio.dk\/?post_type=product&#038;p=4811"},"modified":"2023-08-24T12:18:09","modified_gmt":"2023-08-24T12:18:09","slug":"mahaperiyava","status":"publish","type":"product","link":"https:\/\/www.theglacstudio.dk\/en_us\/shop\/private-art-commission\/mahaperiyava\/","title":{"rendered":"Mahaperiyava - A Journey on the Path of Justice (Prints)"},"content":{"rendered":"<p>Mahaperiyava &#8211; En rejse p\u00e5 retf\u00e6rdighedens vej\u00a0 &#8211; Denne olie p\u00e5 l\u00e6rred p\u00e5 80 x 100 cm viser den store Sage Mahaperiyava sammen med Bala Tripura Sundari, der sidder p\u00e5 sin lotusblomst og Iyappa swami, der sidder p\u00e5 sin tiger. Adi Shankaracharya, der f\u00f8rte denne vej til retf\u00e6rdighed, er i det \u00f8verste venstre hj\u00f8rne af maleriet<\/p>\n<p>Buy NFT (Etherium or Credit card payment) <a href=\"https:\/\/opensea.io\/collection\/mahaperiyava\" target=\"_blank\" rel=\"noopener\">https:\/\/opensea.io\/collection\/mahaperiyava<\/a><\/p>","protected":false},"excerpt":{"rendered":"<p>Mahaperiyava &#8211; Denne olie p\u00e5 l\u00e6rred p\u00e5 80 x 100 cm viser den store Sage Mahaperiyava sammen med Bala Tripura Sundari og Iyappa swami.<\/p>\n<p><strong>Prints available in USA, India and EU Countries<\/strong><\/p>","protected":false},"featured_media":6453,"comment_status":"open","ping_status":"closed","template":"","meta":{"_coblocks_attr":"","_coblocks_dimensions":"","_coblocks_responsive_height":"","_coblocks_accordion_ie_support":"","site-sidebar-layout":"default","site-content-layout":"default","ast-site-content-layout":"default","site-content-style":"default","site-sidebar-style":"default","ast-global-header-display":"","ast-banner-title-visibility":"","ast-main-header-display":"","ast-hfb-above-header-display":"","ast-hfb-below-header-display":"","ast-hfb-mobile-header-display":"","site-post-title":"","ast-breadcrumbs-content":"","ast-featured-img":"","footer-sml-layout":"","ast-disable-related-posts":"","theme-transparent-header-meta":"default","adv-header-id-meta":"","stick-header-meta":"","header-above-stick-meta":"","header-main-stick-meta":"","header-below-stick-meta":"","astra-migrate-meta-layouts":"set","ast-page-background-enabled":"default","ast-page-background-meta":{"desktop":{"background-color":"","background-image":"","background-repeat":"repeat","background-position":"center center","background-size":"auto","background-attachment":"scroll","background-type":"","background-media":"","overlay-type":"","overlay-color":"","overlay-opacity":"","overlay-gradient":""},"tablet":{"background-color":"","background-image":"","background-repeat":"repeat","background-position":"center center","background-size":"auto","background-attachment":"scroll","background-type":"","background-media":"","overlay-type":"","overlay-color":"","overlay-opacity":"","overlay-gradient":""},"mobile":{"background-color":"","background-image":"","background-repeat":"repeat","background-position":"center center","background-size":"auto","background-attachment":"scroll","background-type":"","background-media":"","overlay-type":"","overlay-color":"","overlay-opacity":"","overlay-gradient":""}},"ast-content-background-meta":{"desktop":{"background-color":"var(--ast-global-color-5)","background-image":"","background-repeat":"repeat","background-position":"center center","background-size":"auto","background-attachment":"scroll","background-type":"","background-media":"","overlay-type":"","overlay-color":"","overlay-opacity":"","overlay-gradient":""},"tablet":{"background-color":"var(--ast-global-color-5)","background-image":"","background-repeat":"repeat","background-position":"center center","background-size":"auto","background-attachment":"scroll","background-type":"","background-media":"","overlay-type":"","overlay-color":"","overlay-opacity":"","overlay-gradient":""},"mobile":{"background-color":"var(--ast-global-color-5)","background-image":"","background-repeat":"repeat","background-position":"center center","background-size":"auto","background-attachment":"scroll","background-type":"","background-media":"","overlay-type":"","overlay-color":"","overlay-opacity":"","overlay-gradient":""}}},"product_brand":[],"product_cat":[412,36],"product_tag":[83,81,73,168,86,87,82,74,80,122,166,167],"class_list":{"0":"post-4811","1":"product","2":"type-product","3":"status-publish","4":"has-post-thumbnail","6":"product_cat-private-art-commission","7":"product_cat-oil_on_canvas_prints","8":"product_tag-adi-shankaracharya","9":"product_tag-bala-tripura-sundari","10":"product_tag-buy-paintings","11":"product_tag-gomathi-siva-sankaran","12":"product_tag-indian-art","13":"product_tag-indisk-kunst","14":"product_tag-iyappa-swami","15":"product_tag-koebe-malerier","16":"product_tag-mahaperiyava","17":"product_tag-selling-original-oil-paintings-online","18":"product_tag-the-glac-studio","19":"product_tag-the-guiding-light-art-company","20":"desktop-align-left","21":"tablet-align-left","22":"mobile-align-left","24":"first","25":"instock","26":"taxable","27":"shipping-taxable","28":"purchasable","29":"product-type-variable"},"_links":{"self":[{"href":"https:\/\/www.theglacstudio.dk\/en_us\/wp-json\/wp\/v2\/product\/4811","targetHints":{"allow":["GET"]}}],"collection":[{"href":"https:\/\/www.theglacstudio.dk\/en_us\/wp-json\/wp\/v2\/product"}],"about":[{"href":"https:\/\/www.theglacstudio.dk\/en_us\/wp-json\/wp\/v2\/types\/product"}],"replies":[{"embeddable":true,"href":"https:\/\/www.theglacstudio.dk\/en_us\/wp-json\/wp\/v2\/comments?post=4811"}],"version-history":[{"count":2,"href":"https:\/\/www.theglacstudio.dk\/en_us\/wp-json\/wp\/v2\/product\/4811\/revisions"}],"predecessor-version":[{"id":7618,"href":"https:\/\/www.theglacstudio.dk\/en_us\/wp-json\/wp\/v2\/product\/4811\/revisions\/7618"}],"wp:featuredmedia":[{"embeddable":true,"href":"https:\/\/www.theglacstudio.dk\/en_us\/wp-json\/wp\/v2\/media\/6453"}],"wp:attachment":[{"href":"https:\/\/www.theglacstudio.dk\/en_us\/wp-json\/wp\/v2\/media?parent=4811"}],"wp:term":[{"taxonomy":"product_brand","embeddable":true,"href":"https:\/\/www.theglacstudio.dk\/en_us\/wp-json\/wp\/v2\/product_brand?post=4811"},{"taxonomy":"product_cat","embeddable":true,"href":"https:\/\/www.theglacstudio.dk\/en_us\/wp-json\/wp\/v2\/product_cat?post=4811"},{"taxonomy":"product_tag","embeddable":true,"href":"https:\/\/www.theglacstudio.dk\/en_us\/wp-json\/wp\/v2\/product_tag?post=4811"}],"curies":[{"name":"wp","href":"https:\/\/api.w.org\/{rel}","templated":true}]}}