{"id":8199,"date":"2024-04-11T09:01:45","date_gmt":"2024-04-11T09:01:45","guid":{"rendered":"https:\/\/www.theglacstudio.dk\/?post_type=product&#038;p=8199"},"modified":"2024-04-11T10:34:08","modified_gmt":"2024-04-11T10:34:08","slug":"adiparashakthi","status":"publish","type":"product","link":"https:\/\/www.theglacstudio.dk\/en_us\/shop\/oil_on_canvas_original\/adiparashakthi\/","title":{"rendered":"Den f\u00f8rste kvinde &#8211; Adiparashakthi fra Indien"},"content":{"rendered":"<h3>Den f\u00f8rste kvinde &#8211; Adiparashakthi fra Indien<\/h3>\n<p>Det 100 x 70 cm olie p\u00e5 l\u00e6rred viser den f\u00f8rste kvinde &#8211; gudinde Adiparashakthi fra Indien.<\/p>\n<p>Adiparashakhi er den oprindelige gudinde eller guddommelige moder &#8211; den h\u00f8jeste energi, der besidder al rigdom, al styrke, al ber\u00f8mmelse, al sk\u00f8nhed, al viden, al forsagelse og er universets skaber i hinduismen.<br \/>\nHun er den h\u00f8jeste gudinde, universets moder<\/p>\n<p>Hun holder Pasha, Ankusha og Trishula.<\/p>","protected":false},"excerpt":{"rendered":"<p>Den f\u00f8rste kvinde &#8211; Adiparashakthi fra Indien &#8211; Det 100 x 70 cm olie p\u00e5 l\u00e6rred viser den f\u00f8rste kvinde &#8211; gudinde Adiparashakthi fra Indien.<\/p>","protected":false},"featured_media":8200,"comment_status":"open","ping_status":"closed","template":"","meta":{"_coblocks_attr":"","_coblocks_dimensions":"","_coblocks_responsive_height":"","_coblocks_accordion_ie_support":"","site-sidebar-layout":"default","site-content-layout":"","ast-site-content-layout":"default","site-content-style":"default","site-sidebar-style":"default","ast-global-header-display":"","ast-banner-title-visibility":"","ast-main-header-display":"","ast-hfb-above-header-display":"","ast-hfb-below-header-display":"","ast-hfb-mobile-header-display":"","site-post-title":"","ast-breadcrumbs-content":"","ast-featured-img":"","footer-sml-layout":"","ast-disable-related-posts":"","theme-transparent-header-meta":"default","adv-header-id-meta":"","stick-header-meta":"","header-above-stick-meta":"","header-main-stick-meta":"","header-below-stick-meta":"","astra-migrate-meta-layouts":"set","ast-page-background-enabled":"default","ast-page-background-meta":{"desktop":{"background-color":"","background-image":"","background-repeat":"repeat","background-position":"center center","background-size":"auto","background-attachment":"scroll","background-type":"","background-media":"","overlay-type":"","overlay-color":"","overlay-opacity":"","overlay-gradient":""},"tablet":{"background-color":"","background-image":"","background-repeat":"repeat","background-position":"center center","background-size":"auto","background-attachment":"scroll","background-type":"","background-media":"","overlay-type":"","overlay-color":"","overlay-opacity":"","overlay-gradient":""},"mobile":{"background-color":"","background-image":"","background-repeat":"repeat","background-position":"center center","background-size":"auto","background-attachment":"scroll","background-type":"","background-media":"","overlay-type":"","overlay-color":"","overlay-opacity":"","overlay-gradient":""}},"ast-content-background-meta":{"desktop":{"background-color":"var(--ast-global-color-5)","background-image":"","background-repeat":"repeat","background-position":"center center","background-size":"auto","background-attachment":"scroll","background-type":"","background-media":"","overlay-type":"","overlay-color":"","overlay-opacity":"","overlay-gradient":""},"tablet":{"background-color":"var(--ast-global-color-5)","background-image":"","background-repeat":"repeat","background-position":"center center","background-size":"auto","background-attachment":"scroll","background-type":"","background-media":"","overlay-type":"","overlay-color":"","overlay-opacity":"","overlay-gradient":""},"mobile":{"background-color":"var(--ast-global-color-5)","background-image":"","background-repeat":"repeat","background-position":"center center","background-size":"auto","background-attachment":"scroll","background-type":"","background-media":"","overlay-type":"","overlay-color":"","overlay-opacity":"","overlay-gradient":""}}},"product_brand":[],"product_cat":[35],"product_tag":[],"class_list":{"0":"post-8199","1":"product","2":"type-product","3":"status-publish","4":"has-post-thumbnail","6":"product_cat-oil_on_canvas_original","7":"desktop-align-left","8":"tablet-align-left","9":"mobile-align-left","11":"first","12":"instock","13":"taxable","14":"shipping-taxable","15":"purchasable","16":"product-type-simple"},"_links":{"self":[{"href":"https:\/\/www.theglacstudio.dk\/en_us\/wp-json\/wp\/v2\/product\/8199","targetHints":{"allow":["GET"]}}],"collection":[{"href":"https:\/\/www.theglacstudio.dk\/en_us\/wp-json\/wp\/v2\/product"}],"about":[{"href":"https:\/\/www.theglacstudio.dk\/en_us\/wp-json\/wp\/v2\/types\/product"}],"replies":[{"embeddable":true,"href":"https:\/\/www.theglacstudio.dk\/en_us\/wp-json\/wp\/v2\/comments?post=8199"}],"version-history":[{"count":6,"href":"https:\/\/www.theglacstudio.dk\/en_us\/wp-json\/wp\/v2\/product\/8199\/revisions"}],"predecessor-version":[{"id":8206,"href":"https:\/\/www.theglacstudio.dk\/en_us\/wp-json\/wp\/v2\/product\/8199\/revisions\/8206"}],"wp:featuredmedia":[{"embeddable":true,"href":"https:\/\/www.theglacstudio.dk\/en_us\/wp-json\/wp\/v2\/media\/8200"}],"wp:attachment":[{"href":"https:\/\/www.theglacstudio.dk\/en_us\/wp-json\/wp\/v2\/media?parent=8199"}],"wp:term":[{"taxonomy":"product_brand","embeddable":true,"href":"https:\/\/www.theglacstudio.dk\/en_us\/wp-json\/wp\/v2\/product_brand?post=8199"},{"taxonomy":"product_cat","embeddable":true,"href":"https:\/\/www.theglacstudio.dk\/en_us\/wp-json\/wp\/v2\/product_cat?post=8199"},{"taxonomy":"product_tag","embeddable":true,"href":"https:\/\/www.theglacstudio.dk\/en_us\/wp-json\/wp\/v2\/product_tag?post=8199"}],"curies":[{"name":"wp","href":"https:\/\/api.w.org\/{rel}","templated":true}]}}