{"id":8333,"date":"2024-07-20T16:11:05","date_gmt":"2024-07-20T16:11:05","guid":{"rendered":"https:\/\/www.theglacstudio.dk\/?post_type=product&#038;p=8333"},"modified":"2024-07-20T16:21:36","modified_gmt":"2024-07-20T16:21:36","slug":"den-foerste-kvinde-nuwa-fra-kina","status":"publish","type":"product","link":"https:\/\/www.theglacstudio.dk\/en_us\/shop\/oil_on_canvas_original\/den-foerste-kvinde-nuwa-fra-kina\/","title":{"rendered":"The first woman - Nuwa from China"},"content":{"rendered":"<h3>The first woman - Nuwa from China<\/h3>\n<p>Det 70 x 100 cm olie p\u00e5 l\u00e6rred viser den f\u00f8rste kvinde &#8211; gudinde Nuwa fra Kina.<\/p>\n<p>&nbsp;<\/p>","protected":false},"excerpt":{"rendered":"<h3>The first woman - Nuwa from China. This 70 x 10 cm oil on canvas painting shows the first woman - Goddess Nuwa from China<\/h3>\n<p>&nbsp;<\/p>","protected":false},"featured_media":8334,"comment_status":"open","ping_status":"closed","template":"","meta":{"_coblocks_attr":"","_coblocks_dimensions":"","_coblocks_responsive_height":"","_coblocks_accordion_ie_support":"","site-sidebar-layout":"default","site-content-layout":"","ast-site-content-layout":"default","site-content-style":"default","site-sidebar-style":"default","ast-global-header-display":"","ast-banner-title-visibility":"","ast-main-header-display":"","ast-hfb-above-header-display":"","ast-hfb-below-header-display":"","ast-hfb-mobile-header-display":"","site-post-title":"","ast-breadcrumbs-content":"","ast-featured-img":"","footer-sml-layout":"","ast-disable-related-posts":"","theme-transparent-header-meta":"default","adv-header-id-meta":"","stick-header-meta":"","header-above-stick-meta":"","header-main-stick-meta":"","header-below-stick-meta":"","astra-migrate-meta-layouts":"set","ast-page-background-enabled":"default","ast-page-background-meta":{"desktop":{"background-color":"","background-image":"","background-repeat":"repeat","background-position":"center center","background-size":"auto","background-attachment":"scroll","background-type":"","background-media":"","overlay-type":"","overlay-color":"","overlay-opacity":"","overlay-gradient":""},"tablet":{"background-color":"","background-image":"","background-repeat":"repeat","background-position":"center center","background-size":"auto","background-attachment":"scroll","background-type":"","background-media":"","overlay-type":"","overlay-color":"","overlay-opacity":"","overlay-gradient":""},"mobile":{"background-color":"","background-image":"","background-repeat":"repeat","background-position":"center center","background-size":"auto","background-attachment":"scroll","background-type":"","background-media":"","overlay-type":"","overlay-color":"","overlay-opacity":"","overlay-gradient":""}},"ast-content-background-meta":{"desktop":{"background-color":"var(--ast-global-color-5)","background-image":"","background-repeat":"repeat","background-position":"center center","background-size":"auto","background-attachment":"scroll","background-type":"","background-media":"","overlay-type":"","overlay-color":"","overlay-opacity":"","overlay-gradient":""},"tablet":{"background-color":"var(--ast-global-color-5)","background-image":"","background-repeat":"repeat","background-position":"center center","background-size":"auto","background-attachment":"scroll","background-type":"","background-media":"","overlay-type":"","overlay-color":"","overlay-opacity":"","overlay-gradient":""},"mobile":{"background-color":"var(--ast-global-color-5)","background-image":"","background-repeat":"repeat","background-position":"center center","background-size":"auto","background-attachment":"scroll","background-type":"","background-media":"","overlay-type":"","overlay-color":"","overlay-opacity":"","overlay-gradient":""}}},"product_brand":[],"product_cat":[35],"product_tag":[],"class_list":{"0":"post-8333","1":"product","2":"type-product","3":"status-publish","4":"has-post-thumbnail","6":"product_cat-oil_on_canvas_original","7":"desktop-align-left","8":"tablet-align-left","9":"mobile-align-left","11":"first","12":"instock","13":"taxable","14":"shipping-taxable","15":"purchasable","16":"product-type-simple"},"_links":{"self":[{"href":"https:\/\/www.theglacstudio.dk\/en_us\/wp-json\/wp\/v2\/product\/8333","targetHints":{"allow":["GET"]}}],"collection":[{"href":"https:\/\/www.theglacstudio.dk\/en_us\/wp-json\/wp\/v2\/product"}],"about":[{"href":"https:\/\/www.theglacstudio.dk\/en_us\/wp-json\/wp\/v2\/types\/product"}],"replies":[{"embeddable":true,"href":"https:\/\/www.theglacstudio.dk\/en_us\/wp-json\/wp\/v2\/comments?post=8333"}],"version-history":[{"count":2,"href":"https:\/\/www.theglacstudio.dk\/en_us\/wp-json\/wp\/v2\/product\/8333\/revisions"}],"predecessor-version":[{"id":8336,"href":"https:\/\/www.theglacstudio.dk\/en_us\/wp-json\/wp\/v2\/product\/8333\/revisions\/8336"}],"wp:featuredmedia":[{"embeddable":true,"href":"https:\/\/www.theglacstudio.dk\/en_us\/wp-json\/wp\/v2\/media\/8334"}],"wp:attachment":[{"href":"https:\/\/www.theglacstudio.dk\/en_us\/wp-json\/wp\/v2\/media?parent=8333"}],"wp:term":[{"taxonomy":"product_brand","embeddable":true,"href":"https:\/\/www.theglacstudio.dk\/en_us\/wp-json\/wp\/v2\/product_brand?post=8333"},{"taxonomy":"product_cat","embeddable":true,"href":"https:\/\/www.theglacstudio.dk\/en_us\/wp-json\/wp\/v2\/product_cat?post=8333"},{"taxonomy":"product_tag","embeddable":true,"href":"https:\/\/www.theglacstudio.dk\/en_us\/wp-json\/wp\/v2\/product_tag?post=8333"}],"curies":[{"name":"wp","href":"https:\/\/api.w.org\/{rel}","templated":true}]}}